{"id":9146,"date":"2021-09-24T10:33:37","date_gmt":"2021-09-24T08:33:37","guid":{"rendered":"https:\/\/quint.cc\/famcp\/?page_id=9146"},"modified":"2023-11-08T13:40:39","modified_gmt":"2023-11-08T12:40:39","slug":"migracion-y-nuevos-pobladores","status":"publish","type":"page","link":"https:\/\/quint.cc\/famcp\/migracion-y-nuevos-pobladores\/","title":{"rendered":"Migraci\u00f3n y nuevos pobladores"},"content":{"rendered":"<div class=\"wpb-content-wrapper\"><p>[vc_row][vc_column][vc_column_text]<\/p>\n<p style=\"text-align: center;\">Colabora en la lucha contra la despoblaci\u00f3n del medio rural aragon\u00e9s poniendo en contacto a los ayuntamientos de municipios con problemas de despoblaci\u00f3n y a las personas, nacionales o extranjeras, que desean instalarse y desarrollar su actividad laboral en localidades aragonesas.<\/p>\n<p style=\"text-align: center;\">Tel\u00e9fono de contacto: <strong><a href=\"tel:+34 976 20 3101\">+34 976 203 101<\/a><\/strong><\/p>\n<p>\u00a0[\/vc_column_text][\/vc_column][\/vc_row]<\/p>\n<\/div>","protected":false},"excerpt":{"rendered":"<p>[vc_row][vc_column][vc_column_text] Colabora en la lucha contra la despoblaci\u00f3n del medio rural aragon\u00e9s poniendo en contacto a los ayuntamientos de municipios con problemas de despoblaci\u00f3n y a las personas, nacionales o extranjeras, que desean instalarse y desarrollar su actividad laboral en localidades aragonesas. Tel\u00e9fono de contacto: +34 976 203 101 \u00a0[\/vc_column_text][\/vc_column][\/vc_row]<\/p>\n","protected":false},"author":6,"featured_media":0,"parent":0,"menu_order":0,"comment_status":"closed","ping_status":"closed","template":"","meta":{"footnotes":""},"class_list":["post-9146","page","type-page","status-publish","hentry","description-off"],"yoast_head":"<!-- This site is optimized with the Yoast SEO plugin v25.6 - https:\/\/yoast.com\/wordpress\/plugins\/seo\/ -->\n<title>Migraci\u00f3n y nuevos pobladores - FAMCP<\/title>\n<meta name=\"robots\" content=\"index, follow, max-snippet:-1, max-image-preview:large, max-video-preview:-1\" \/>\n<link rel=\"canonical\" href=\"https:\/\/quint.cc\/famcp\/migracion-y-nuevos-pobladores\/\" \/>\n<meta property=\"og:locale\" content=\"es_ES\" \/>\n<meta property=\"og:type\" content=\"article\" \/>\n<meta property=\"og:title\" content=\"Migraci\u00f3n y nuevos pobladores - FAMCP\" \/>\n<meta property=\"og:description\" content=\"[vc_row][vc_column][vc_column_text] Colabora en la lucha contra la despoblaci\u00f3n del medio rural aragon\u00e9s poniendo en contacto a los ayuntamientos de municipios con problemas de despoblaci\u00f3n y a las personas, nacionales o extranjeras, que desean instalarse y desarrollar su actividad laboral en localidades aragonesas. Tel\u00e9fono de contacto: +34 976 203 101 \u00a0[\/vc_column_text][\/vc_column][\/vc_row]\" \/>\n<meta property=\"og:url\" content=\"https:\/\/quint.cc\/famcp\/migracion-y-nuevos-pobladores\/\" \/>\n<meta property=\"og:site_name\" content=\"FAMCP\" \/>\n<meta property=\"article:modified_time\" content=\"2023-11-08T12:40:39+00:00\" \/>\n<meta property=\"og:image\" content=\"https:\/\/quint.cc\/famcp\/wp-content\/uploads\/FAMCP_horizontal__1_-removebg-preview-e1740077331491.png\" \/>\n\t<meta property=\"og:image:width\" content=\"300\" \/>\n\t<meta property=\"og:image:height\" content=\"109\" \/>\n\t<meta property=\"og:image:type\" content=\"image\/png\" \/>\n<meta name=\"twitter:card\" content=\"summary_large_image\" \/>\n<meta name=\"twitter:label1\" content=\"Tiempo de lectura\" \/>\n\t<meta name=\"twitter:data1\" content=\"1 minuto\" \/>\n<script type=\"application\/ld+json\" class=\"yoast-schema-graph\">{\"@context\":\"https:\/\/schema.org\",\"@graph\":[{\"@type\":\"WebPage\",\"@id\":\"https:\/\/quint.cc\/famcp\/migracion-y-nuevos-pobladores\/\",\"url\":\"https:\/\/quint.cc\/famcp\/migracion-y-nuevos-pobladores\/\",\"name\":\"Migraci\u00f3n y nuevos pobladores - FAMCP\",\"isPartOf\":{\"@id\":\"https:\/\/quint.cc\/famcp\/#website\"},\"datePublished\":\"2021-09-24T08:33:37+00:00\",\"dateModified\":\"2023-11-08T12:40:39+00:00\",\"breadcrumb\":{\"@id\":\"https:\/\/quint.cc\/famcp\/migracion-y-nuevos-pobladores\/#breadcrumb\"},\"inLanguage\":\"es\",\"potentialAction\":[{\"@type\":\"ReadAction\",\"target\":[\"https:\/\/quint.cc\/famcp\/migracion-y-nuevos-pobladores\/\"]}]},{\"@type\":\"BreadcrumbList\",\"@id\":\"https:\/\/quint.cc\/famcp\/migracion-y-nuevos-pobladores\/#breadcrumb\",\"itemListElement\":[{\"@type\":\"ListItem\",\"position\":1,\"name\":\"Portada\",\"item\":\"https:\/\/quint.cc\/famcp\/\"},{\"@type\":\"ListItem\",\"position\":2,\"name\":\"Migraci\u00f3n y nuevos pobladores\"}]},{\"@type\":\"WebSite\",\"@id\":\"https:\/\/quint.cc\/famcp\/#website\",\"url\":\"https:\/\/quint.cc\/famcp\/\",\"name\":\"FAMCP\",\"description\":\"Federaci\u00f3n Aragonesa de Municipios, Comarcas y Provincias\",\"potentialAction\":[{\"@type\":\"SearchAction\",\"target\":{\"@type\":\"EntryPoint\",\"urlTemplate\":\"https:\/\/quint.cc\/famcp\/?s={search_term_string}\"},\"query-input\":{\"@type\":\"PropertyValueSpecification\",\"valueRequired\":true,\"valueName\":\"search_term_string\"}}],\"inLanguage\":\"es\"}]}<\/script>\n<!-- \/ Yoast SEO plugin. -->","yoast_head_json":{"title":"Migraci\u00f3n y nuevos pobladores - FAMCP","robots":{"index":"index","follow":"follow","max-snippet":"max-snippet:-1","max-image-preview":"max-image-preview:large","max-video-preview":"max-video-preview:-1"},"canonical":"https:\/\/quint.cc\/famcp\/migracion-y-nuevos-pobladores\/","og_locale":"es_ES","og_type":"article","og_title":"Migraci\u00f3n y nuevos pobladores - FAMCP","og_description":"[vc_row][vc_column][vc_column_text] Colabora en la lucha contra la despoblaci\u00f3n del medio rural aragon\u00e9s poniendo en contacto a los ayuntamientos de municipios con problemas de despoblaci\u00f3n y a las personas, nacionales o extranjeras, que desean instalarse y desarrollar su actividad laboral en localidades aragonesas. Tel\u00e9fono de contacto: +34 976 203 101 \u00a0[\/vc_column_text][\/vc_column][\/vc_row]","og_url":"https:\/\/quint.cc\/famcp\/migracion-y-nuevos-pobladores\/","og_site_name":"FAMCP","article_modified_time":"2023-11-08T12:40:39+00:00","og_image":[{"width":300,"height":109,"url":"https:\/\/quint.cc\/famcp\/wp-content\/uploads\/FAMCP_horizontal__1_-removebg-preview-e1740077331491.png","type":"image\/png"}],"twitter_card":"summary_large_image","twitter_misc":{"Tiempo de lectura":"1 minuto"},"schema":{"@context":"https:\/\/schema.org","@graph":[{"@type":"WebPage","@id":"https:\/\/quint.cc\/famcp\/migracion-y-nuevos-pobladores\/","url":"https:\/\/quint.cc\/famcp\/migracion-y-nuevos-pobladores\/","name":"Migraci\u00f3n y nuevos pobladores - FAMCP","isPartOf":{"@id":"https:\/\/quint.cc\/famcp\/#website"},"datePublished":"2021-09-24T08:33:37+00:00","dateModified":"2023-11-08T12:40:39+00:00","breadcrumb":{"@id":"https:\/\/quint.cc\/famcp\/migracion-y-nuevos-pobladores\/#breadcrumb"},"inLanguage":"es","potentialAction":[{"@type":"ReadAction","target":["https:\/\/quint.cc\/famcp\/migracion-y-nuevos-pobladores\/"]}]},{"@type":"BreadcrumbList","@id":"https:\/\/quint.cc\/famcp\/migracion-y-nuevos-pobladores\/#breadcrumb","itemListElement":[{"@type":"ListItem","position":1,"name":"Portada","item":"https:\/\/quint.cc\/famcp\/"},{"@type":"ListItem","position":2,"name":"Migraci\u00f3n y nuevos pobladores"}]},{"@type":"WebSite","@id":"https:\/\/quint.cc\/famcp\/#website","url":"https:\/\/quint.cc\/famcp\/","name":"FAMCP","description":"Federaci\u00f3n Aragonesa de Municipios, Comarcas y Provincias","potentialAction":[{"@type":"SearchAction","target":{"@type":"EntryPoint","urlTemplate":"https:\/\/quint.cc\/famcp\/?s={search_term_string}"},"query-input":{"@type":"PropertyValueSpecification","valueRequired":true,"valueName":"search_term_string"}}],"inLanguage":"es"}]}},"_links":{"self":[{"href":"https:\/\/quint.cc\/famcp\/wp-json\/wp\/v2\/pages\/9146","targetHints":{"allow":["GET"]}}],"collection":[{"href":"https:\/\/quint.cc\/famcp\/wp-json\/wp\/v2\/pages"}],"about":[{"href":"https:\/\/quint.cc\/famcp\/wp-json\/wp\/v2\/types\/page"}],"author":[{"embeddable":true,"href":"https:\/\/quint.cc\/famcp\/wp-json\/wp\/v2\/users\/6"}],"replies":[{"embeddable":true,"href":"https:\/\/quint.cc\/famcp\/wp-json\/wp\/v2\/comments?post=9146"}],"version-history":[{"count":3,"href":"https:\/\/quint.cc\/famcp\/wp-json\/wp\/v2\/pages\/9146\/revisions"}],"predecessor-version":[{"id":15141,"href":"https:\/\/quint.cc\/famcp\/wp-json\/wp\/v2\/pages\/9146\/revisions\/15141"}],"wp:attachment":[{"href":"https:\/\/quint.cc\/famcp\/wp-json\/wp\/v2\/media?parent=9146"}],"curies":[{"name":"wp","href":"https:\/\/api.w.org\/{rel}","templated":true}]}}