{"id":9070,"date":"2021-09-16T17:34:28","date_gmt":"2021-09-16T15:34:28","guid":{"rendered":"https:\/\/quint.cc\/famcp\/?page_id=9070"},"modified":"2023-06-07T10:16:55","modified_gmt":"2023-06-07T08:16:55","slug":"planes-de-formacion","status":"publish","type":"page","link":"https:\/\/quint.cc\/famcp\/planes-de-formacion\/","title":{"rendered":"Planes de formaci\u00f3n"},"content":{"rendered":"<div class=\"wpb-content-wrapper\"><p>[vc_row][vc_column][vc_column_text]<\/p>\n<p style=\"font-weight: 400; text-align: center;\">Gestiona los cursos del Plan de Formaci\u00f3n para el Empleo de las Administraciones P\u00fablicas subvencionado por el Gobierno de Arag\u00f3n<\/p>\n<p style=\"font-weight: 400; text-align: center;\">y dirigido a los empleados de las entidades locales aragonesas.<\/p>\n<p>&nbsp;<\/p>\n<p style=\"text-align: center;\">Para acceder al Portal de Formaci\u00f3n de la FAMCP puedes pinchar <a href=\"http:\/\/cursos.famcp.es\"><strong>aqu\u00ed<\/strong><\/a><\/p>\n<p>&nbsp;<\/p>\n<p style=\"font-weight: 400; text-align: center;\">Tambi\u00e9n organiza y desarrolla jornadas y seminarios.<\/p>\n<p>&nbsp;<\/p>\n<p style=\"font-weight: 400; text-align: center;\">Responsable del Departamento:\u00a0<strong>Rosaura Bascar\u00e1n<\/strong><\/p>\n<p style=\"font-weight: 400; text-align: center;\">Tel\u00e9fonos de contacto: <a href=\"tel:Gestiona los cursos del Plan de Formaci\u00f3n Continua para la Administraci\u00f3n Local de Arag\u00f3n en colaboraci\u00f3n con los sindicatos CCOO, CSI-F y UGT, dirigidos a los empleados de las entidades locales. Tambi\u00e9n organiza y desarrolla jornadas y seminarios. Responsable del Departamento: Rosaura Bascar\u00e1n Tel\u00e9fonos de contacto: 976 20 31 03 Fax: 976 20 3 2 03 Correo electr\u00f3nico: rosaura@famcp.org \u00a1\"><strong>+34 976 20 31 03<\/strong><\/a><\/p>\n<p style=\"font-weight: 400; text-align: center;\">Fax: <strong><a href=\"tel:+34976203203\">+34 976 20 32 03<\/a><\/strong><\/p>\n<p style=\"font-weight: 400; text-align: center;\">Correo electr\u00f3nico:\u00a0<strong><a href=\"mailto:rosaura@famcp.org\">rosaura@famcp.org<\/a><\/strong><\/p>\n<p>[\/vc_column_text][\/vc_column][\/vc_row]<\/p>\n<\/div>","protected":false},"excerpt":{"rendered":"<p>[vc_row][vc_column][vc_column_text] Gestiona los cursos del Plan de Formaci\u00f3n para el Empleo de las Administraciones P\u00fablicas subvencionado por el Gobierno de Arag\u00f3n y dirigido a los empleados de las entidades locales aragonesas. &nbsp; Para acceder al Portal de Formaci\u00f3n de la FAMCP puedes pinchar aqu\u00ed &nbsp; Tambi\u00e9n organiza y desarrolla jornadas y seminarios. &nbsp; Responsable del&hellip;<\/p>\n","protected":false},"author":6,"featured_media":0,"parent":0,"menu_order":0,"comment_status":"closed","ping_status":"closed","template":"","meta":{"footnotes":""},"class_list":["post-9070","page","type-page","status-publish","hentry","description-off"],"yoast_head":"<!-- This site is optimized with the Yoast SEO plugin v25.6 - https:\/\/yoast.com\/wordpress\/plugins\/seo\/ -->\n<title>Planes de formaci\u00f3n - FAMCP<\/title>\n<meta name=\"robots\" content=\"index, follow, max-snippet:-1, max-image-preview:large, max-video-preview:-1\" \/>\n<link rel=\"canonical\" href=\"https:\/\/quint.cc\/famcp\/planes-de-formacion\/\" \/>\n<meta property=\"og:locale\" content=\"es_ES\" \/>\n<meta property=\"og:type\" content=\"article\" \/>\n<meta property=\"og:title\" content=\"Planes de formaci\u00f3n - FAMCP\" \/>\n<meta property=\"og:description\" content=\"[vc_row][vc_column][vc_column_text] Gestiona los cursos del Plan de Formaci\u00f3n para el Empleo de las Administraciones P\u00fablicas subvencionado por el Gobierno de Arag\u00f3n y dirigido a los empleados de las entidades locales aragonesas. &nbsp; Para acceder al Portal de Formaci\u00f3n de la FAMCP puedes pinchar aqu\u00ed &nbsp; Tambi\u00e9n organiza y desarrolla jornadas y seminarios. &nbsp; Responsable del&hellip;\" \/>\n<meta property=\"og:url\" content=\"https:\/\/quint.cc\/famcp\/planes-de-formacion\/\" \/>\n<meta property=\"og:site_name\" content=\"FAMCP\" \/>\n<meta property=\"article:modified_time\" content=\"2023-06-07T08:16:55+00:00\" \/>\n<meta property=\"og:image\" content=\"https:\/\/quint.cc\/famcp\/wp-content\/uploads\/FAMCP_horizontal__1_-removebg-preview-e1740077331491.png\" \/>\n\t<meta property=\"og:image:width\" content=\"300\" \/>\n\t<meta property=\"og:image:height\" content=\"109\" \/>\n\t<meta property=\"og:image:type\" content=\"image\/png\" \/>\n<meta name=\"twitter:card\" content=\"summary_large_image\" \/>\n<meta name=\"twitter:label1\" content=\"Tiempo de lectura\" \/>\n\t<meta name=\"twitter:data1\" content=\"1 minuto\" \/>\n<script type=\"application\/ld+json\" class=\"yoast-schema-graph\">{\"@context\":\"https:\/\/schema.org\",\"@graph\":[{\"@type\":\"WebPage\",\"@id\":\"https:\/\/quint.cc\/famcp\/planes-de-formacion\/\",\"url\":\"https:\/\/quint.cc\/famcp\/planes-de-formacion\/\",\"name\":\"Planes de formaci\u00f3n - FAMCP\",\"isPartOf\":{\"@id\":\"https:\/\/quint.cc\/famcp\/#website\"},\"datePublished\":\"2021-09-16T15:34:28+00:00\",\"dateModified\":\"2023-06-07T08:16:55+00:00\",\"breadcrumb\":{\"@id\":\"https:\/\/quint.cc\/famcp\/planes-de-formacion\/#breadcrumb\"},\"inLanguage\":\"es\",\"potentialAction\":[{\"@type\":\"ReadAction\",\"target\":[\"https:\/\/quint.cc\/famcp\/planes-de-formacion\/\"]}]},{\"@type\":\"BreadcrumbList\",\"@id\":\"https:\/\/quint.cc\/famcp\/planes-de-formacion\/#breadcrumb\",\"itemListElement\":[{\"@type\":\"ListItem\",\"position\":1,\"name\":\"Portada\",\"item\":\"https:\/\/quint.cc\/famcp\/\"},{\"@type\":\"ListItem\",\"position\":2,\"name\":\"Planes de formaci\u00f3n\"}]},{\"@type\":\"WebSite\",\"@id\":\"https:\/\/quint.cc\/famcp\/#website\",\"url\":\"https:\/\/quint.cc\/famcp\/\",\"name\":\"FAMCP\",\"description\":\"Federaci\u00f3n Aragonesa de Municipios, Comarcas y Provincias\",\"potentialAction\":[{\"@type\":\"SearchAction\",\"target\":{\"@type\":\"EntryPoint\",\"urlTemplate\":\"https:\/\/quint.cc\/famcp\/?s={search_term_string}\"},\"query-input\":{\"@type\":\"PropertyValueSpecification\",\"valueRequired\":true,\"valueName\":\"search_term_string\"}}],\"inLanguage\":\"es\"}]}<\/script>\n<!-- \/ Yoast SEO plugin. -->","yoast_head_json":{"title":"Planes de formaci\u00f3n - FAMCP","robots":{"index":"index","follow":"follow","max-snippet":"max-snippet:-1","max-image-preview":"max-image-preview:large","max-video-preview":"max-video-preview:-1"},"canonical":"https:\/\/quint.cc\/famcp\/planes-de-formacion\/","og_locale":"es_ES","og_type":"article","og_title":"Planes de formaci\u00f3n - FAMCP","og_description":"[vc_row][vc_column][vc_column_text] Gestiona los cursos del Plan de Formaci\u00f3n para el Empleo de las Administraciones P\u00fablicas subvencionado por el Gobierno de Arag\u00f3n y dirigido a los empleados de las entidades locales aragonesas. &nbsp; Para acceder al Portal de Formaci\u00f3n de la FAMCP puedes pinchar aqu\u00ed &nbsp; Tambi\u00e9n organiza y desarrolla jornadas y seminarios. &nbsp; Responsable del&hellip;","og_url":"https:\/\/quint.cc\/famcp\/planes-de-formacion\/","og_site_name":"FAMCP","article_modified_time":"2023-06-07T08:16:55+00:00","og_image":[{"width":300,"height":109,"url":"https:\/\/quint.cc\/famcp\/wp-content\/uploads\/FAMCP_horizontal__1_-removebg-preview-e1740077331491.png","type":"image\/png"}],"twitter_card":"summary_large_image","twitter_misc":{"Tiempo de lectura":"1 minuto"},"schema":{"@context":"https:\/\/schema.org","@graph":[{"@type":"WebPage","@id":"https:\/\/quint.cc\/famcp\/planes-de-formacion\/","url":"https:\/\/quint.cc\/famcp\/planes-de-formacion\/","name":"Planes de formaci\u00f3n - FAMCP","isPartOf":{"@id":"https:\/\/quint.cc\/famcp\/#website"},"datePublished":"2021-09-16T15:34:28+00:00","dateModified":"2023-06-07T08:16:55+00:00","breadcrumb":{"@id":"https:\/\/quint.cc\/famcp\/planes-de-formacion\/#breadcrumb"},"inLanguage":"es","potentialAction":[{"@type":"ReadAction","target":["https:\/\/quint.cc\/famcp\/planes-de-formacion\/"]}]},{"@type":"BreadcrumbList","@id":"https:\/\/quint.cc\/famcp\/planes-de-formacion\/#breadcrumb","itemListElement":[{"@type":"ListItem","position":1,"name":"Portada","item":"https:\/\/quint.cc\/famcp\/"},{"@type":"ListItem","position":2,"name":"Planes de formaci\u00f3n"}]},{"@type":"WebSite","@id":"https:\/\/quint.cc\/famcp\/#website","url":"https:\/\/quint.cc\/famcp\/","name":"FAMCP","description":"Federaci\u00f3n Aragonesa de Municipios, Comarcas y Provincias","potentialAction":[{"@type":"SearchAction","target":{"@type":"EntryPoint","urlTemplate":"https:\/\/quint.cc\/famcp\/?s={search_term_string}"},"query-input":{"@type":"PropertyValueSpecification","valueRequired":true,"valueName":"search_term_string"}}],"inLanguage":"es"}]}},"_links":{"self":[{"href":"https:\/\/quint.cc\/famcp\/wp-json\/wp\/v2\/pages\/9070","targetHints":{"allow":["GET"]}}],"collection":[{"href":"https:\/\/quint.cc\/famcp\/wp-json\/wp\/v2\/pages"}],"about":[{"href":"https:\/\/quint.cc\/famcp\/wp-json\/wp\/v2\/types\/page"}],"author":[{"embeddable":true,"href":"https:\/\/quint.cc\/famcp\/wp-json\/wp\/v2\/users\/6"}],"replies":[{"embeddable":true,"href":"https:\/\/quint.cc\/famcp\/wp-json\/wp\/v2\/comments?post=9070"}],"version-history":[{"count":7,"href":"https:\/\/quint.cc\/famcp\/wp-json\/wp\/v2\/pages\/9070\/revisions"}],"predecessor-version":[{"id":14338,"href":"https:\/\/quint.cc\/famcp\/wp-json\/wp\/v2\/pages\/9070\/revisions\/14338"}],"wp:attachment":[{"href":"https:\/\/quint.cc\/famcp\/wp-json\/wp\/v2\/media?parent=9070"}],"curies":[{"name":"wp","href":"https:\/\/api.w.org\/{rel}","templated":true}]}}