{"id":8954,"date":"2021-05-25T09:04:10","date_gmt":"2021-05-25T07:04:10","guid":{"rendered":"https:\/\/quint.cc\/famcp\/?page_id=8954"},"modified":"2025-02-27T14:53:48","modified_gmt":"2025-02-27T13:53:48","slug":"red-aragonesa-de-entidades-locales-para-la-agenda-2030","status":"publish","type":"page","link":"https:\/\/quint.cc\/famcp\/red-aragonesa-de-entidades-locales-para-la-agenda-2030\/","title":{"rendered":"Red Aragonesa de Entidades Locales para la Agenda 2030"},"content":{"rendered":"<div class=\"wpb-content-wrapper\"><p>[vc_row][vc_column][vc_column_text]<\/p>\n<p style=\"text-align: justify;\">La\u00a0<strong>Red Aragonesa de Entidades Locales para la Agenda 2030<\/strong>\u00a0es una iniciativa conjunta del Gobierno de Arag\u00f3n y la <strong>Federaci\u00f3n Aragonesa de Municipios, Comarcas y Provincias (FAMCP).<\/strong><\/p>\n<p style=\"text-align: justify;\">El principal objetivo de la Red es el de promover la coordinaci\u00f3n de actuaciones entre los Gobiernos Locales, para alcanzar mejores resultados en la implementaci\u00f3n de la <strong>Agenda 2030<\/strong> en los municipios, comarcas y provincias de Arag\u00f3n, a trav\u00e9s de la localizaci\u00f3n y el desarrollo de los ODS en el \u00e1mbito local.<\/p>\n<p>[\/vc_column_text][\/vc_column][\/vc_row][vc_row][vc_column width=\u00bb1\/2&#8243;][vc_column_text]<\/p>\n<h3>Objetivos<\/h3>\n<p>[\/vc_column_text][vc_row_inner][vc_column_inner width=\u00bb1\/4&#8243;][vc_single_image image=\u00bb18510&#8243; css=\u00bb\u00bb][\/vc_column_inner][vc_column_inner width=\u00bb3\/4&#8243;][vc_column_text css=\u00bb\u00bb]Ofrecer servicios de asesoramiento, asistencia, formaci\u00f3n y cooperaci\u00f3n entre las autoridades de las Entidades Locales[\/vc_column_text][\/vc_column_inner][\/vc_row_inner][vc_row_inner][vc_column_inner width=\u00bb1\/4&#8243;][vc_single_image image=\u00bb18511&#8243; css=\u00bb\u00bb][\/vc_column_inner][vc_column_inner width=\u00bb3\/4&#8243;][vc_column_text css=\u00bb\u00bb]Actuar como foro de intercambio y experiencias entre los Gobiernos Locales que integran la Red[\/vc_column_text][\/vc_column_inner][\/vc_row_inner][vc_row_inner][vc_column_inner width=\u00bb1\/4&#8243;][vc_single_image image=\u00bb18512&#8243; css=\u00bb\u00bb][\/vc_column_inner][vc_column_inner width=\u00bb3\/4&#8243;][vc_column_text css=\u00bb\u00bb]Proteger los intereses comunes de las entidades locales asociadas ante las instancias pol\u00edticas y administrativas a nivel auton\u00f3mico, nacional y europeo[\/vc_column_text][\/vc_column_inner][\/vc_row_inner][\/vc_column][vc_column width=\u00bb1\/2&#8243;][vc_column_text]<\/p>\n<h3>Enlaces de Inter\u00e9s<\/h3>\n<p>[\/vc_column_text][vc_column_text css=\u00bb\u00bb]<a href=\"https:\/\/redaragonesaagenda2030.es\/\">https:\/\/redaragonesaagenda2030.es\/<\/a>[\/vc_column_text][vc_single_image image=\u00bb18513&#8243; img_size=\u00bbfull\u00bb alignment=\u00bbcenter\u00bb css=\u00bb\u00bb][\/vc_column][\/vc_row]<\/p>\n<\/div>","protected":false},"excerpt":{"rendered":"<p>[vc_row][vc_column][vc_column_text] La\u00a0Red Aragonesa de Entidades Locales para la Agenda 2030\u00a0es una iniciativa conjunta del Gobierno de Arag\u00f3n y la Federaci\u00f3n Aragonesa de Municipios, Comarcas y Provincias (FAMCP). El principal objetivo de la Red es el de promover la coordinaci\u00f3n de actuaciones entre los Gobiernos Locales, para alcanzar mejores resultados en la implementaci\u00f3n de la Agenda&hellip;<\/p>\n","protected":false},"author":6,"featured_media":0,"parent":0,"menu_order":0,"comment_status":"closed","ping_status":"closed","template":"","meta":{"footnotes":""},"class_list":["post-8954","page","type-page","status-publish","hentry","description-off"],"yoast_head":"<!-- This site is optimized with the Yoast SEO plugin v25.6 - https:\/\/yoast.com\/wordpress\/plugins\/seo\/ -->\n<title>Red Aragonesa de Entidades Locales para la Agenda 2030 - FAMCP<\/title>\n<meta name=\"robots\" content=\"index, follow, max-snippet:-1, max-image-preview:large, max-video-preview:-1\" \/>\n<link rel=\"canonical\" href=\"https:\/\/quint.cc\/famcp\/red-aragonesa-de-entidades-locales-para-la-agenda-2030\/\" \/>\n<meta property=\"og:locale\" content=\"es_ES\" \/>\n<meta property=\"og:type\" content=\"article\" \/>\n<meta property=\"og:title\" content=\"Red Aragonesa de Entidades Locales para la Agenda 2030 - FAMCP\" \/>\n<meta property=\"og:description\" content=\"[vc_row][vc_column][vc_column_text] La\u00a0Red Aragonesa de Entidades Locales para la Agenda 2030\u00a0es una iniciativa conjunta del Gobierno de Arag\u00f3n y la Federaci\u00f3n Aragonesa de Municipios, Comarcas y Provincias (FAMCP). El principal objetivo de la Red es el de promover la coordinaci\u00f3n de actuaciones entre los Gobiernos Locales, para alcanzar mejores resultados en la implementaci\u00f3n de la Agenda&hellip;\" \/>\n<meta property=\"og:url\" content=\"https:\/\/quint.cc\/famcp\/red-aragonesa-de-entidades-locales-para-la-agenda-2030\/\" \/>\n<meta property=\"og:site_name\" content=\"FAMCP\" \/>\n<meta property=\"article:modified_time\" content=\"2025-02-27T13:53:48+00:00\" \/>\n<meta property=\"og:image\" content=\"https:\/\/quint.cc\/famcp\/wp-content\/uploads\/FAMCP_horizontal__1_-removebg-preview-e1740077331491.png\" \/>\n\t<meta property=\"og:image:width\" content=\"300\" \/>\n\t<meta property=\"og:image:height\" content=\"109\" \/>\n\t<meta property=\"og:image:type\" content=\"image\/png\" \/>\n<meta name=\"twitter:card\" content=\"summary_large_image\" \/>\n<meta name=\"twitter:label1\" content=\"Tiempo de lectura\" \/>\n\t<meta name=\"twitter:data1\" content=\"2 minutos\" \/>\n<script type=\"application\/ld+json\" class=\"yoast-schema-graph\">{\"@context\":\"https:\/\/schema.org\",\"@graph\":[{\"@type\":\"WebPage\",\"@id\":\"https:\/\/quint.cc\/famcp\/red-aragonesa-de-entidades-locales-para-la-agenda-2030\/\",\"url\":\"https:\/\/quint.cc\/famcp\/red-aragonesa-de-entidades-locales-para-la-agenda-2030\/\",\"name\":\"Red Aragonesa de Entidades Locales para la Agenda 2030 - FAMCP\",\"isPartOf\":{\"@id\":\"https:\/\/quint.cc\/famcp\/#website\"},\"datePublished\":\"2021-05-25T07:04:10+00:00\",\"dateModified\":\"2025-02-27T13:53:48+00:00\",\"breadcrumb\":{\"@id\":\"https:\/\/quint.cc\/famcp\/red-aragonesa-de-entidades-locales-para-la-agenda-2030\/#breadcrumb\"},\"inLanguage\":\"es\",\"potentialAction\":[{\"@type\":\"ReadAction\",\"target\":[\"https:\/\/quint.cc\/famcp\/red-aragonesa-de-entidades-locales-para-la-agenda-2030\/\"]}]},{\"@type\":\"BreadcrumbList\",\"@id\":\"https:\/\/quint.cc\/famcp\/red-aragonesa-de-entidades-locales-para-la-agenda-2030\/#breadcrumb\",\"itemListElement\":[{\"@type\":\"ListItem\",\"position\":1,\"name\":\"Portada\",\"item\":\"https:\/\/quint.cc\/famcp\/\"},{\"@type\":\"ListItem\",\"position\":2,\"name\":\"Red Aragonesa de Entidades Locales para la Agenda 2030\"}]},{\"@type\":\"WebSite\",\"@id\":\"https:\/\/quint.cc\/famcp\/#website\",\"url\":\"https:\/\/quint.cc\/famcp\/\",\"name\":\"FAMCP\",\"description\":\"Federaci\u00f3n Aragonesa de Municipios, Comarcas y Provincias\",\"potentialAction\":[{\"@type\":\"SearchAction\",\"target\":{\"@type\":\"EntryPoint\",\"urlTemplate\":\"https:\/\/quint.cc\/famcp\/?s={search_term_string}\"},\"query-input\":{\"@type\":\"PropertyValueSpecification\",\"valueRequired\":true,\"valueName\":\"search_term_string\"}}],\"inLanguage\":\"es\"}]}<\/script>\n<!-- \/ Yoast SEO plugin. -->","yoast_head_json":{"title":"Red Aragonesa de Entidades Locales para la Agenda 2030 - FAMCP","robots":{"index":"index","follow":"follow","max-snippet":"max-snippet:-1","max-image-preview":"max-image-preview:large","max-video-preview":"max-video-preview:-1"},"canonical":"https:\/\/quint.cc\/famcp\/red-aragonesa-de-entidades-locales-para-la-agenda-2030\/","og_locale":"es_ES","og_type":"article","og_title":"Red Aragonesa de Entidades Locales para la Agenda 2030 - FAMCP","og_description":"[vc_row][vc_column][vc_column_text] La\u00a0Red Aragonesa de Entidades Locales para la Agenda 2030\u00a0es una iniciativa conjunta del Gobierno de Arag\u00f3n y la Federaci\u00f3n Aragonesa de Municipios, Comarcas y Provincias (FAMCP). El principal objetivo de la Red es el de promover la coordinaci\u00f3n de actuaciones entre los Gobiernos Locales, para alcanzar mejores resultados en la implementaci\u00f3n de la Agenda&hellip;","og_url":"https:\/\/quint.cc\/famcp\/red-aragonesa-de-entidades-locales-para-la-agenda-2030\/","og_site_name":"FAMCP","article_modified_time":"2025-02-27T13:53:48+00:00","og_image":[{"width":300,"height":109,"url":"https:\/\/quint.cc\/famcp\/wp-content\/uploads\/FAMCP_horizontal__1_-removebg-preview-e1740077331491.png","type":"image\/png"}],"twitter_card":"summary_large_image","twitter_misc":{"Tiempo de lectura":"2 minutos"},"schema":{"@context":"https:\/\/schema.org","@graph":[{"@type":"WebPage","@id":"https:\/\/quint.cc\/famcp\/red-aragonesa-de-entidades-locales-para-la-agenda-2030\/","url":"https:\/\/quint.cc\/famcp\/red-aragonesa-de-entidades-locales-para-la-agenda-2030\/","name":"Red Aragonesa de Entidades Locales para la Agenda 2030 - FAMCP","isPartOf":{"@id":"https:\/\/quint.cc\/famcp\/#website"},"datePublished":"2021-05-25T07:04:10+00:00","dateModified":"2025-02-27T13:53:48+00:00","breadcrumb":{"@id":"https:\/\/quint.cc\/famcp\/red-aragonesa-de-entidades-locales-para-la-agenda-2030\/#breadcrumb"},"inLanguage":"es","potentialAction":[{"@type":"ReadAction","target":["https:\/\/quint.cc\/famcp\/red-aragonesa-de-entidades-locales-para-la-agenda-2030\/"]}]},{"@type":"BreadcrumbList","@id":"https:\/\/quint.cc\/famcp\/red-aragonesa-de-entidades-locales-para-la-agenda-2030\/#breadcrumb","itemListElement":[{"@type":"ListItem","position":1,"name":"Portada","item":"https:\/\/quint.cc\/famcp\/"},{"@type":"ListItem","position":2,"name":"Red Aragonesa de Entidades Locales para la Agenda 2030"}]},{"@type":"WebSite","@id":"https:\/\/quint.cc\/famcp\/#website","url":"https:\/\/quint.cc\/famcp\/","name":"FAMCP","description":"Federaci\u00f3n Aragonesa de Municipios, Comarcas y Provincias","potentialAction":[{"@type":"SearchAction","target":{"@type":"EntryPoint","urlTemplate":"https:\/\/quint.cc\/famcp\/?s={search_term_string}"},"query-input":{"@type":"PropertyValueSpecification","valueRequired":true,"valueName":"search_term_string"}}],"inLanguage":"es"}]}},"_links":{"self":[{"href":"https:\/\/quint.cc\/famcp\/wp-json\/wp\/v2\/pages\/8954","targetHints":{"allow":["GET"]}}],"collection":[{"href":"https:\/\/quint.cc\/famcp\/wp-json\/wp\/v2\/pages"}],"about":[{"href":"https:\/\/quint.cc\/famcp\/wp-json\/wp\/v2\/types\/page"}],"author":[{"embeddable":true,"href":"https:\/\/quint.cc\/famcp\/wp-json\/wp\/v2\/users\/6"}],"replies":[{"embeddable":true,"href":"https:\/\/quint.cc\/famcp\/wp-json\/wp\/v2\/comments?post=8954"}],"version-history":[{"count":15,"href":"https:\/\/quint.cc\/famcp\/wp-json\/wp\/v2\/pages\/8954\/revisions"}],"predecessor-version":[{"id":18518,"href":"https:\/\/quint.cc\/famcp\/wp-json\/wp\/v2\/pages\/8954\/revisions\/18518"}],"wp:attachment":[{"href":"https:\/\/quint.cc\/famcp\/wp-json\/wp\/v2\/media?parent=8954"}],"curies":[{"name":"wp","href":"https:\/\/api.w.org\/{rel}","templated":true}]}}