{"id":612,"date":"2016-07-01T12:43:30","date_gmt":"2016-07-01T10:43:30","guid":{"rendered":"https:\/\/quint.cc\/famcp\/?page_id=612"},"modified":"2018-06-06T15:42:28","modified_gmt":"2018-06-06T13:42:28","slug":"politica-de-privacidad","status":"publish","type":"page","link":"https:\/\/quint.cc\/famcp\/politica-de-privacidad\/","title":{"rendered":"Pol\u00edtica de privacidad"},"content":{"rendered":"<div class=\"wpb-content-wrapper\"><p>[vc_row][vc_column][lsvr_content_box]En Federaci\u00f3n Aragonesa de Municipios, Comarcas y Provincias titular de https:\/\/quint.cc\/famcp con domicilio social en Calle Mayor, 40 \u2013 50.001 \u2013 Zaragoza estamos preocupados por la seguridad y por garantizar y proteger la privacidad de los datos aportados por los usuarios de nuestro sitio web. Por ello, garantizamos que el tratamiento de los datos se efect\u00faa bajo niveles de seguridad que impiden la p\u00e9rdida, manipulaci\u00f3n de los datos o accesos no autorizados.<\/p>\n<p>A efectos del cumplimiento con lo dispuesto en el <em>Reglamento (UE) 2016\/679 del Parlamento Europeo y del Consejo, de 27 de abril de 2016, relativo a la protecci\u00f3n de las personas f\u00edsicas y a la libre circulaci\u00f3n de estos datos y por el que se deroga la Directiva 95\/46 (Reglamento general de protecci\u00f3n de datos)<\/em>, Federaci\u00f3n Aragonesa de Municipios, Comarcas y Provincias informa de que todos los datos de car\u00e1cter personal que nuestros usuarios aporten a https:\/\/quint.cc\/famcp incluida la direcci\u00f3n IP del equipo desde el que accede-, bien sea a trav\u00e9s de cualquier registro o suscripci\u00f3n a los servicios del sitio web bien mediante el env\u00edo de comentarios u observaciones por correo electr\u00f3nico, web, formularios, etc., ser\u00e1n incluidos en un fichero debidamente inscrito en el Registro de la Agencia de Protecci\u00f3n de Datos, cuyo titular y responsable es Federaci\u00f3n Aragonesa de Municipios, Comarcas y Provincias, y ser\u00e1n tratados con la m\u00e1xima confidencialidad.<\/p>\n<p>Los datos que se pidan a los usuarios de https:\/\/quint.cc\/famcp tendr\u00e1n como finalidad prestar los servicios para los que se soliciten, gestionar la administraci\u00f3n del website, realizar estudios estad\u00edsticos o enviar a trav\u00e9s de cualquier canal (correo postal o electr\u00f3nico, tel\u00e9fono fijo o m\u00f3vil, SMS, MMS, Internet, etc.) informaci\u00f3n promocional y noticias de todas las actividades inherentes a la acci\u00f3n de Federaci\u00f3n Aragonesa de Municipios, Comarcas y Provincias.<\/p>\n<p>Federaci\u00f3n Aragonesa de Municipios, Comarcas y Provincias ha implementado las medidas de seguridad requeridas por la normativa vigente para la protecci\u00f3n de los datos de car\u00e1cter personal y ha desarrollado los requisitos t\u00e9cnicos necesarios para garantizar el tratamiento confidencial de los datos, evitar su p\u00e9rdida, alteraci\u00f3n y acceso. No obstante, el usuario debe ser consciente de que las medidas de seguridad en Internet no son inexpugnables.<\/p>\n<p>Federaci\u00f3n Aragonesa de Municipios, Comarcas y Provincias proh\u00edbe el uso de los servicios de su sitio web a menores de 14 a\u00f1os. Adem\u00e1s, Federaci\u00f3n Aragonesa de Municipios, Comarcas y Provincias aconseja que los menores de edad (de 14 a 18 a\u00f1os) consulten con sus padres antes de proporcionar cualquier dato de car\u00e1cter personal e informa de que, en ning\u00fan caso, se recabar\u00e1n datos relativos a otros miembros de su familia sin el consentimiento de los titulares de los mismos.<\/p>\n<p>Si no se facilitan los datos personales requeridos (bien para el registro o suscripci\u00f3n a cualquier tipo de env\u00edo bien para la realizaci\u00f3n de comentarios, etc.) o no se acepta la presente pol\u00edtica de privacidad supone la imposibilidad de recibir los servicios mencionados.<\/p>\n<p>El usuario garantiza que los datos personales facilitados a https:\/\/quint.cc\/famcp son veraces y correctos, reserv\u00e1ndose Federaci\u00f3n Aragonesa de Municipios, Comarcas y Provincias el derecho a excluir de los servicios del sitio web a todo usuario que haya facilitado datos falsos, sin perjuicio de las dem\u00e1s acciones que procedan en Derecho.<\/p>\n<p>Federaci\u00f3n Aragonesa de Municipios, Comarcas y Provincias es el \u00fanico destinatario de los datos. La normativa de protecci\u00f3n de datos permite que en cualquier momento usted pueda ejercer los derechos de acceso, rectificaci\u00f3n, oposici\u00f3n, supresi\u00f3n (\u201cderecho al olvido\u201d), limitaci\u00f3n del tratamiento, portabilidad y de ser objeto de decisiones individualizadas.<\/p>\n<p>El <a href=\"https:\/\/www.aepd.es\/reglamento\/derechos\/index.html\" target=\"_blank\">ejercicio de estos derechos<\/a>, reconocidos en el Reglamento (UE) 2016\/679 del Parlamento Europeo y del Consejo, de 27 de abril de 2016, relativo a la protecci\u00f3n de las personas f\u00edsicas y a la libre circulaci\u00f3n de estos datos y por el que se deroga la Directiva 95\/46 (Reglamento general de protecci\u00f3n de datos), los puede profesar comunic\u00e1ndolo por escrito e indicando sus datos personales a Federaci\u00f3n Aragonesa de Municipios, Comarcas y Provincias (FAMCP), Calle Mayor, n\u00ba40, 2\u00aa planta, o bien, a trav\u00e9s de e-mail a <a href=\"mailto:famcp@famcp.org\">famcp@famcp.org<\/a>, especificando \u201cCancelaci\u00f3n de datos\u201d (Internet).[\/lsvr_content_box][\/vc_column][\/vc_row]<\/p>\n<\/div>","protected":false},"excerpt":{"rendered":"<p>[vc_row][vc_column][lsvr_content_box]En Federaci\u00f3n Aragonesa de Municipios, Comarcas y Provincias titular de https:\/\/quint.cc\/famcp con domicilio social en Calle Mayor, 40 \u2013 50.001 \u2013 Zaragoza estamos preocupados por la seguridad y por garantizar y proteger la privacidad de los datos aportados por los usuarios de nuestro sitio web. Por ello, garantizamos que el tratamiento de los datos se&hellip;<\/p>\n","protected":false},"author":6,"featured_media":0,"parent":0,"menu_order":0,"comment_status":"closed","ping_status":"closed","template":"","meta":{"footnotes":""},"class_list":["post-612","page","type-page","status-publish","hentry","description-off"],"yoast_head":"<!-- This site is optimized with the Yoast SEO plugin v25.6 - https:\/\/yoast.com\/wordpress\/plugins\/seo\/ -->\n<title>Pol\u00edtica de privacidad - FAMCP<\/title>\n<meta name=\"robots\" content=\"index, follow, max-snippet:-1, max-image-preview:large, max-video-preview:-1\" \/>\n<link rel=\"canonical\" href=\"https:\/\/quint.cc\/famcp\/politica-de-privacidad\/\" \/>\n<meta property=\"og:locale\" content=\"es_ES\" \/>\n<meta property=\"og:type\" content=\"article\" \/>\n<meta property=\"og:title\" content=\"Pol\u00edtica de privacidad - FAMCP\" \/>\n<meta property=\"og:description\" content=\"[vc_row][vc_column][lsvr_content_box]En Federaci\u00f3n Aragonesa de Municipios, Comarcas y Provincias titular de https:\/\/quint.cc\/famcp con domicilio social en Calle Mayor, 40 \u2013 50.001 \u2013 Zaragoza estamos preocupados por la seguridad y por garantizar y proteger la privacidad de los datos aportados por los usuarios de nuestro sitio web. Por ello, garantizamos que el tratamiento de los datos se&hellip;\" \/>\n<meta property=\"og:url\" content=\"https:\/\/quint.cc\/famcp\/politica-de-privacidad\/\" \/>\n<meta property=\"og:site_name\" content=\"FAMCP\" \/>\n<meta property=\"article:modified_time\" content=\"2018-06-06T13:42:28+00:00\" \/>\n<meta property=\"og:image\" content=\"https:\/\/quint.cc\/famcp\/wp-content\/uploads\/FAMCP_horizontal__1_-removebg-preview-e1740077331491.png\" \/>\n\t<meta property=\"og:image:width\" content=\"300\" \/>\n\t<meta property=\"og:image:height\" content=\"109\" \/>\n\t<meta property=\"og:image:type\" content=\"image\/png\" \/>\n<meta name=\"twitter:card\" content=\"summary_large_image\" \/>\n<meta name=\"twitter:label1\" content=\"Tiempo de lectura\" \/>\n\t<meta name=\"twitter:data1\" content=\"4 minutos\" \/>\n<script type=\"application\/ld+json\" class=\"yoast-schema-graph\">{\"@context\":\"https:\/\/schema.org\",\"@graph\":[{\"@type\":\"WebPage\",\"@id\":\"https:\/\/quint.cc\/famcp\/politica-de-privacidad\/\",\"url\":\"https:\/\/quint.cc\/famcp\/politica-de-privacidad\/\",\"name\":\"Pol\u00edtica de privacidad - FAMCP\",\"isPartOf\":{\"@id\":\"https:\/\/quint.cc\/famcp\/#website\"},\"datePublished\":\"2016-07-01T10:43:30+00:00\",\"dateModified\":\"2018-06-06T13:42:28+00:00\",\"breadcrumb\":{\"@id\":\"https:\/\/quint.cc\/famcp\/politica-de-privacidad\/#breadcrumb\"},\"inLanguage\":\"es\",\"potentialAction\":[{\"@type\":\"ReadAction\",\"target\":[\"https:\/\/quint.cc\/famcp\/politica-de-privacidad\/\"]}]},{\"@type\":\"BreadcrumbList\",\"@id\":\"https:\/\/quint.cc\/famcp\/politica-de-privacidad\/#breadcrumb\",\"itemListElement\":[{\"@type\":\"ListItem\",\"position\":1,\"name\":\"Portada\",\"item\":\"https:\/\/quint.cc\/famcp\/\"},{\"@type\":\"ListItem\",\"position\":2,\"name\":\"Pol\u00edtica de privacidad\"}]},{\"@type\":\"WebSite\",\"@id\":\"https:\/\/quint.cc\/famcp\/#website\",\"url\":\"https:\/\/quint.cc\/famcp\/\",\"name\":\"FAMCP\",\"description\":\"Federaci\u00f3n Aragonesa de Municipios, Comarcas y Provincias\",\"potentialAction\":[{\"@type\":\"SearchAction\",\"target\":{\"@type\":\"EntryPoint\",\"urlTemplate\":\"https:\/\/quint.cc\/famcp\/?s={search_term_string}\"},\"query-input\":{\"@type\":\"PropertyValueSpecification\",\"valueRequired\":true,\"valueName\":\"search_term_string\"}}],\"inLanguage\":\"es\"}]}<\/script>\n<!-- \/ Yoast SEO plugin. -->","yoast_head_json":{"title":"Pol\u00edtica de privacidad - FAMCP","robots":{"index":"index","follow":"follow","max-snippet":"max-snippet:-1","max-image-preview":"max-image-preview:large","max-video-preview":"max-video-preview:-1"},"canonical":"https:\/\/quint.cc\/famcp\/politica-de-privacidad\/","og_locale":"es_ES","og_type":"article","og_title":"Pol\u00edtica de privacidad - FAMCP","og_description":"[vc_row][vc_column][lsvr_content_box]En Federaci\u00f3n Aragonesa de Municipios, Comarcas y Provincias titular de https:\/\/quint.cc\/famcp con domicilio social en Calle Mayor, 40 \u2013 50.001 \u2013 Zaragoza estamos preocupados por la seguridad y por garantizar y proteger la privacidad de los datos aportados por los usuarios de nuestro sitio web. Por ello, garantizamos que el tratamiento de los datos se&hellip;","og_url":"https:\/\/quint.cc\/famcp\/politica-de-privacidad\/","og_site_name":"FAMCP","article_modified_time":"2018-06-06T13:42:28+00:00","og_image":[{"width":300,"height":109,"url":"https:\/\/quint.cc\/famcp\/wp-content\/uploads\/FAMCP_horizontal__1_-removebg-preview-e1740077331491.png","type":"image\/png"}],"twitter_card":"summary_large_image","twitter_misc":{"Tiempo de lectura":"4 minutos"},"schema":{"@context":"https:\/\/schema.org","@graph":[{"@type":"WebPage","@id":"https:\/\/quint.cc\/famcp\/politica-de-privacidad\/","url":"https:\/\/quint.cc\/famcp\/politica-de-privacidad\/","name":"Pol\u00edtica de privacidad - FAMCP","isPartOf":{"@id":"https:\/\/quint.cc\/famcp\/#website"},"datePublished":"2016-07-01T10:43:30+00:00","dateModified":"2018-06-06T13:42:28+00:00","breadcrumb":{"@id":"https:\/\/quint.cc\/famcp\/politica-de-privacidad\/#breadcrumb"},"inLanguage":"es","potentialAction":[{"@type":"ReadAction","target":["https:\/\/quint.cc\/famcp\/politica-de-privacidad\/"]}]},{"@type":"BreadcrumbList","@id":"https:\/\/quint.cc\/famcp\/politica-de-privacidad\/#breadcrumb","itemListElement":[{"@type":"ListItem","position":1,"name":"Portada","item":"https:\/\/quint.cc\/famcp\/"},{"@type":"ListItem","position":2,"name":"Pol\u00edtica de privacidad"}]},{"@type":"WebSite","@id":"https:\/\/quint.cc\/famcp\/#website","url":"https:\/\/quint.cc\/famcp\/","name":"FAMCP","description":"Federaci\u00f3n Aragonesa de Municipios, Comarcas y Provincias","potentialAction":[{"@type":"SearchAction","target":{"@type":"EntryPoint","urlTemplate":"https:\/\/quint.cc\/famcp\/?s={search_term_string}"},"query-input":{"@type":"PropertyValueSpecification","valueRequired":true,"valueName":"search_term_string"}}],"inLanguage":"es"}]}},"_links":{"self":[{"href":"https:\/\/quint.cc\/famcp\/wp-json\/wp\/v2\/pages\/612","targetHints":{"allow":["GET"]}}],"collection":[{"href":"https:\/\/quint.cc\/famcp\/wp-json\/wp\/v2\/pages"}],"about":[{"href":"https:\/\/quint.cc\/famcp\/wp-json\/wp\/v2\/types\/page"}],"author":[{"embeddable":true,"href":"https:\/\/quint.cc\/famcp\/wp-json\/wp\/v2\/users\/6"}],"replies":[{"embeddable":true,"href":"https:\/\/quint.cc\/famcp\/wp-json\/wp\/v2\/comments?post=612"}],"version-history":[{"count":5,"href":"https:\/\/quint.cc\/famcp\/wp-json\/wp\/v2\/pages\/612\/revisions"}],"predecessor-version":[{"id":3449,"href":"https:\/\/quint.cc\/famcp\/wp-json\/wp\/v2\/pages\/612\/revisions\/3449"}],"wp:attachment":[{"href":"https:\/\/quint.cc\/famcp\/wp-json\/wp\/v2\/media?parent=612"}],"curies":[{"name":"wp","href":"https:\/\/api.w.org\/{rel}","templated":true}]}}