{"id":600,"date":"2016-07-01T12:28:00","date_gmt":"2016-07-01T10:28:00","guid":{"rendered":"https:\/\/quint.cc\/famcp\/?page_id=600"},"modified":"2023-02-01T14:08:22","modified_gmt":"2023-02-01T13:08:22","slug":"aviso-legal","status":"publish","type":"page","link":"https:\/\/quint.cc\/famcp\/aviso-legal\/","title":{"rendered":"Aviso Legal"},"content":{"rendered":"<p>El titular del sitio web <strong>www.famcp.es<\/strong>\u00a0 Federaci\u00f3n Aragonesa de Municipios, Comarcas y Provincias, con CIF V50221233. Domicilio social: Calle Mayor, 40 &#8211; 50.001 &#8211; Zaragoza. Tel\u00e9fono: 976203102, Fax: 976398140, Correo electr\u00f3nico: <a class=\"htmlEnlace\" href=\"mailto:famcp@famcp.org\">famcp@famcp.org<\/a><\/p>\n<p>Las presentes Condiciones Generales de Uso que se detallan en este aviso legal regulan el acceso y la utilizaci\u00f3n de <strong>www.famcp.es<\/strong>, as\u00ed como de todos los contenidos que en los mismos se muestren o se pongan a disposici\u00f3n de los usuarios.<\/p>\n<p>Antes de utilizar el sitio web <strong>www.famcp.es<\/strong> deber\u00e1 leer atentamente estas Condiciones Generales de Uso y la Pol\u00edtica de Privacidad<\/p>\n<p>&nbsp;<\/p>\n<h2>1. \u00bfQu\u00e9 es FAMCP?<\/h2>\n<p>Para conseguir un buen funcionamiento, <strong>FAMCP<\/strong> te recomienda que controles tus datos personales. <strong>FAMCP<\/strong> te ayuda a compartir informaci\u00f3n en las redes sociales pero es el usuario quien decide qu\u00e9 incluye en su perfil, como la informaci\u00f3n de contacto, datos personales, fotos, intereses y grupos a los que se une. Adem\u00e1s, el usuario controla con qu\u00e9 usuarios desea compartir informaci\u00f3n mediante la configuraci\u00f3n de su cuenta.<\/p>\n<h2>2. Aceptaci\u00f3n de las Condiciones Generales de Uso<\/h2>\n<p>Se entiende por usuario la persona que acceda, navegue, utilice o participe en los servicios de este sitio web, que acepta las Condiciones Generales de Uso y la Pol\u00edtica de Privacidad, donde se recogen y detallan el tratamiento de los datos personales suministrados por los usuarios y el ejercicio de los derechos de \u00e9stos sobre dichos datos.<\/p>\n<p>El usuario garantiza que es mayor de 14 a\u00f1os y ser\u00e1 enteramente responsable de esta declaraci\u00f3n y del acceso y correcto uso del sitio web con sujeci\u00f3n a estas Condiciones Generales de Uso y a la legalidad vigente, as\u00ed como a los principios de buena fe, a la moral y al orden p\u00fablico, y con el compromiso de observar diligentemente cualquier instrucci\u00f3n adicional que, en relaci\u00f3n con dicho uso y acceso, pudiera serle impartida por <strong>www.famcp.es<\/strong><\/p>\n<p>Con la utilizaci\u00f3n de este sitio web, el usuario acepta las Condiciones Generales de Uso que\u00a0<strong>www.famcp.es<\/strong> tenga publicadas en cada momento en el que acceda.<\/p>\n<p>Federaci\u00f3n Aragonesa de Municipios, Comarcas y Provincias se reserva el derecho a modificar las Condiciones Generales de Uso, publicando dicho cambio de la misma forma en que aparecen estas condiciones o a trav\u00e9s de cualquier tipo de comunicaci\u00f3n con el usuario. Las Condiciones Generales de Uso no obstaculizan la fijaci\u00f3n por parte de\u00a0<strong>www.famcp.es\u00a0<\/strong>de otras condiciones particulares para la contrataci\u00f3n o utilizaci\u00f3n de determinados servicios o productos que se ofrezcan a los usuarios en el sitio web.<\/p>\n<h2>3. Acceso y uso del portal<\/h2>\n<p>El acceso a\u00a0<strong>www.famcp.es<\/strong> por parte de los usuarios tiene car\u00e1cter libre y gratuito. Ello sin perjuicio de que para la utilizaci\u00f3n de\u00a0<strong>www.famcp.es<\/strong> sea necesario el registro por parte del usuario si lo cree necesario. Dicho registro supone la aportaci\u00f3n de datos de car\u00e1cter personal e intrasferible, para el tratamiento de los mismos, as\u00ed como su recogida y, en su caso, la cesi\u00f3n o el acceso, modificaci\u00f3n, oposici\u00f3n o cancelaci\u00f3n de los datos por parte del usuario, ser\u00e1 de aplicaci\u00f3n lo dispuesto en la Pol\u00edtica de Privacidad recogida en\u00a0<strong>www.famcp.es<\/strong><\/p>\n<p>El usuario que debe realizar el registro ser\u00e1 el responsable de aportar informaci\u00f3n veraz y l\u00edcita. En el registro el usuario deber\u00e1 seleccionar una contrase\u00f1a de acceso y debe comprometerse a hacer un uso diligente y a mantener en secreto la contrase\u00f1a, as\u00ed como a su adecuada custodia. En caso de olvido el sitio web permite restablecer la misma a trav\u00e9s del env\u00edo de un correo electr\u00f3nico al correo con el que el usuario se dio de alta en el sitio web.<\/p>\n<p>El usuario deber\u00e1 notificar a este sitio web cualquier incumplimiento de las normas de seguridad o cualquier uso no autorizado de su cuenta del que tenga conocimiento porque el usuario acepta ser el \u00fanico responsable (frente a Federaci\u00f3n Aragonesa de Municipios, Comarcas y Provincias y frente a terceros) de toda la actividad que tenga lugar con su cuenta de <strong>FAMCP<\/strong> (fcampo@famcp.es)<\/p>\n<h2>4. Participaci\u00f3n de los usuarios y contenidos<\/h2>\n<p>El usuario se compromete a usar los contenidos de este sitio web y, en concreto, de <strong>FAMCP<\/strong> de manera correcta y l\u00edcita de conformidad a la Ley, las buenas costumbres generalmente aceptadas y el orden p\u00fablico.<\/p>\n<p>Federaci\u00f3n Aragonesa de Municipios, Comarcas y Provincias no es responsable de las opiniones publicadas por los usuarios a trav\u00e9s de los foros, la red social\u00a0<strong>FAMCP<\/strong>, comentarios en las informaciones o en otras herramientas de participaci\u00f3n. Son los usuarios los \u00fanicos responsables de las opiniones, comentarios, aportaciones, contenidos multimedia (fotos, v\u00eddeos) que realicen en el sitio web de FAMCP.<\/p>\n<p>El usuario garantiza la tenencia de derechos y se obliga a utilizar los contenidos de <strong>FAMCP<\/strong> con fines o efectos il\u00edcitos, a no utilizar estos servicios para la realizaci\u00f3n de actividades contrarias a las leyes, a la moral, al orden p\u00fablico y, en general, para realizar a actividades publicitarias o de explotaci\u00f3n comercial, para mantener valoraciones en tono amenazante o no cordial o para da\u00f1ar, inutilizar, sobrecargar o deteriorar el sitio web y sus contenidos o impedir la normal utilizaci\u00f3n o disfrute de los mismos por parte de los usuarios.<\/p>\n<p><strong>Federaci\u00f3n Aragonesa de Municipios, Comarcas y Provincias<\/strong> se reserva el derecho de retirar todos aquellos contenidos \u2013informaciones, comentarios, im\u00e1genes, eventos, grupos o v\u00eddeos que vulneren el respeto a la dignidad de la persona, que sean discriminatorios, xen\u00f3fobos, racistas, pornogr\u00e1ficos, que atenten contra la juventud o la infancia, el orden o la seguridad p\u00fablica o que, a su juicio, no resultaran adecuados para su publicaci\u00f3n.<\/p>\n<p>Por lo tanto, se podr\u00e1 proceder a la eliminaci\u00f3n de los contenidos que incurran en los casos mencionados, as\u00ed como aquellos que dificulten el funcionamiento del sitio web, contenidos o enlaces propagand\u00edsticos, spam y comentarios repetidos, sin necesidad de comunic\u00e1rselo previamente al usuario.<\/p>\n<p><strong>Federaci\u00f3n Aragonesa de Municipios, Comarcas y Provincias<\/strong> quiere informar a los usuarios de\u00a0<strong>FAMCP<\/strong> que su prop\u00f3sito es que se comparta y publiquen fotos y v\u00eddeos originales, de naturaleza personal, que: sean acerca del usuario o de sus amigos, sean tomados por el usuario o sus amigos, o sean creaciones o animaciones originales creadas por el usuario o sus amigos.\u00a0<strong>FAMCP<\/strong> no es un sitio para publicar contenido registrado por terceros.<\/p>\n<p><strong>Federaci\u00f3n Aragonesa de Municipios, Comarcas y Provincias<\/strong> har\u00e1 lo razonablemente posible para vigilar la legalidad de cuantos contenidos, im\u00e1genes, opiniones y dem\u00e1s informaci\u00f3n se comuniquen a trav\u00e9s de su sitio web. Sin embargo, no siendo posible el control absoluto de aquellos, los usuarios ser\u00e1n los \u00fanicos responsables de los datos que visualicen en su perfil, de la informaci\u00f3n, im\u00e1genes, opiniones, alusiones o contenidos de cualquier tipo que comuniquen, alojen, transmitan, pongan a disposici\u00f3n o exhiban a trav\u00e9s de https:\/\/quint.cc\/famcp<\/p>\n<h2 class=\"imple-titulardestacado\">5. Menores de edad<\/h2>\n<p><strong>Federaci\u00f3n Aragonesa de Municipios, Comarcas y Provincias<\/strong> proh\u00edbe el uso de los servicios de su sitio web a menores de 14 a\u00f1os. Adem\u00e1s, Federaci\u00f3n Aragonesa de Municipios, Comarcas y Provincias aconseja que los menores de edad que se sit\u00faen por encima de 14 a\u00f1os (de 14 a 18 a\u00f1os) consulten con sus padres antes de proporcionar cualquier dato de car\u00e1cter personal, e informa de que, en ning\u00fan caso, se recabar\u00e1n datos relativos a otros miembros de su familia sin el consentimiento de los titulares de los mismos.<\/p>\n<p>Se recomienda a los menores de 14 a\u00f1os que no intenten registrarse en <strong>www.famcp.es<\/strong> y que no aporten ninguna informaci\u00f3n sobre ellos mismos. En el caso de que se tenga constancia de que se ha registrado cualquier informaci\u00f3n de un menor de 14 a\u00f1os sin la autorizaci\u00f3n de sus padres, esta informaci\u00f3n se borrar\u00e1 lo m\u00e1s r\u00e1pido posible. El correo para contactar con FAMCP es: famcp@famcp.org<\/p>\n<p>El usuario podr\u00e1 ser requerido por FAMCP, en cualquier momento, para que autentifique su edad mediante la aportaci\u00f3n de la fotocopia de su DNI o documento equivalente. La falta de suministro de esta informaci\u00f3n por parte del usuario en el plazo que le sea indicado por <strong>FAMCP<\/strong> dar\u00e1 derecho a este \u00faltimo a suspender o cancelar el perfil del usuario.<\/p>\n<p>Es muy importante que los menores de edad lean y comprendan correctamente estas Condiciones Generales de Uso y la Pol\u00edtica de Privacidad de <strong>www.famcp.es<\/strong><\/p>\n<h2 class=\"imple-titulardestacado\">6. Uso de cookies<\/h2>\n<p><strong>www.famcp.es<\/strong> utilizan cookies para poder conocer las preferencias de los usuarios y poder optimizar la presentaci\u00f3n de los contenidos. Las cookies son fragmentos de informaci\u00f3n que se almacenan temporalmente en el disco duro de un usuario de un sitio web a trav\u00e9s de su navegador.<\/p>\n<p>La informaci\u00f3n contenida en las cookies facilita la navegaci\u00f3n y hace posible que el usuario visite una p\u00e1gina web id\u00f3neamente. Las cookies ayudan a identificar las secciones m\u00e1s visitadas y facilitan la adaptaci\u00f3n de los contenidos a las necesidad de los usuarios. Las cookies resultan muy \u00fatiles para saber si se ha producido una comunicaci\u00f3n previa entre su ordenador y nuestro sitio web. Se identifica \u00fanicamente la cookie en su ordenador. Los datos personales s\u00f3lo se guardan en forma de cookie si el usuario lo permite (por ejemplo, para simplificar el acceso a un sitio protegido en Internet, de tal forma que el usuario no deba introducir su ID de usuario y su contrase\u00f1a cada vez que entra.)<\/p>\n<p>Nuestro sitio <strong>www.famcp.es<\/strong> se puede visitar sin cookies, pero para navegar en nuestra red social es necesario tener habilitadas las cookies. La mayor\u00eda de los navegadores aceptan cookies de forma autom\u00e1tica. El usuario puede evitar el almacenamiento de cookies en su disco duro mediante la elecci\u00f3n en su configuraci\u00f3n del navegador del comando \u201cNo aceptar cookies\u201d. Las cookies almacenadas se pueden borrar en cualquier momento. El hecho de no aceptar cookies podr\u00e1 suponer una limitaci\u00f3n de las funciones de nuestro sitio web.<\/p>\n<h2>7. Propiedad intelectual<\/h2>\n<p><strong>Federaci\u00f3n Aragonesa de Municipios, Comarcas y Provincias<\/strong> no es titular de ning\u00fan derecho de propiedad sobre terceros los contenidos publicados por los usuarios en <strong>FAMCP<\/strong>, entendiendo por contenido el texto, los archivos, las im\u00e1genes, las fotograf\u00edas, los v\u00eddeos, los sonidos, etc. o sobre cualquier otro tipo de material. Tras la publicaci\u00f3n de los contenidos, los titulares de derechos sobre los mismos seguir\u00e1n disponiendo de cualesquiera derechos que les correspondieran.<\/p>\n<p>Federaci\u00f3n Aragonesa de Municipios, Comarcas y Provincias no obtiene licencia ni derecho de propiedad intelectual, industrial o de imagen de los contenidos aportados por los usuarios en sus perfiles o de terceros; son \u00e9stos los que garantizan que poseen licencia o autorizaci\u00f3n de uso sobre los mismos y se responsabilizan de las consecuencias que puedan surgir de su utilizaci\u00f3n en <strong>FAMCP<\/strong>.<\/p>\n<p>Los usuarios no podr\u00e1n copiar, modificar, traducir, publicar, emitir, transmitir, distribuir, mostrar ni vender los contenidos que no le pertenezcan o sobre los que no tenga derechos de propiedad intelectual, industrial, de imagen o cualquier otro derecho.<\/p>\n<p>En caso de que un usuario infrinja derechos de propiedad intelectual, industrial, derechos de imagen o cualquier otro derecho de terceros, ser\u00e1 apercibido por <strong>Federaci\u00f3n Aragonesa de Municipios, Comarcas y Provincias<\/strong> en el momento en el que \u00e9sta tenga conocimiento de tales infracciones para que cese en la publicaci\u00f3n de los contenidos afectados por tal infracci\u00f3n.<\/p>\n<p>En el supuesto descrito en el punto anterior, el usuario mantendr\u00e1 indemne a <strong>Federaci\u00f3n Aragonesa de Municipios, Comarcas y Provincia<\/strong>s frente a cualquier reclamaci\u00f3n de tercero sobre derechos de propiedad intelectual, industrial, derechos de imagen y\/o cualquier otro derecho sobre los contenidos publicados por aqu\u00e9l.<\/p>\n<p>Si cualquier persona o entidad considera que sus contenidos han sido copiados y publicados en <strong>FAMCP<\/strong> de una manera que constituye una violaci\u00f3n de sus derechos de propiedad intelectual, industrial y\/o derechos al honor, a la intimidad o a la imagen o cualquier otro derecho, podr\u00e1 comunicarlo al administrador, por cualquiera de las v\u00edas de contacto que figuran en <strong>FAMCP<\/strong> ( fcampo@famcp.es ).<\/p>\n<p>Si cualquier persona considera que los contenidos publicados vulneran sus derechos, deber\u00e1 ponerse en contacto con <strong>FAMCP<\/strong> (por ejemplo, difusi\u00f3n de su imagen, sin su previo consentimiento) y solicitar la retirada de los mismos.<\/p>\n<p>Los usuarios podr\u00e1n llevar a cabo la reproducci\u00f3n de los contenidos del sitio web con el \u00fanico fin de proceder a su almacenamiento, a la realizaci\u00f3n de copias de seguridad o a su impresi\u00f3n sobre papel para uso privado. Queda, en cualquier caso, prohibido modificar, copiar, explotar, reproducir, comunicar p\u00fablicamente, hacer segundas o posteriores publicaciones, cargar archivos, enviar por correo, transmitir, usar, tratar o distribuir de cualquier forma la totalidad o parte de los contenidos incluidos en <strong>www.famcp.es<\/strong> para prop\u00f3sitos p\u00fablicos o comerciales. El incumplimiento de lo anterior facultar\u00e1 a <strong>Federaci\u00f3n Aragonesa de Municipios, Comarcas y Provincias<\/strong> para interponer las acciones legales pertinentes.<\/p>\n<p>Quedan igualmente prohibidas a t\u00edtulo informativo:<\/p>\n<ul>\n<li>La presentaci\u00f3n de una p\u00e1gina de este sitio web en una ventana que no pertenezca a <strong>Federaci\u00f3n Aragonesa de Municipios, Comarcas y Provincias<\/strong>, mediante la t\u00e9cnica denominada \u201cframing\u201d a no ser que se cuente con el expreso acuerdo de <strong>Federaci\u00f3n Aragonesa de Municipios, Comarcas y Provincias<\/strong>.<\/li>\n<li>La inserci\u00f3n de una imagen difundida en el website en una p\u00e1gina no perteneciente a <strong>www.famcp.es<\/strong>, mediante la t\u00e9cnica denominada \u201cin line linking\u201d si ello no cuenta con la expresa autorizaci\u00f3n de <strong>Federaci\u00f3n Aragonesa de Municipios, Comarcas y Provincias<\/strong>.<\/li>\n<li>La extracci\u00f3n de elementos del sitio web causando un perjuicio cualquiera en relaci\u00f3n a la Protecci\u00f3n Jur\u00eddica de las Bases de Datos.<\/li>\n<\/ul>\n<p>El dise\u00f1o de portal, como los logos, marcas y dem\u00e1s signos distintivos que aparecen en el mismo, pertenecen a <strong>Federaci\u00f3n Aragonesa de Municipios, Comarcas y Provincias<\/strong> y est\u00e1n protegidos por los correspondientes derechos de propiedad intelectual e industrial.<\/p>\n<h2>8. Enlaces<\/h2>\n<p>La presencia de enlaces en <strong>www.famcp.es<\/strong> tiene finalidad meramente informativa y en ning\u00fan caso supone sugerencia, invitaci\u00f3n o recomendaci\u00f3n sobre los mismos, y aunque se trata de garantizar que esos sitios web de terceros cumplan los est\u00e1ndares adecuados, no podemos garantizar el cumplimiento de la normativa en los mismos. <strong>Federaci\u00f3n Aragonesa de Municipios, Comarcas y Provincias<\/strong> se reserva el derecho a eliminar cualquier enlace o programa de enlace en cualquier momento.<\/p>\n<h2>9. Limitaci\u00f3n de responsabilidad<\/h2>\n<p><strong>Federaci\u00f3n Aragonesa de Municipios, Comarcas y Provincias<\/strong> declara que ha adoptado todas las medidas necesarias, dentro de sus posibilidades y del estado de la tecnolog\u00eda, para garantizar el funcionamiento de https:\/\/quint.cc\/famcp y evitar\u00e1 por todos los medios la existencia y transmisi\u00f3n de virus y dem\u00e1s componentes da\u00f1inos a los usuarios.<\/p>\n<p>No obstante, debido a las especialidades de Internet, <strong>Federaci\u00f3n Aragonesa de Municipios, Comarcas y Provincias<\/strong> no se hace responsable de:<\/p>\n<ul>\n<li>la falta de continuidad y disponibilidad de los contenidos y servicios de <strong>www.famcp.es<\/strong><\/li>\n<li>la presencia de errores en dichos contenidos, o la falta de veracidad, exactitud, exhaustividad y actualidad de los contenidos ofrecidos por s\u00ed misma o por terceros<\/li>\n<li>la presencia de virus y\/o dem\u00e1s componentes da\u00f1inos en\u00a0<strong>www.famcp.es<\/strong> o en el servidor que lo suministra.<\/li>\n<li>la vulnerabilidad de las medidas de seguridad adoptadas.<\/li>\n<li>la falta de utilidad o rendimiento de los contenidos del sitio web.<\/li>\n<li>los da\u00f1os o perjuicios que cause, a s\u00ed mismo o a un tercero, cualquier persona que infringiera las condiciones, normas e instrucciones que en el sitio web se establecen o a trav\u00e9s de la vulneraci\u00f3n de los sistemas de seguridad de\u00a0<strong>www.famcp.es<\/strong><\/li>\n<li>El usuario es el \u00fanico y exclusivo responsable del uso por su parte del sitio web y de los servicios, consciente de ello, acepta voluntariamente tal responsabilidad.<\/li>\n<\/ul>\n<h2>10. Legislaci\u00f3n aplicable y jurisdicci\u00f3n<\/h2>\n<p>Las relaciones entre <strong>Federaci\u00f3n Aragonesa de Municipios, Comarcas y Provincias<\/strong> y el usario de los servicios presentes en\u00a0<strong>www.famcp.es<\/strong> se regir\u00e1n por la legislaci\u00f3n y jurisdicci\u00f3n aplicables que corresponda. No obstante, para los casos en los que la normativa prevea la posibilidad a las partes de someterse a un fuero, <strong>Federaci\u00f3n Aragonesa de Municipios, Comarcas y Provincias<\/strong> y el usuario, con renuncia expresa a cualquier otro fuero que pudiera corresponderles, se someten a los juzgados y tribunales de la ciudad de Zaragoza.<\/p>\n<p><strong>Federaci\u00f3n Aragonesa de Municipios, Comarcas y Provincias<\/strong> perseguir\u00e1 el incumplimiento de las presentes condiciones legales as\u00ed como cualquier utilizaci\u00f3n indebida de este sitio web ejerciendo todas las acciones legales que le puedan corresponder en derecho.<\/p>\n","protected":false},"excerpt":{"rendered":"<p>El titular del sitio web www.famcp.es\u00a0 Federaci\u00f3n Aragonesa de Municipios, Comarcas y Provincias, con CIF V50221233. Domicilio social: Calle Mayor, 40 &#8211; 50.001 &#8211; Zaragoza. Tel\u00e9fono: 976203102, Fax: 976398140, Correo electr\u00f3nico: famcp@famcp.org Las presentes Condiciones Generales de Uso que se detallan en este aviso legal regulan el acceso y la utilizaci\u00f3n de www.famcp.es, as\u00ed como&hellip;<\/p>\n","protected":false},"author":6,"featured_media":0,"parent":0,"menu_order":0,"comment_status":"closed","ping_status":"closed","template":"","meta":{"footnotes":""},"class_list":["post-600","page","type-page","status-publish","hentry","description-off"],"yoast_head":"<!-- This site is optimized with the Yoast SEO plugin v25.6 - https:\/\/yoast.com\/wordpress\/plugins\/seo\/ -->\n<title>Aviso Legal - FAMCP<\/title>\n<meta name=\"robots\" content=\"index, follow, max-snippet:-1, max-image-preview:large, max-video-preview:-1\" \/>\n<link rel=\"canonical\" href=\"https:\/\/quint.cc\/famcp\/aviso-legal\/\" \/>\n<meta property=\"og:locale\" content=\"es_ES\" \/>\n<meta property=\"og:type\" content=\"article\" \/>\n<meta property=\"og:title\" content=\"Aviso Legal - FAMCP\" \/>\n<meta property=\"og:description\" content=\"El titular del sitio web www.famcp.es\u00a0 Federaci\u00f3n Aragonesa de Municipios, Comarcas y Provincias, con CIF V50221233. Domicilio social: Calle Mayor, 40 &#8211; 50.001 &#8211; Zaragoza. Tel\u00e9fono: 976203102, Fax: 976398140, Correo electr\u00f3nico: famcp@famcp.org Las presentes Condiciones Generales de Uso que se detallan en este aviso legal regulan el acceso y la utilizaci\u00f3n de www.famcp.es, as\u00ed como&hellip;\" \/>\n<meta property=\"og:url\" content=\"https:\/\/quint.cc\/famcp\/aviso-legal\/\" \/>\n<meta property=\"og:site_name\" content=\"FAMCP\" \/>\n<meta property=\"article:modified_time\" content=\"2023-02-01T13:08:22+00:00\" \/>\n<meta property=\"og:image\" content=\"https:\/\/quint.cc\/famcp\/wp-content\/uploads\/FAMCP_horizontal__1_-removebg-preview-e1740077331491.png\" \/>\n\t<meta property=\"og:image:width\" content=\"300\" \/>\n\t<meta property=\"og:image:height\" content=\"109\" \/>\n\t<meta property=\"og:image:type\" content=\"image\/png\" \/>\n<meta name=\"twitter:card\" content=\"summary_large_image\" \/>\n<meta name=\"twitter:label1\" content=\"Tiempo de lectura\" \/>\n\t<meta name=\"twitter:data1\" content=\"13 minutos\" \/>\n<script type=\"application\/ld+json\" class=\"yoast-schema-graph\">{\"@context\":\"https:\/\/schema.org\",\"@graph\":[{\"@type\":\"WebPage\",\"@id\":\"https:\/\/quint.cc\/famcp\/aviso-legal\/\",\"url\":\"https:\/\/quint.cc\/famcp\/aviso-legal\/\",\"name\":\"Aviso Legal - FAMCP\",\"isPartOf\":{\"@id\":\"https:\/\/quint.cc\/famcp\/#website\"},\"datePublished\":\"2016-07-01T10:28:00+00:00\",\"dateModified\":\"2023-02-01T13:08:22+00:00\",\"breadcrumb\":{\"@id\":\"https:\/\/quint.cc\/famcp\/aviso-legal\/#breadcrumb\"},\"inLanguage\":\"es\",\"potentialAction\":[{\"@type\":\"ReadAction\",\"target\":[\"https:\/\/quint.cc\/famcp\/aviso-legal\/\"]}]},{\"@type\":\"BreadcrumbList\",\"@id\":\"https:\/\/quint.cc\/famcp\/aviso-legal\/#breadcrumb\",\"itemListElement\":[{\"@type\":\"ListItem\",\"position\":1,\"name\":\"Portada\",\"item\":\"https:\/\/quint.cc\/famcp\/\"},{\"@type\":\"ListItem\",\"position\":2,\"name\":\"Aviso Legal\"}]},{\"@type\":\"WebSite\",\"@id\":\"https:\/\/quint.cc\/famcp\/#website\",\"url\":\"https:\/\/quint.cc\/famcp\/\",\"name\":\"FAMCP\",\"description\":\"Federaci\u00f3n Aragonesa de Municipios, Comarcas y Provincias\",\"potentialAction\":[{\"@type\":\"SearchAction\",\"target\":{\"@type\":\"EntryPoint\",\"urlTemplate\":\"https:\/\/quint.cc\/famcp\/?s={search_term_string}\"},\"query-input\":{\"@type\":\"PropertyValueSpecification\",\"valueRequired\":true,\"valueName\":\"search_term_string\"}}],\"inLanguage\":\"es\"}]}<\/script>\n<!-- \/ Yoast SEO plugin. -->","yoast_head_json":{"title":"Aviso Legal - FAMCP","robots":{"index":"index","follow":"follow","max-snippet":"max-snippet:-1","max-image-preview":"max-image-preview:large","max-video-preview":"max-video-preview:-1"},"canonical":"https:\/\/quint.cc\/famcp\/aviso-legal\/","og_locale":"es_ES","og_type":"article","og_title":"Aviso Legal - FAMCP","og_description":"El titular del sitio web www.famcp.es\u00a0 Federaci\u00f3n Aragonesa de Municipios, Comarcas y Provincias, con CIF V50221233. Domicilio social: Calle Mayor, 40 &#8211; 50.001 &#8211; Zaragoza. Tel\u00e9fono: 976203102, Fax: 976398140, Correo electr\u00f3nico: famcp@famcp.org Las presentes Condiciones Generales de Uso que se detallan en este aviso legal regulan el acceso y la utilizaci\u00f3n de www.famcp.es, as\u00ed como&hellip;","og_url":"https:\/\/quint.cc\/famcp\/aviso-legal\/","og_site_name":"FAMCP","article_modified_time":"2023-02-01T13:08:22+00:00","og_image":[{"width":300,"height":109,"url":"https:\/\/quint.cc\/famcp\/wp-content\/uploads\/FAMCP_horizontal__1_-removebg-preview-e1740077331491.png","type":"image\/png"}],"twitter_card":"summary_large_image","twitter_misc":{"Tiempo de lectura":"13 minutos"},"schema":{"@context":"https:\/\/schema.org","@graph":[{"@type":"WebPage","@id":"https:\/\/quint.cc\/famcp\/aviso-legal\/","url":"https:\/\/quint.cc\/famcp\/aviso-legal\/","name":"Aviso Legal - FAMCP","isPartOf":{"@id":"https:\/\/quint.cc\/famcp\/#website"},"datePublished":"2016-07-01T10:28:00+00:00","dateModified":"2023-02-01T13:08:22+00:00","breadcrumb":{"@id":"https:\/\/quint.cc\/famcp\/aviso-legal\/#breadcrumb"},"inLanguage":"es","potentialAction":[{"@type":"ReadAction","target":["https:\/\/quint.cc\/famcp\/aviso-legal\/"]}]},{"@type":"BreadcrumbList","@id":"https:\/\/quint.cc\/famcp\/aviso-legal\/#breadcrumb","itemListElement":[{"@type":"ListItem","position":1,"name":"Portada","item":"https:\/\/quint.cc\/famcp\/"},{"@type":"ListItem","position":2,"name":"Aviso Legal"}]},{"@type":"WebSite","@id":"https:\/\/quint.cc\/famcp\/#website","url":"https:\/\/quint.cc\/famcp\/","name":"FAMCP","description":"Federaci\u00f3n Aragonesa de Municipios, Comarcas y Provincias","potentialAction":[{"@type":"SearchAction","target":{"@type":"EntryPoint","urlTemplate":"https:\/\/quint.cc\/famcp\/?s={search_term_string}"},"query-input":{"@type":"PropertyValueSpecification","valueRequired":true,"valueName":"search_term_string"}}],"inLanguage":"es"}]}},"_links":{"self":[{"href":"https:\/\/quint.cc\/famcp\/wp-json\/wp\/v2\/pages\/600","targetHints":{"allow":["GET"]}}],"collection":[{"href":"https:\/\/quint.cc\/famcp\/wp-json\/wp\/v2\/pages"}],"about":[{"href":"https:\/\/quint.cc\/famcp\/wp-json\/wp\/v2\/types\/page"}],"author":[{"embeddable":true,"href":"https:\/\/quint.cc\/famcp\/wp-json\/wp\/v2\/users\/6"}],"replies":[{"embeddable":true,"href":"https:\/\/quint.cc\/famcp\/wp-json\/wp\/v2\/comments?post=600"}],"version-history":[{"count":15,"href":"https:\/\/quint.cc\/famcp\/wp-json\/wp\/v2\/pages\/600\/revisions"}],"predecessor-version":[{"id":13495,"href":"https:\/\/quint.cc\/famcp\/wp-json\/wp\/v2\/pages\/600\/revisions\/13495"}],"wp:attachment":[{"href":"https:\/\/quint.cc\/famcp\/wp-json\/wp\/v2\/media?parent=600"}],"curies":[{"name":"wp","href":"https:\/\/api.w.org\/{rel}","templated":true}]}}