{"id":5393,"date":"2020-02-20T10:06:17","date_gmt":"2020-02-20T09:06:17","guid":{"rendered":"https:\/\/quint.cc\/famcp\/?page_id=5393"},"modified":"2021-04-15T10:14:11","modified_gmt":"2021-04-15T08:14:11","slug":"red-menpa","status":"publish","type":"page","link":"https:\/\/quint.cc\/famcp\/red-menpa\/","title":{"rendered":"Red MENPA"},"content":{"rendered":"<div class=\"wpb-content-wrapper\"><p>[vc_row][vc_column][vc_column_text]<\/p>\n<h2 style=\"text-align: center;\"><strong>La Red MENPA celebra su asamblea anual con la asistencia del consejero Olona<\/strong><\/h2>\n<p>[\/vc_column_text][\/vc_column][\/vc_row][vc_row][vc_column width=\u00bb1\/2&#8243;][vc_column_text]<\/p>\n<p style=\"text-align: justify;\">Los 57 municipios aragoneses cuyos t\u00e9rminos municipales forman parte de alguno de los espacios protegidos, integrados en la <strong>Red de Municipios de Espacios Naturales Protegidos de Arag\u00f3n (Red MENPA)<\/strong> creada en el seno de la <strong>Federaci\u00f3n Aragonesa de Municipios Comarcas y Provincias (FAMCP)<\/strong>, han celebrado su asamblea general para renovar el consejo de gobierno y acordar las principales l\u00edneas de actuaci\u00f3n.<\/p>\n<p style=\"text-align: justify;\">En la apertura de la asamblea han participado el consejero de Agricultura, Ganader\u00eda y Medio Ambiente del Gobierno de Arag\u00f3n. <strong>Joaqu\u00edn Olona<\/strong>, y el presidente de la FAMCP,<strong> Luis Zubieta<\/strong>. Olona ha destacado el papel de la Red MENPA para <strong>\u00abinstitucionalizar la participaci\u00f3n de las entidades locales, sobre todo de los ayuntamientos, en la gesti\u00f3n de los espacios naturales protegidos\u00bb<\/strong>. Por su parte, Zubieta ha animado a los representantes municipales integrados en la <strong>Red a trabajar de forma conjunta<\/strong> para favorecer el desarrollo econ\u00f3mico de sus territorios.<\/p>\n<p>[\/vc_column_text][\/vc_column][vc_column width=\u00bb1\/2&#8243;][vc_single_image image=\u00bb5401&#8243; img_size=\u00bbfull\u00bb alignment=\u00bbcenter\u00bb style=\u00bbvc_box_rounded\u00bb][\/vc_column][\/vc_row][vc_row][vc_column][vc_column_text]<\/p>\n<p style=\"text-align: justify;\">La asamblea ha ratificado la composici\u00f3n del consejo de gobierno, que continuar\u00e1 presidido por <strong>Miguel Noguero<\/strong>, alcalde de Bielsa, a quien acompa\u00f1a como vicepresidenta la alcaldesa de Gallocanta, <strong>Raquel Pardos<\/strong>.<\/p>\n<p style=\"text-align: justify;\">Entre los asuntos abordados en la asamblea, que se desarrollar\u00e1n en los pr\u00f3ximos meses como las principales l\u00edneas de actuaci\u00f3n de la <strong>Red MENPA<\/strong>, destacan las compensaciones econ\u00f3micas a los municipios que tienen todo o parte de sus t\u00e9rminos dentro de zonas naturales protegidas, las nuevas limitaciones que traer\u00e1 consigo la aplicaci\u00f3n del plan director y planes de zona de la <strong>Red Natura<\/strong>, la necesaria coordinaci\u00f3n de los <strong>agentes de protecci\u00f3n de la naturaleza y de las brigadas de SARGA<\/strong> con los ayuntamientos o la ubicaci\u00f3n de escombreras donde depositar los residuos de construcci\u00f3n que no sean contaminantes.<\/p>\n<p style=\"text-align: justify;\">A la<strong> Red MENPA<\/strong> se pueden adherir los <strong>76 ayuntamientos<\/strong> de las provincias de <strong>Huesca, Teruel y Zaragoza<\/strong> en cuyos t\u00e9rminos municipales se da alguna de las figuras legales de protecci\u00f3n siguientes: <strong>Parque Nacional de Ordesa y Monte Perdido, Parque Natural del Moncayo, Parque Natural de la Sierra y Ca\u00f1ones de Guara, Parque Natural de Posets-Maladeta, Parque Natural de Los Valles Occidentales, Reserva Natural Dirigida de los Sotos y Galachos del Ebro, Reserva Natural Dirigida de las Saladas de Chiprana, Reserva Natural de la Laguna de Gallocanta, Monumento Natural de los Glaciares Pirenaicos, Monumento Natural de las Grutas de Cristal de Molinos, Monumento Natural del Puente de Fonseca, Monumento Natural del Nacimiento del R\u00edo Pitarque, Paisaje Protegido de San Juan de la Pe\u00f1a y Monte Oroel, Paisaje Protegido de los Pinares de Rodeno, Paisaje Protegido de las Foces de Fago y Bini\u00e9s, Paisaje Protegido de Santo Domingo, y Monumento Natural de los \u00d3rganos de Montoro.<\/strong><\/p>\n<p style=\"text-align: justify;\">Hasta ahora, la <strong>Red MENPA<\/strong> est\u00e1 compuesta por <strong>57 ayuntamientos, 34 de Huesca<\/strong> (Abiego, A\u00ednsa-Sobrarbe, A\u00edsa, Alqu\u00e9zar, Ans\u00f3, Arag\u00fc\u00e9s del Puerto, Arguis, Bailo, B\u00e1rcabo, Benasque, Bielsa, Bierge, Bolta\u00f1a, Borau, Broto, Caldearenas, Casbas de Huesca, Colungo, Fanlo, Jasa, Las Pe\u00f1as de Riglos, Loporzano, Montanuy, Nueno, Pu\u00e9rtolas, Sabi\u00f1\u00e1nigo, Sah\u00fan, Sallent de G\u00e1llego, San Juan de Plan, Santa Cilia, Santa Cruz de la Ser\u00f3s, Tella-Sin, Torla y Valle de Hecho) , <strong>5 de Teruel<\/strong> (Castellote, Ejulve, Molinos, Pitarque y Villarluengo) y <strong>18 de Zaragoza<\/strong> (A\u00f1\u00f3n de Moncayo, Berrueco, Biel, Calcena, Chiprana, El Burgo de Ebro, Fuentes de Ebro, Gallocanta, La Puebla de Alfind\u00e9n, Las Cuerlas, Litago, Litu\u00e9nigo, Long\u00e1s, Luesia, Pastriz, Purujosa, Tarazona y Talamantes).<\/p>\n<p class=\"article-title\" style=\"text-align: justify;\"><a href=\"https:\/\/quint.cc\/famcp\/olona-recibe-los-miembros-del-consejo-gobierno-la-red-menpa\/\">Olona recibe a los miembros del Consejo de Gobierno de la Red MENPA<\/a>.<\/p>\n<p style=\"text-align: justify;\"><a href=\"https:\/\/quint.cc\/famcp\/wp-content\/uploads\/Normas-de-Funcionamiento-RED.pdf\">Normas de Funcionamiento RED<\/a>.<\/p>\n<p>[\/vc_column_text][\/vc_column][\/vc_row]<\/p>\n<\/div>","protected":false},"excerpt":{"rendered":"<p>[vc_row][vc_column][vc_column_text] La Red MENPA celebra su asamblea anual con la asistencia del consejero Olona [\/vc_column_text][\/vc_column][\/vc_row][vc_row][vc_column width=\u00bb1\/2&#8243;][vc_column_text] Los 57 municipios aragoneses cuyos t\u00e9rminos municipales forman parte de alguno de los espacios protegidos, integrados en la Red de Municipios de Espacios Naturales Protegidos de Arag\u00f3n (Red MENPA) creada en el seno de la Federaci\u00f3n Aragonesa de Municipios&hellip;<\/p>\n","protected":false},"author":6,"featured_media":0,"parent":0,"menu_order":0,"comment_status":"closed","ping_status":"closed","template":"","meta":{"footnotes":""},"class_list":["post-5393","page","type-page","status-publish","hentry","description-off"],"yoast_head":"<!-- This site is optimized with the Yoast SEO plugin v25.6 - https:\/\/yoast.com\/wordpress\/plugins\/seo\/ -->\n<title>Red MENPA - FAMCP<\/title>\n<meta name=\"robots\" content=\"index, follow, max-snippet:-1, max-image-preview:large, max-video-preview:-1\" \/>\n<link rel=\"canonical\" href=\"https:\/\/quint.cc\/famcp\/red-menpa\/\" \/>\n<meta property=\"og:locale\" content=\"es_ES\" \/>\n<meta property=\"og:type\" content=\"article\" \/>\n<meta property=\"og:title\" content=\"Red MENPA - FAMCP\" \/>\n<meta property=\"og:description\" content=\"[vc_row][vc_column][vc_column_text] La Red MENPA celebra su asamblea anual con la asistencia del consejero Olona [\/vc_column_text][\/vc_column][\/vc_row][vc_row][vc_column width=\u00bb1\/2&#8243;][vc_column_text] Los 57 municipios aragoneses cuyos t\u00e9rminos municipales forman parte de alguno de los espacios protegidos, integrados en la Red de Municipios de Espacios Naturales Protegidos de Arag\u00f3n (Red MENPA) creada en el seno de la Federaci\u00f3n Aragonesa de Municipios&hellip;\" \/>\n<meta property=\"og:url\" content=\"https:\/\/quint.cc\/famcp\/red-menpa\/\" \/>\n<meta property=\"og:site_name\" content=\"FAMCP\" \/>\n<meta property=\"article:modified_time\" content=\"2021-04-15T08:14:11+00:00\" \/>\n<meta property=\"og:image\" content=\"https:\/\/quint.cc\/famcp\/wp-content\/uploads\/FAMCP_horizontal__1_-removebg-preview-e1740077331491.png\" \/>\n\t<meta property=\"og:image:width\" content=\"300\" \/>\n\t<meta property=\"og:image:height\" content=\"109\" \/>\n\t<meta property=\"og:image:type\" content=\"image\/png\" \/>\n<meta name=\"twitter:card\" content=\"summary_large_image\" \/>\n<meta name=\"twitter:label1\" content=\"Tiempo de lectura\" \/>\n\t<meta name=\"twitter:data1\" content=\"3 minutos\" \/>\n<script type=\"application\/ld+json\" class=\"yoast-schema-graph\">{\"@context\":\"https:\/\/schema.org\",\"@graph\":[{\"@type\":\"WebPage\",\"@id\":\"https:\/\/quint.cc\/famcp\/red-menpa\/\",\"url\":\"https:\/\/quint.cc\/famcp\/red-menpa\/\",\"name\":\"Red MENPA - FAMCP\",\"isPartOf\":{\"@id\":\"https:\/\/quint.cc\/famcp\/#website\"},\"datePublished\":\"2020-02-20T09:06:17+00:00\",\"dateModified\":\"2021-04-15T08:14:11+00:00\",\"breadcrumb\":{\"@id\":\"https:\/\/quint.cc\/famcp\/red-menpa\/#breadcrumb\"},\"inLanguage\":\"es\",\"potentialAction\":[{\"@type\":\"ReadAction\",\"target\":[\"https:\/\/quint.cc\/famcp\/red-menpa\/\"]}]},{\"@type\":\"BreadcrumbList\",\"@id\":\"https:\/\/quint.cc\/famcp\/red-menpa\/#breadcrumb\",\"itemListElement\":[{\"@type\":\"ListItem\",\"position\":1,\"name\":\"Portada\",\"item\":\"https:\/\/quint.cc\/famcp\/\"},{\"@type\":\"ListItem\",\"position\":2,\"name\":\"Red MENPA\"}]},{\"@type\":\"WebSite\",\"@id\":\"https:\/\/quint.cc\/famcp\/#website\",\"url\":\"https:\/\/quint.cc\/famcp\/\",\"name\":\"FAMCP\",\"description\":\"Federaci\u00f3n Aragonesa de Municipios, Comarcas y Provincias\",\"potentialAction\":[{\"@type\":\"SearchAction\",\"target\":{\"@type\":\"EntryPoint\",\"urlTemplate\":\"https:\/\/quint.cc\/famcp\/?s={search_term_string}\"},\"query-input\":{\"@type\":\"PropertyValueSpecification\",\"valueRequired\":true,\"valueName\":\"search_term_string\"}}],\"inLanguage\":\"es\"}]}<\/script>\n<!-- \/ Yoast SEO plugin. -->","yoast_head_json":{"title":"Red MENPA - FAMCP","robots":{"index":"index","follow":"follow","max-snippet":"max-snippet:-1","max-image-preview":"max-image-preview:large","max-video-preview":"max-video-preview:-1"},"canonical":"https:\/\/quint.cc\/famcp\/red-menpa\/","og_locale":"es_ES","og_type":"article","og_title":"Red MENPA - FAMCP","og_description":"[vc_row][vc_column][vc_column_text] La Red MENPA celebra su asamblea anual con la asistencia del consejero Olona [\/vc_column_text][\/vc_column][\/vc_row][vc_row][vc_column width=\u00bb1\/2&#8243;][vc_column_text] Los 57 municipios aragoneses cuyos t\u00e9rminos municipales forman parte de alguno de los espacios protegidos, integrados en la Red de Municipios de Espacios Naturales Protegidos de Arag\u00f3n (Red MENPA) creada en el seno de la Federaci\u00f3n Aragonesa de Municipios&hellip;","og_url":"https:\/\/quint.cc\/famcp\/red-menpa\/","og_site_name":"FAMCP","article_modified_time":"2021-04-15T08:14:11+00:00","og_image":[{"width":300,"height":109,"url":"https:\/\/quint.cc\/famcp\/wp-content\/uploads\/FAMCP_horizontal__1_-removebg-preview-e1740077331491.png","type":"image\/png"}],"twitter_card":"summary_large_image","twitter_misc":{"Tiempo de lectura":"3 minutos"},"schema":{"@context":"https:\/\/schema.org","@graph":[{"@type":"WebPage","@id":"https:\/\/quint.cc\/famcp\/red-menpa\/","url":"https:\/\/quint.cc\/famcp\/red-menpa\/","name":"Red MENPA - FAMCP","isPartOf":{"@id":"https:\/\/quint.cc\/famcp\/#website"},"datePublished":"2020-02-20T09:06:17+00:00","dateModified":"2021-04-15T08:14:11+00:00","breadcrumb":{"@id":"https:\/\/quint.cc\/famcp\/red-menpa\/#breadcrumb"},"inLanguage":"es","potentialAction":[{"@type":"ReadAction","target":["https:\/\/quint.cc\/famcp\/red-menpa\/"]}]},{"@type":"BreadcrumbList","@id":"https:\/\/quint.cc\/famcp\/red-menpa\/#breadcrumb","itemListElement":[{"@type":"ListItem","position":1,"name":"Portada","item":"https:\/\/quint.cc\/famcp\/"},{"@type":"ListItem","position":2,"name":"Red MENPA"}]},{"@type":"WebSite","@id":"https:\/\/quint.cc\/famcp\/#website","url":"https:\/\/quint.cc\/famcp\/","name":"FAMCP","description":"Federaci\u00f3n Aragonesa de Municipios, Comarcas y Provincias","potentialAction":[{"@type":"SearchAction","target":{"@type":"EntryPoint","urlTemplate":"https:\/\/quint.cc\/famcp\/?s={search_term_string}"},"query-input":{"@type":"PropertyValueSpecification","valueRequired":true,"valueName":"search_term_string"}}],"inLanguage":"es"}]}},"_links":{"self":[{"href":"https:\/\/quint.cc\/famcp\/wp-json\/wp\/v2\/pages\/5393","targetHints":{"allow":["GET"]}}],"collection":[{"href":"https:\/\/quint.cc\/famcp\/wp-json\/wp\/v2\/pages"}],"about":[{"href":"https:\/\/quint.cc\/famcp\/wp-json\/wp\/v2\/types\/page"}],"author":[{"embeddable":true,"href":"https:\/\/quint.cc\/famcp\/wp-json\/wp\/v2\/users\/6"}],"replies":[{"embeddable":true,"href":"https:\/\/quint.cc\/famcp\/wp-json\/wp\/v2\/comments?post=5393"}],"version-history":[{"count":12,"href":"https:\/\/quint.cc\/famcp\/wp-json\/wp\/v2\/pages\/5393\/revisions"}],"predecessor-version":[{"id":8917,"href":"https:\/\/quint.cc\/famcp\/wp-json\/wp\/v2\/pages\/5393\/revisions\/8917"}],"wp:attachment":[{"href":"https:\/\/quint.cc\/famcp\/wp-json\/wp\/v2\/media?parent=5393"}],"curies":[{"name":"wp","href":"https:\/\/api.w.org\/{rel}","templated":true}]}}