{"id":393,"date":"2016-06-23T13:54:26","date_gmt":"2016-06-23T11:54:26","guid":{"rendered":"https:\/\/quint.cc\/famcp\/?page_id=393"},"modified":"2022-12-01T10:20:39","modified_gmt":"2022-12-01T09:20:39","slug":"publicaciones","status":"publish","type":"page","link":"https:\/\/quint.cc\/famcp\/publicaciones\/","title":{"rendered":"Publicaciones"},"content":{"rendered":"<div class=\"wpb-content-wrapper\"><p>[vc_row content_placement=\u00bbmiddle\u00bb][vc_column width=\u00bb1\/2&#8243;][vc_single_image image=\u00bb13205&#8243; img_size=\u00bbfull\u00bb alignment=\u00bbcenter\u00bb onclick=\u00bbcustom_link\u00bb img_link_target=\u00bb_blank\u00bb link=\u00bbhttps:\/\/actechfriendly-my.sharepoint.com\/:b:\/g\/personal\/dune_techfriendly_es\/EYfiOSTqllJDjcAqdT0hpzwBRrKbeecNBZ_038SfmgW2TQ\u00bb][\/vc_column][vc_column width=\u00bb1\/2&#8243;][vc_column_text]<\/p>\n<h4 style=\"text-align: center;\"><em><strong>Gu\u00eda de buenas pr\u00e1cticas de la Red Aragonesa<\/strong><\/em><\/h4>\n<p style=\"text-align: center;\"><small>Editor<\/small><\/p>\n<p style=\"text-align: center;\"><strong>FAMCP Ediciones<\/strong><\/p>\n<p>[\/vc_column_text][vc_column_text]<\/p>\n<p style=\"text-align: center;\"><a class=\"button\" href=\"https:\/\/actechfriendly-my.sharepoint.com\/:b:\/g\/personal\/dune_techfriendly_es\/EYfiOSTqllJDjcAqdT0hpzwBRrKbeecNBZ_038SfmgW2TQ\" target=\"new\" rel=\"noopener\"><i class=\"ico fa fa-download\"><\/i> Descargar PDF<\/a><\/p>\n<p>[\/vc_column_text][\/vc_column][\/vc_row][vc_row content_placement=\u00bbmiddle\u00bb][vc_column width=\u00bb1\/2&#8243;][vc_single_image image=\u00bb8715&#8243; img_size=\u00bbfull\u00bb alignment=\u00bbcenter\u00bb onclick=\u00bbcustom_link\u00bb img_link_target=\u00bb_blank\u00bb link=\u00bbhttps:\/\/quint.cc\/famcp\/wp-content\/uploads\/VG-1.pdf\u00bb][\/vc_column][vc_column width=\u00bb1\/2&#8243;][vc_column_text]<\/p>\n<h4 style=\"text-align: center;\"><em><strong>Violencia de G\u00e9nero, gu\u00eda pr\u00e1ctica para las Entidades Locales<\/strong><\/em><\/h4>\n<p style=\"text-align: center;\"><small>Editor<\/small><\/p>\n<p style=\"text-align: center;\"><strong>FAMCP Ediciones<\/strong><\/p>\n<p>[\/vc_column_text][vc_column_text]<\/p>\n<p style=\"text-align: center;\"><a class=\"button\" href=\"https:\/\/quint.cc\/famcp\/wp-content\/uploads\/VG-1.pdf\" target=\"new\" rel=\"noopener\"><i class=\"ico fa fa-download\"><\/i> Descargar PDF<\/a><\/p>\n<p>[\/vc_column_text][\/vc_column][\/vc_row][vc_row full_width=\u00bbstretch_row\u00bb content_placement=\u00bbmiddle\u00bb css=\u00bb.vc_custom_1617619902885{background-color: #f4f4f4 !important;}\u00bb][vc_column width=\u00bb1\/2&#8243;][vc_single_image image=\u00bb8713&#8243; img_size=\u00bbfull\u00bb alignment=\u00bbcenter\u00bb onclick=\u00bbcustom_link\u00bb img_link_target=\u00bb_blank\u00bb link=\u00bbhttps:\/\/quint.cc\/famcp\/wp-content\/uploads\/Manual-Practico-de-Licencias-Municipales-en-la-Comunidad-Autonoma-de-Aragon.pdf\u00bb][\/vc_column][vc_column width=\u00bb1\/2&#8243;][vc_column_text]<\/p>\n<h4 style=\"text-align: center;\"><em><strong>Manual Pr\u00e1ctico de Licencias Municipales en la Comunidad Aut\u00f3noma de Arag\u00f3n<\/strong><\/em><\/h4>\n<p style=\"text-align: center;\"><small>Autores<\/small><\/p>\n<p style=\"text-align: center;\"><strong>\u00a0Rosa S\u00e1nchez Gim\u00e9nez, Fernando Tirado Aznar<\/strong><\/p>\n<p style=\"text-align: center;\"><small>Editor<\/small><\/p>\n<p style=\"text-align: center;\"><strong>FAMCP Ediciones<\/strong><\/p>\n<p>[\/vc_column_text][vc_column_text]<\/p>\n<p style=\"text-align: center;\"><a class=\"button\" href=\"https:\/\/quint.cc\/famcp\/wp-content\/uploads\/Manual-Practico-de-Licencias-Municipales-en-la-Comunidad-Autonoma-de-Aragon.pdf\" target=\"new\" rel=\"noopener\"><i class=\"ico fa fa-download\"><\/i> Descargar PDF<\/a><\/p>\n<p>[\/vc_column_text][\/vc_column][\/vc_row][vc_row content_placement=\u00bbmiddle\u00bb][vc_column width=\u00bb1\/2&#8243;][vc_single_image image=\u00bb8714&#8243; img_size=\u00bbfull\u00bb alignment=\u00bbcenter\u00bb onclick=\u00bbcustom_link\u00bb img_link_target=\u00bb_blank\u00bb link=\u00bbhttps:\/\/quint.cc\/famcp\/wp-content\/uploads\/Jornadas-sobre-la-Ley-de-Promo-cio%CC%81n-de-la-Autonomi%CC%81a-Personal-y-Atencio%CC%81n-a-las-Personas-en-Situacion-de-Dependencia.pdf\u00bb][\/vc_column][vc_column width=\u00bb1\/2&#8243;][vc_column_text]<\/p>\n<h4 style=\"text-align: center;\"><em><strong>Jornadas sobre la Ley de Promoci\u00f3n de la Autonom\u00eda Personal y Atenci\u00f3n a las Personas en Situaci\u00f3n de Dependencia<\/strong><\/em><\/h4>\n<p style=\"text-align: center;\"><small>Ponencias<\/small><\/p>\n<p style=\"text-align: center;\"><strong>Mar\u00eda Jes\u00fas Brezmes, Gustavo Garc\u00eda Herrero<\/strong><\/p>\n<p style=\"text-align: center;\"><small>Editor<\/small><\/p>\n<p style=\"text-align: center;\"><strong>FAMCP Ediciones<\/strong><\/p>\n<p>[\/vc_column_text][vc_column_text]<\/p>\n<p style=\"text-align: center;\"><a class=\"button\" href=\"https:\/\/quint.cc\/famcp\/wp-content\/uploads\/Jornadas-sobre-la-Ley-de-Promo-cio%CC%81n-de-la-Autonomi%CC%81a-Personal-y-Atencio%CC%81n-a-las-Personas-en-Situacion-de-Dependencia.pdf\" target=\"new\" rel=\"noopener\"><i class=\"ico fa fa-download\"><\/i> Descargar PDF<\/a><\/p>\n<p>[\/vc_column_text][\/vc_column][\/vc_row]<\/p>\n<\/div>","protected":false},"excerpt":{"rendered":"<p>[vc_row content_placement=\u00bbmiddle\u00bb][vc_column width=\u00bb1\/2&#8243;][vc_single_image image=\u00bb13205&#8243; img_size=\u00bbfull\u00bb alignment=\u00bbcenter\u00bb onclick=\u00bbcustom_link\u00bb img_link_target=\u00bb_blank\u00bb link=\u00bbhttps:\/\/actechfriendly-my.sharepoint.com\/:b:\/g\/personal\/dune_techfriendly_es\/EYfiOSTqllJDjcAqdT0hpzwBRrKbeecNBZ_038SfmgW2TQ\u00bb][\/vc_column][vc_column width=\u00bb1\/2&#8243;][vc_column_text] Gu\u00eda de buenas pr\u00e1cticas de la Red Aragonesa Editor FAMCP Ediciones [\/vc_column_text][vc_column_text] Descargar PDF [\/vc_column_text][\/vc_column][\/vc_row][vc_row content_placement=\u00bbmiddle\u00bb][vc_column width=\u00bb1\/2&#8243;][vc_single_image image=\u00bb8715&#8243; img_size=\u00bbfull\u00bb alignment=\u00bbcenter\u00bb onclick=\u00bbcustom_link\u00bb img_link_target=\u00bb_blank\u00bb link=\u00bbhttps:\/\/quint.cc\/famcp\/wp-content\/uploads\/VG-1.pdf\u00bb][\/vc_column][vc_column width=\u00bb1\/2&#8243;][vc_column_text] Violencia de G\u00e9nero, gu\u00eda pr\u00e1ctica para las Entidades Locales Editor FAMCP Ediciones [\/vc_column_text][vc_column_text] Descargar PDF [\/vc_column_text][\/vc_column][\/vc_row][vc_row full_width=\u00bbstretch_row\u00bb content_placement=\u00bbmiddle\u00bb css=\u00bb.vc_custom_1617619902885{background-color: #f4f4f4 !important;}\u00bb][vc_column&hellip;<\/p>\n","protected":false},"author":6,"featured_media":0,"parent":0,"menu_order":0,"comment_status":"closed","ping_status":"closed","template":"","meta":{"footnotes":""},"class_list":["post-393","page","type-page","status-publish","hentry","description-off"],"yoast_head":"<!-- This site is optimized with the Yoast SEO plugin v25.6 - https:\/\/yoast.com\/wordpress\/plugins\/seo\/ -->\n<title>Publicaciones - FAMCP<\/title>\n<meta name=\"robots\" content=\"index, follow, max-snippet:-1, max-image-preview:large, max-video-preview:-1\" \/>\n<link rel=\"canonical\" href=\"https:\/\/quint.cc\/famcp\/publicaciones\/\" \/>\n<meta property=\"og:locale\" content=\"es_ES\" \/>\n<meta property=\"og:type\" content=\"article\" \/>\n<meta property=\"og:title\" content=\"Publicaciones - FAMCP\" \/>\n<meta property=\"og:description\" content=\"[vc_row content_placement=\u00bbmiddle\u00bb][vc_column width=\u00bb1\/2&#8243;][vc_single_image image=\u00bb13205&#8243; img_size=\u00bbfull\u00bb alignment=\u00bbcenter\u00bb onclick=\u00bbcustom_link\u00bb img_link_target=\u00bb_blank\u00bb link=\u00bbhttps:\/\/actechfriendly-my.sharepoint.com\/:b:\/g\/personal\/dune_techfriendly_es\/EYfiOSTqllJDjcAqdT0hpzwBRrKbeecNBZ_038SfmgW2TQ\u00bb][\/vc_column][vc_column width=\u00bb1\/2&#8243;][vc_column_text] Gu\u00eda de buenas pr\u00e1cticas de la Red Aragonesa Editor FAMCP Ediciones [\/vc_column_text][vc_column_text] Descargar PDF [\/vc_column_text][\/vc_column][\/vc_row][vc_row content_placement=\u00bbmiddle\u00bb][vc_column width=\u00bb1\/2&#8243;][vc_single_image image=\u00bb8715&#8243; img_size=\u00bbfull\u00bb alignment=\u00bbcenter\u00bb onclick=\u00bbcustom_link\u00bb img_link_target=\u00bb_blank\u00bb link=\u00bbhttps:\/\/quint.cc\/famcp\/wp-content\/uploads\/VG-1.pdf\u00bb][\/vc_column][vc_column width=\u00bb1\/2&#8243;][vc_column_text] Violencia de G\u00e9nero, gu\u00eda pr\u00e1ctica para las Entidades Locales Editor FAMCP Ediciones [\/vc_column_text][vc_column_text] Descargar PDF [\/vc_column_text][\/vc_column][\/vc_row][vc_row full_width=\u00bbstretch_row\u00bb content_placement=\u00bbmiddle\u00bb css=\u00bb.vc_custom_1617619902885{background-color: #f4f4f4 !important;}\u00bb][vc_column&hellip;\" \/>\n<meta property=\"og:url\" content=\"https:\/\/quint.cc\/famcp\/publicaciones\/\" \/>\n<meta property=\"og:site_name\" content=\"FAMCP\" \/>\n<meta property=\"article:modified_time\" content=\"2022-12-01T09:20:39+00:00\" \/>\n<meta property=\"og:image\" content=\"https:\/\/quint.cc\/famcp\/wp-content\/uploads\/FAMCP_horizontal__1_-removebg-preview-e1740077331491.png\" \/>\n\t<meta property=\"og:image:width\" content=\"300\" \/>\n\t<meta property=\"og:image:height\" content=\"109\" \/>\n\t<meta property=\"og:image:type\" content=\"image\/png\" \/>\n<meta name=\"twitter:card\" content=\"summary_large_image\" \/>\n<meta name=\"twitter:label1\" content=\"Tiempo de lectura\" \/>\n\t<meta name=\"twitter:data1\" content=\"1 minuto\" \/>\n<script type=\"application\/ld+json\" class=\"yoast-schema-graph\">{\"@context\":\"https:\/\/schema.org\",\"@graph\":[{\"@type\":\"WebPage\",\"@id\":\"https:\/\/quint.cc\/famcp\/publicaciones\/\",\"url\":\"https:\/\/quint.cc\/famcp\/publicaciones\/\",\"name\":\"Publicaciones - FAMCP\",\"isPartOf\":{\"@id\":\"https:\/\/quint.cc\/famcp\/#website\"},\"datePublished\":\"2016-06-23T11:54:26+00:00\",\"dateModified\":\"2022-12-01T09:20:39+00:00\",\"breadcrumb\":{\"@id\":\"https:\/\/quint.cc\/famcp\/publicaciones\/#breadcrumb\"},\"inLanguage\":\"es\",\"potentialAction\":[{\"@type\":\"ReadAction\",\"target\":[\"https:\/\/quint.cc\/famcp\/publicaciones\/\"]}]},{\"@type\":\"BreadcrumbList\",\"@id\":\"https:\/\/quint.cc\/famcp\/publicaciones\/#breadcrumb\",\"itemListElement\":[{\"@type\":\"ListItem\",\"position\":1,\"name\":\"Portada\",\"item\":\"https:\/\/quint.cc\/famcp\/\"},{\"@type\":\"ListItem\",\"position\":2,\"name\":\"Publicaciones\"}]},{\"@type\":\"WebSite\",\"@id\":\"https:\/\/quint.cc\/famcp\/#website\",\"url\":\"https:\/\/quint.cc\/famcp\/\",\"name\":\"FAMCP\",\"description\":\"Federaci\u00f3n Aragonesa de Municipios, Comarcas y Provincias\",\"potentialAction\":[{\"@type\":\"SearchAction\",\"target\":{\"@type\":\"EntryPoint\",\"urlTemplate\":\"https:\/\/quint.cc\/famcp\/?s={search_term_string}\"},\"query-input\":{\"@type\":\"PropertyValueSpecification\",\"valueRequired\":true,\"valueName\":\"search_term_string\"}}],\"inLanguage\":\"es\"}]}<\/script>\n<!-- \/ Yoast SEO plugin. -->","yoast_head_json":{"title":"Publicaciones - FAMCP","robots":{"index":"index","follow":"follow","max-snippet":"max-snippet:-1","max-image-preview":"max-image-preview:large","max-video-preview":"max-video-preview:-1"},"canonical":"https:\/\/quint.cc\/famcp\/publicaciones\/","og_locale":"es_ES","og_type":"article","og_title":"Publicaciones - FAMCP","og_description":"[vc_row content_placement=\u00bbmiddle\u00bb][vc_column width=\u00bb1\/2&#8243;][vc_single_image image=\u00bb13205&#8243; img_size=\u00bbfull\u00bb alignment=\u00bbcenter\u00bb onclick=\u00bbcustom_link\u00bb img_link_target=\u00bb_blank\u00bb link=\u00bbhttps:\/\/actechfriendly-my.sharepoint.com\/:b:\/g\/personal\/dune_techfriendly_es\/EYfiOSTqllJDjcAqdT0hpzwBRrKbeecNBZ_038SfmgW2TQ\u00bb][\/vc_column][vc_column width=\u00bb1\/2&#8243;][vc_column_text] Gu\u00eda de buenas pr\u00e1cticas de la Red Aragonesa Editor FAMCP Ediciones [\/vc_column_text][vc_column_text] Descargar PDF [\/vc_column_text][\/vc_column][\/vc_row][vc_row content_placement=\u00bbmiddle\u00bb][vc_column width=\u00bb1\/2&#8243;][vc_single_image image=\u00bb8715&#8243; img_size=\u00bbfull\u00bb alignment=\u00bbcenter\u00bb onclick=\u00bbcustom_link\u00bb img_link_target=\u00bb_blank\u00bb link=\u00bbhttps:\/\/quint.cc\/famcp\/wp-content\/uploads\/VG-1.pdf\u00bb][\/vc_column][vc_column width=\u00bb1\/2&#8243;][vc_column_text] Violencia de G\u00e9nero, gu\u00eda pr\u00e1ctica para las Entidades Locales Editor FAMCP Ediciones [\/vc_column_text][vc_column_text] Descargar PDF [\/vc_column_text][\/vc_column][\/vc_row][vc_row full_width=\u00bbstretch_row\u00bb content_placement=\u00bbmiddle\u00bb css=\u00bb.vc_custom_1617619902885{background-color: #f4f4f4 !important;}\u00bb][vc_column&hellip;","og_url":"https:\/\/quint.cc\/famcp\/publicaciones\/","og_site_name":"FAMCP","article_modified_time":"2022-12-01T09:20:39+00:00","og_image":[{"width":300,"height":109,"url":"https:\/\/quint.cc\/famcp\/wp-content\/uploads\/FAMCP_horizontal__1_-removebg-preview-e1740077331491.png","type":"image\/png"}],"twitter_card":"summary_large_image","twitter_misc":{"Tiempo de lectura":"1 minuto"},"schema":{"@context":"https:\/\/schema.org","@graph":[{"@type":"WebPage","@id":"https:\/\/quint.cc\/famcp\/publicaciones\/","url":"https:\/\/quint.cc\/famcp\/publicaciones\/","name":"Publicaciones - FAMCP","isPartOf":{"@id":"https:\/\/quint.cc\/famcp\/#website"},"datePublished":"2016-06-23T11:54:26+00:00","dateModified":"2022-12-01T09:20:39+00:00","breadcrumb":{"@id":"https:\/\/quint.cc\/famcp\/publicaciones\/#breadcrumb"},"inLanguage":"es","potentialAction":[{"@type":"ReadAction","target":["https:\/\/quint.cc\/famcp\/publicaciones\/"]}]},{"@type":"BreadcrumbList","@id":"https:\/\/quint.cc\/famcp\/publicaciones\/#breadcrumb","itemListElement":[{"@type":"ListItem","position":1,"name":"Portada","item":"https:\/\/quint.cc\/famcp\/"},{"@type":"ListItem","position":2,"name":"Publicaciones"}]},{"@type":"WebSite","@id":"https:\/\/quint.cc\/famcp\/#website","url":"https:\/\/quint.cc\/famcp\/","name":"FAMCP","description":"Federaci\u00f3n Aragonesa de Municipios, Comarcas y Provincias","potentialAction":[{"@type":"SearchAction","target":{"@type":"EntryPoint","urlTemplate":"https:\/\/quint.cc\/famcp\/?s={search_term_string}"},"query-input":{"@type":"PropertyValueSpecification","valueRequired":true,"valueName":"search_term_string"}}],"inLanguage":"es"}]}},"_links":{"self":[{"href":"https:\/\/quint.cc\/famcp\/wp-json\/wp\/v2\/pages\/393","targetHints":{"allow":["GET"]}}],"collection":[{"href":"https:\/\/quint.cc\/famcp\/wp-json\/wp\/v2\/pages"}],"about":[{"href":"https:\/\/quint.cc\/famcp\/wp-json\/wp\/v2\/types\/page"}],"author":[{"embeddable":true,"href":"https:\/\/quint.cc\/famcp\/wp-json\/wp\/v2\/users\/6"}],"replies":[{"embeddable":true,"href":"https:\/\/quint.cc\/famcp\/wp-json\/wp\/v2\/comments?post=393"}],"version-history":[{"count":59,"href":"https:\/\/quint.cc\/famcp\/wp-json\/wp\/v2\/pages\/393\/revisions"}],"predecessor-version":[{"id":13207,"href":"https:\/\/quint.cc\/famcp\/wp-json\/wp\/v2\/pages\/393\/revisions\/13207"}],"wp:attachment":[{"href":"https:\/\/quint.cc\/famcp\/wp-json\/wp\/v2\/media?parent=393"}],"curies":[{"name":"wp","href":"https:\/\/api.w.org\/{rel}","templated":true}]}}