{"id":388,"date":"2016-06-23T13:24:17","date_gmt":"2016-06-23T11:24:17","guid":{"rendered":"https:\/\/quint.cc\/famcp\/?page_id=388"},"modified":"2024-02-01T10:15:51","modified_gmt":"2024-02-01T09:15:51","slug":"presidentes-y-presidentas-comarcales","status":"publish","type":"page","link":"https:\/\/quint.cc\/famcp\/presidentes-y-presidentas-comarcales\/","title":{"rendered":"Presidentes y presidentas comarcales"},"content":{"rendered":"<div class=\"wpb-content-wrapper\"><p>[vc_row][vc_column][vc_column_text]<\/p>\n<table>\n<tbody>\n<tr>\n<td width=\"314\"><strong>COMARCA<\/strong><\/td>\n<td width=\"293\"><strong>PRESIDENTE\/PRESIDENTA<\/strong><\/td>\n<\/tr>\n<tr>\n<td width=\"314\">ALTO GALLEGO<\/td>\n<td width=\"293\">Primitivo Grasa Cebollero<\/td>\n<\/tr>\n<tr>\n<td width=\"314\">ANDORRA-SIERRA ARCOS<\/td>\n<td width=\"293\">Naiara Loras Minguill\u00f3n<\/td>\n<\/tr>\n<tr>\n<td width=\"314\">ARANDA<\/td>\n<td width=\"293\">Francisco Javier Lorente Garcia<\/td>\n<\/tr>\n<tr>\n<td width=\"314\">DEL BAJO ARAG\u00d3N<\/td>\n<td width=\"293\">Jose Miguel Celma Belmonte<\/td>\n<\/tr>\n<tr>\n<td width=\"314\">BAJO ARAG\u00d3N-CASPE<\/td>\n<td width=\"293\">Javier Nicol\u00e1s Garcia<\/td>\n<\/tr>\n<tr>\n<td width=\"314\">BAJO CINCA<\/td>\n<td width=\"293\">Javier Ferrer Jordan<\/td>\n<\/tr>\n<tr>\n<td width=\"314\">BAJO MART\u00cdN<\/td>\n<td width=\"293\">Alfonso P\u00e9rez Ornaque<\/td>\n<\/tr>\n<tr>\n<td width=\"314\">CAMPO DE BELCHITE<\/td>\n<td width=\"293\">Carmelo P\u00e9rez Diez<\/td>\n<\/tr>\n<tr>\n<td width=\"314\">CAMPO DE BORJA<\/td>\n<td width=\"293\">Maria Eugenia Coloma Lavilla<\/td>\n<\/tr>\n<tr>\n<td width=\"314\">CAMPO DE CARI\u00d1ENA<\/td>\n<td width=\"293\">Lucio Cucal\u00f3n Bernal<\/td>\n<\/tr>\n<tr>\n<td width=\"314\">CAMPO DE DAROCA<\/td>\n<td width=\"293\">Francisco Javier Lafuente<\/td>\n<\/tr>\n<tr>\n<td width=\"314\">CINCA MEDIO<\/td>\n<td width=\"293\">Jose Maria Civiac Moreno<\/td>\n<\/tr>\n<tr>\n<td width=\"314\">CINCO VILLAS<\/td>\n<td width=\"293\">Santos Navarro Gim\u00e9nez<\/td>\n<\/tr>\n<tr>\n<td width=\"314\">COMUNIDAD DE CALATAYUD<\/td>\n<td width=\"293\">Ignacio Marcuello Casorran<\/td>\n<\/tr>\n<tr>\n<td width=\"314\">COMUNIDAD DE TERUEL<\/td>\n<td width=\"293\">Jose Herrero Palomar<\/td>\n<\/tr>\n<tr>\n<td width=\"314\">CUENCAS MINERAS<\/td>\n<td width=\"293\">Javier Larraz L\u00f3pez<\/td>\n<\/tr>\n<tr>\n<td width=\"314\">G\u00daDAR-JAVALAMBRE<\/td>\n<td width=\"293\">Jose Luis Alvir Martinez<\/td>\n<\/tr>\n<tr>\n<td width=\"314\">HOYA DE HUESCA<\/td>\n<td width=\"293\">M\u00f3nica Soler Navarro<\/td>\n<\/tr>\n<tr>\n<td width=\"314\">JACETANIA<\/td>\n<td width=\"293\">Olvido Moratinos Gracia<\/td>\n<\/tr>\n<tr>\n<td width=\"314\">JILOCA<\/td>\n<td width=\"293\">Francisco Javier Hern\u00e1ndez Collados<\/td>\n<\/tr>\n<tr>\n<td width=\"314\">LA LITERA<\/td>\n<td width=\"293\">Tania Solans Raluy<\/td>\n<\/tr>\n<tr>\n<td width=\"314\">MAESTRAZGO<\/td>\n<td width=\"293\">Fernando Safont Alc\u00f3n<\/td>\n<\/tr>\n<tr>\n<td width=\"314\">MATARRA\u00d1A<\/td>\n<td width=\"293\">Fernando Camps Juan<\/td>\n<\/tr>\n<tr>\n<td width=\"314\">MONEGROS<\/td>\n<td width=\"293\">Pedro Manuel Loscertales Negues<\/td>\n<\/tr>\n<tr>\n<td width=\"314\">RIBAGORZA<\/td>\n<td width=\"293\">Roque Vicente Lanau<\/td>\n<\/tr>\n<tr>\n<td width=\"314\">RIBERAL ALTA DEL EBRO<\/td>\n<td width=\"293\">Jos\u00e9 Miguel Ach\u00f3n Lozano<\/td>\n<\/tr>\n<tr>\n<td width=\"314\">RIBERA BAJA DEL EBRO<\/td>\n<td width=\"293\">Juan Ramon Lis R\u00edos<\/td>\n<\/tr>\n<tr>\n<td width=\"314\">SIERRA DE ALBARRAC\u00cdN<\/td>\n<td width=\"293\">Inocencio Mart\u00ednez Sanchez<\/td>\n<\/tr>\n<tr>\n<td width=\"314\">SOBRARBE<\/td>\n<td width=\"293\">Jose Manuel Bielsa Manzano<\/td>\n<\/tr>\n<tr>\n<td width=\"314\">SOMONTANO DE BARBASTRO<\/td>\n<td width=\"293\">Saul P\u00e9rez Lacasa<\/td>\n<\/tr>\n<tr>\n<td width=\"314\">TARAZONA Y EL MONCAYO<\/td>\n<td width=\"293\">Jacob Ram\u00edrez Mora<\/td>\n<\/tr>\n<tr>\n<td width=\"314\">VALDEJAL\u00d3N<\/td>\n<td width=\"293\">Jes\u00fas Baz\u00e1n Sanz<\/td>\n<\/tr>\n<tr>\n<td width=\"314\">CENTRAL<\/td>\n<td width=\"293\">Jose Miguel Ezquerra Calvo<\/td>\n<\/tr>\n<\/tbody>\n<\/table>\n<p>[\/vc_column_text][\/vc_column][\/vc_row]<\/p>\n<\/div>","protected":false},"excerpt":{"rendered":"<p>[vc_row][vc_column][vc_column_text] COMARCA PRESIDENTE\/PRESIDENTA ALTO GALLEGO Primitivo Grasa Cebollero ANDORRA-SIERRA ARCOS Naiara Loras Minguill\u00f3n ARANDA Francisco Javier Lorente Garcia DEL BAJO ARAG\u00d3N Jose Miguel Celma Belmonte BAJO ARAG\u00d3N-CASPE Javier Nicol\u00e1s Garcia BAJO CINCA Javier Ferrer Jordan BAJO MART\u00cdN Alfonso P\u00e9rez Ornaque CAMPO DE BELCHITE Carmelo P\u00e9rez Diez CAMPO DE BORJA Maria Eugenia Coloma Lavilla CAMPO DE&hellip;<\/p>\n","protected":false},"author":6,"featured_media":0,"parent":0,"menu_order":0,"comment_status":"closed","ping_status":"closed","template":"","meta":{"footnotes":""},"class_list":["post-388","page","type-page","status-publish","hentry","description-off"],"yoast_head":"<!-- This site is optimized with the Yoast SEO plugin v25.6 - https:\/\/yoast.com\/wordpress\/plugins\/seo\/ -->\n<title>Presidentes y presidentas comarcales - FAMCP<\/title>\n<meta name=\"robots\" content=\"index, follow, max-snippet:-1, max-image-preview:large, max-video-preview:-1\" \/>\n<link rel=\"canonical\" href=\"https:\/\/quint.cc\/famcp\/presidentes-y-presidentas-comarcales\/\" \/>\n<meta property=\"og:locale\" content=\"es_ES\" \/>\n<meta property=\"og:type\" content=\"article\" \/>\n<meta property=\"og:title\" content=\"Presidentes y presidentas comarcales - FAMCP\" \/>\n<meta property=\"og:description\" content=\"[vc_row][vc_column][vc_column_text] COMARCA PRESIDENTE\/PRESIDENTA ALTO GALLEGO Primitivo Grasa Cebollero ANDORRA-SIERRA ARCOS Naiara Loras Minguill\u00f3n ARANDA Francisco Javier Lorente Garcia DEL BAJO ARAG\u00d3N Jose Miguel Celma Belmonte BAJO ARAG\u00d3N-CASPE Javier Nicol\u00e1s Garcia BAJO CINCA Javier Ferrer Jordan BAJO MART\u00cdN Alfonso P\u00e9rez Ornaque CAMPO DE BELCHITE Carmelo P\u00e9rez Diez CAMPO DE BORJA Maria Eugenia Coloma Lavilla CAMPO DE&hellip;\" \/>\n<meta property=\"og:url\" content=\"https:\/\/quint.cc\/famcp\/presidentes-y-presidentas-comarcales\/\" \/>\n<meta property=\"og:site_name\" content=\"FAMCP\" \/>\n<meta property=\"article:modified_time\" content=\"2024-02-01T09:15:51+00:00\" \/>\n<meta property=\"og:image\" content=\"https:\/\/quint.cc\/famcp\/wp-content\/uploads\/FAMCP_horizontal__1_-removebg-preview-e1740077331491.png\" \/>\n\t<meta property=\"og:image:width\" content=\"300\" \/>\n\t<meta property=\"og:image:height\" content=\"109\" \/>\n\t<meta property=\"og:image:type\" content=\"image\/png\" \/>\n<meta name=\"twitter:card\" content=\"summary_large_image\" \/>\n<meta name=\"twitter:label1\" content=\"Tiempo de lectura\" \/>\n\t<meta name=\"twitter:data1\" content=\"1 minuto\" \/>\n<script type=\"application\/ld+json\" class=\"yoast-schema-graph\">{\"@context\":\"https:\/\/schema.org\",\"@graph\":[{\"@type\":\"WebPage\",\"@id\":\"https:\/\/quint.cc\/famcp\/presidentes-y-presidentas-comarcales\/\",\"url\":\"https:\/\/quint.cc\/famcp\/presidentes-y-presidentas-comarcales\/\",\"name\":\"Presidentes y presidentas comarcales - FAMCP\",\"isPartOf\":{\"@id\":\"https:\/\/quint.cc\/famcp\/#website\"},\"datePublished\":\"2016-06-23T11:24:17+00:00\",\"dateModified\":\"2024-02-01T09:15:51+00:00\",\"breadcrumb\":{\"@id\":\"https:\/\/quint.cc\/famcp\/presidentes-y-presidentas-comarcales\/#breadcrumb\"},\"inLanguage\":\"es\",\"potentialAction\":[{\"@type\":\"ReadAction\",\"target\":[\"https:\/\/quint.cc\/famcp\/presidentes-y-presidentas-comarcales\/\"]}]},{\"@type\":\"BreadcrumbList\",\"@id\":\"https:\/\/quint.cc\/famcp\/presidentes-y-presidentas-comarcales\/#breadcrumb\",\"itemListElement\":[{\"@type\":\"ListItem\",\"position\":1,\"name\":\"Portada\",\"item\":\"https:\/\/quint.cc\/famcp\/\"},{\"@type\":\"ListItem\",\"position\":2,\"name\":\"Presidentes y presidentas comarcales\"}]},{\"@type\":\"WebSite\",\"@id\":\"https:\/\/quint.cc\/famcp\/#website\",\"url\":\"https:\/\/quint.cc\/famcp\/\",\"name\":\"FAMCP\",\"description\":\"Federaci\u00f3n Aragonesa de Municipios, Comarcas y Provincias\",\"potentialAction\":[{\"@type\":\"SearchAction\",\"target\":{\"@type\":\"EntryPoint\",\"urlTemplate\":\"https:\/\/quint.cc\/famcp\/?s={search_term_string}\"},\"query-input\":{\"@type\":\"PropertyValueSpecification\",\"valueRequired\":true,\"valueName\":\"search_term_string\"}}],\"inLanguage\":\"es\"}]}<\/script>\n<!-- \/ Yoast SEO plugin. -->","yoast_head_json":{"title":"Presidentes y presidentas comarcales - FAMCP","robots":{"index":"index","follow":"follow","max-snippet":"max-snippet:-1","max-image-preview":"max-image-preview:large","max-video-preview":"max-video-preview:-1"},"canonical":"https:\/\/quint.cc\/famcp\/presidentes-y-presidentas-comarcales\/","og_locale":"es_ES","og_type":"article","og_title":"Presidentes y presidentas comarcales - FAMCP","og_description":"[vc_row][vc_column][vc_column_text] COMARCA PRESIDENTE\/PRESIDENTA ALTO GALLEGO Primitivo Grasa Cebollero ANDORRA-SIERRA ARCOS Naiara Loras Minguill\u00f3n ARANDA Francisco Javier Lorente Garcia DEL BAJO ARAG\u00d3N Jose Miguel Celma Belmonte BAJO ARAG\u00d3N-CASPE Javier Nicol\u00e1s Garcia BAJO CINCA Javier Ferrer Jordan BAJO MART\u00cdN Alfonso P\u00e9rez Ornaque CAMPO DE BELCHITE Carmelo P\u00e9rez Diez CAMPO DE BORJA Maria Eugenia Coloma Lavilla CAMPO DE&hellip;","og_url":"https:\/\/quint.cc\/famcp\/presidentes-y-presidentas-comarcales\/","og_site_name":"FAMCP","article_modified_time":"2024-02-01T09:15:51+00:00","og_image":[{"width":300,"height":109,"url":"https:\/\/quint.cc\/famcp\/wp-content\/uploads\/FAMCP_horizontal__1_-removebg-preview-e1740077331491.png","type":"image\/png"}],"twitter_card":"summary_large_image","twitter_misc":{"Tiempo de lectura":"1 minuto"},"schema":{"@context":"https:\/\/schema.org","@graph":[{"@type":"WebPage","@id":"https:\/\/quint.cc\/famcp\/presidentes-y-presidentas-comarcales\/","url":"https:\/\/quint.cc\/famcp\/presidentes-y-presidentas-comarcales\/","name":"Presidentes y presidentas comarcales - FAMCP","isPartOf":{"@id":"https:\/\/quint.cc\/famcp\/#website"},"datePublished":"2016-06-23T11:24:17+00:00","dateModified":"2024-02-01T09:15:51+00:00","breadcrumb":{"@id":"https:\/\/quint.cc\/famcp\/presidentes-y-presidentas-comarcales\/#breadcrumb"},"inLanguage":"es","potentialAction":[{"@type":"ReadAction","target":["https:\/\/quint.cc\/famcp\/presidentes-y-presidentas-comarcales\/"]}]},{"@type":"BreadcrumbList","@id":"https:\/\/quint.cc\/famcp\/presidentes-y-presidentas-comarcales\/#breadcrumb","itemListElement":[{"@type":"ListItem","position":1,"name":"Portada","item":"https:\/\/quint.cc\/famcp\/"},{"@type":"ListItem","position":2,"name":"Presidentes y presidentas comarcales"}]},{"@type":"WebSite","@id":"https:\/\/quint.cc\/famcp\/#website","url":"https:\/\/quint.cc\/famcp\/","name":"FAMCP","description":"Federaci\u00f3n Aragonesa de Municipios, Comarcas y Provincias","potentialAction":[{"@type":"SearchAction","target":{"@type":"EntryPoint","urlTemplate":"https:\/\/quint.cc\/famcp\/?s={search_term_string}"},"query-input":{"@type":"PropertyValueSpecification","valueRequired":true,"valueName":"search_term_string"}}],"inLanguage":"es"}]}},"_links":{"self":[{"href":"https:\/\/quint.cc\/famcp\/wp-json\/wp\/v2\/pages\/388","targetHints":{"allow":["GET"]}}],"collection":[{"href":"https:\/\/quint.cc\/famcp\/wp-json\/wp\/v2\/pages"}],"about":[{"href":"https:\/\/quint.cc\/famcp\/wp-json\/wp\/v2\/types\/page"}],"author":[{"embeddable":true,"href":"https:\/\/quint.cc\/famcp\/wp-json\/wp\/v2\/users\/6"}],"replies":[{"embeddable":true,"href":"https:\/\/quint.cc\/famcp\/wp-json\/wp\/v2\/comments?post=388"}],"version-history":[{"count":15,"href":"https:\/\/quint.cc\/famcp\/wp-json\/wp\/v2\/pages\/388\/revisions"}],"predecessor-version":[{"id":15729,"href":"https:\/\/quint.cc\/famcp\/wp-json\/wp\/v2\/pages\/388\/revisions\/15729"}],"wp:attachment":[{"href":"https:\/\/quint.cc\/famcp\/wp-json\/wp\/v2\/media?parent=388"}],"curies":[{"name":"wp","href":"https:\/\/api.w.org\/{rel}","templated":true}]}}