{"id":3873,"date":"2018-11-14T11:23:25","date_gmt":"2018-11-14T10:23:25","guid":{"rendered":"https:\/\/quint.cc\/famcp\/?page_id=3873"},"modified":"2024-02-08T08:41:57","modified_gmt":"2024-02-08T07:41:57","slug":"asesoria-juridica","status":"publish","type":"page","link":"https:\/\/quint.cc\/famcp\/asesoria-juridica\/","title":{"rendered":"Asesor\u00eda jur\u00eddica"},"content":{"rendered":"<div class=\"wpb-content-wrapper\"><p>[vc_row][vc_column][vc_column_text]<\/p>\n<p style=\"text-align: center;\">A disposici\u00f3n de las entidades locales aragonesas, la <strong>Asesor\u00eda Jur\u00eddica<\/strong> atiende todo tipo de consultas legales, realiza dict\u00e1menes jur\u00eddicos, y suministra informaci\u00f3n sobre aspectos relativos a la organizaci\u00f3n administrativa, la funci\u00f3n p\u00fablica o los empleados de las administraciones locales.<\/p>\n<p style=\"text-align: center;\">Puede realizar su consulta online a trav\u00e9s de los siguientes correos electr\u00f3nicos:<\/p>\n<p style=\"text-align: center;\">jprat@famcp.org<\/p>\n<p style=\"text-align: center;\">estarelles@famcp.org<\/p>\n<p>&nbsp;<\/p>\n<p style=\"text-align: center;\">Para hacer la consulta,\u00a0es indispensable que\u00a0indique los siguientes datos:\u00a0\u00a0<strong>nombre<\/strong>, <strong>apellidos<\/strong>, <strong>cargo<\/strong>, <strong>entidad local,\u00a0 tel\u00e9fono y correo electr\u00f3nico<\/strong><strong>\u00a0de contacto<\/strong>.<\/p>\n<p>[\/vc_column_text][\/vc_column][\/vc_row]<\/p>\n<\/div>","protected":false},"excerpt":{"rendered":"<p>[vc_row][vc_column][vc_column_text] A disposici\u00f3n de las entidades locales aragonesas, la Asesor\u00eda Jur\u00eddica atiende todo tipo de consultas legales, realiza dict\u00e1menes jur\u00eddicos, y suministra informaci\u00f3n sobre aspectos relativos a la organizaci\u00f3n administrativa, la funci\u00f3n p\u00fablica o los empleados de las administraciones locales. Puede realizar su consulta online a trav\u00e9s de los siguientes correos electr\u00f3nicos: jprat@famcp.org estarelles@famcp.org &nbsp;&hellip;<\/p>\n","protected":false},"author":6,"featured_media":0,"parent":0,"menu_order":0,"comment_status":"closed","ping_status":"closed","template":"","meta":{"footnotes":""},"class_list":["post-3873","page","type-page","status-publish","hentry","description-off"],"yoast_head":"<!-- This site is optimized with the Yoast SEO plugin v25.6 - https:\/\/yoast.com\/wordpress\/plugins\/seo\/ -->\n<title>Asesor\u00eda jur\u00eddica - FAMCP<\/title>\n<meta name=\"robots\" content=\"index, follow, max-snippet:-1, max-image-preview:large, max-video-preview:-1\" \/>\n<link rel=\"canonical\" href=\"https:\/\/quint.cc\/famcp\/asesoria-juridica\/\" \/>\n<meta property=\"og:locale\" content=\"es_ES\" \/>\n<meta property=\"og:type\" content=\"article\" \/>\n<meta property=\"og:title\" content=\"Asesor\u00eda jur\u00eddica - FAMCP\" \/>\n<meta property=\"og:description\" content=\"[vc_row][vc_column][vc_column_text] A disposici\u00f3n de las entidades locales aragonesas, la Asesor\u00eda Jur\u00eddica atiende todo tipo de consultas legales, realiza dict\u00e1menes jur\u00eddicos, y suministra informaci\u00f3n sobre aspectos relativos a la organizaci\u00f3n administrativa, la funci\u00f3n p\u00fablica o los empleados de las administraciones locales. Puede realizar su consulta online a trav\u00e9s de los siguientes correos electr\u00f3nicos: jprat@famcp.org estarelles@famcp.org &nbsp;&hellip;\" \/>\n<meta property=\"og:url\" content=\"https:\/\/quint.cc\/famcp\/asesoria-juridica\/\" \/>\n<meta property=\"og:site_name\" content=\"FAMCP\" \/>\n<meta property=\"article:modified_time\" content=\"2024-02-08T07:41:57+00:00\" \/>\n<meta property=\"og:image\" content=\"https:\/\/quint.cc\/famcp\/wp-content\/uploads\/FAMCP_horizontal__1_-removebg-preview-e1740077331491.png\" \/>\n\t<meta property=\"og:image:width\" content=\"300\" \/>\n\t<meta property=\"og:image:height\" content=\"109\" \/>\n\t<meta property=\"og:image:type\" content=\"image\/png\" \/>\n<meta name=\"twitter:card\" content=\"summary_large_image\" \/>\n<meta name=\"twitter:label1\" content=\"Tiempo de lectura\" \/>\n\t<meta name=\"twitter:data1\" content=\"1 minuto\" \/>\n<script type=\"application\/ld+json\" class=\"yoast-schema-graph\">{\"@context\":\"https:\/\/schema.org\",\"@graph\":[{\"@type\":\"WebPage\",\"@id\":\"https:\/\/quint.cc\/famcp\/asesoria-juridica\/\",\"url\":\"https:\/\/quint.cc\/famcp\/asesoria-juridica\/\",\"name\":\"Asesor\u00eda jur\u00eddica - FAMCP\",\"isPartOf\":{\"@id\":\"https:\/\/quint.cc\/famcp\/#website\"},\"datePublished\":\"2018-11-14T10:23:25+00:00\",\"dateModified\":\"2024-02-08T07:41:57+00:00\",\"breadcrumb\":{\"@id\":\"https:\/\/quint.cc\/famcp\/asesoria-juridica\/#breadcrumb\"},\"inLanguage\":\"es\",\"potentialAction\":[{\"@type\":\"ReadAction\",\"target\":[\"https:\/\/quint.cc\/famcp\/asesoria-juridica\/\"]}]},{\"@type\":\"BreadcrumbList\",\"@id\":\"https:\/\/quint.cc\/famcp\/asesoria-juridica\/#breadcrumb\",\"itemListElement\":[{\"@type\":\"ListItem\",\"position\":1,\"name\":\"Portada\",\"item\":\"https:\/\/quint.cc\/famcp\/\"},{\"@type\":\"ListItem\",\"position\":2,\"name\":\"Asesor\u00eda jur\u00eddica\"}]},{\"@type\":\"WebSite\",\"@id\":\"https:\/\/quint.cc\/famcp\/#website\",\"url\":\"https:\/\/quint.cc\/famcp\/\",\"name\":\"FAMCP\",\"description\":\"Federaci\u00f3n Aragonesa de Municipios, Comarcas y Provincias\",\"potentialAction\":[{\"@type\":\"SearchAction\",\"target\":{\"@type\":\"EntryPoint\",\"urlTemplate\":\"https:\/\/quint.cc\/famcp\/?s={search_term_string}\"},\"query-input\":{\"@type\":\"PropertyValueSpecification\",\"valueRequired\":true,\"valueName\":\"search_term_string\"}}],\"inLanguage\":\"es\"}]}<\/script>\n<!-- \/ Yoast SEO plugin. -->","yoast_head_json":{"title":"Asesor\u00eda jur\u00eddica - FAMCP","robots":{"index":"index","follow":"follow","max-snippet":"max-snippet:-1","max-image-preview":"max-image-preview:large","max-video-preview":"max-video-preview:-1"},"canonical":"https:\/\/quint.cc\/famcp\/asesoria-juridica\/","og_locale":"es_ES","og_type":"article","og_title":"Asesor\u00eda jur\u00eddica - FAMCP","og_description":"[vc_row][vc_column][vc_column_text] A disposici\u00f3n de las entidades locales aragonesas, la Asesor\u00eda Jur\u00eddica atiende todo tipo de consultas legales, realiza dict\u00e1menes jur\u00eddicos, y suministra informaci\u00f3n sobre aspectos relativos a la organizaci\u00f3n administrativa, la funci\u00f3n p\u00fablica o los empleados de las administraciones locales. Puede realizar su consulta online a trav\u00e9s de los siguientes correos electr\u00f3nicos: jprat@famcp.org estarelles@famcp.org &nbsp;&hellip;","og_url":"https:\/\/quint.cc\/famcp\/asesoria-juridica\/","og_site_name":"FAMCP","article_modified_time":"2024-02-08T07:41:57+00:00","og_image":[{"width":300,"height":109,"url":"https:\/\/quint.cc\/famcp\/wp-content\/uploads\/FAMCP_horizontal__1_-removebg-preview-e1740077331491.png","type":"image\/png"}],"twitter_card":"summary_large_image","twitter_misc":{"Tiempo de lectura":"1 minuto"},"schema":{"@context":"https:\/\/schema.org","@graph":[{"@type":"WebPage","@id":"https:\/\/quint.cc\/famcp\/asesoria-juridica\/","url":"https:\/\/quint.cc\/famcp\/asesoria-juridica\/","name":"Asesor\u00eda jur\u00eddica - FAMCP","isPartOf":{"@id":"https:\/\/quint.cc\/famcp\/#website"},"datePublished":"2018-11-14T10:23:25+00:00","dateModified":"2024-02-08T07:41:57+00:00","breadcrumb":{"@id":"https:\/\/quint.cc\/famcp\/asesoria-juridica\/#breadcrumb"},"inLanguage":"es","potentialAction":[{"@type":"ReadAction","target":["https:\/\/quint.cc\/famcp\/asesoria-juridica\/"]}]},{"@type":"BreadcrumbList","@id":"https:\/\/quint.cc\/famcp\/asesoria-juridica\/#breadcrumb","itemListElement":[{"@type":"ListItem","position":1,"name":"Portada","item":"https:\/\/quint.cc\/famcp\/"},{"@type":"ListItem","position":2,"name":"Asesor\u00eda jur\u00eddica"}]},{"@type":"WebSite","@id":"https:\/\/quint.cc\/famcp\/#website","url":"https:\/\/quint.cc\/famcp\/","name":"FAMCP","description":"Federaci\u00f3n Aragonesa de Municipios, Comarcas y Provincias","potentialAction":[{"@type":"SearchAction","target":{"@type":"EntryPoint","urlTemplate":"https:\/\/quint.cc\/famcp\/?s={search_term_string}"},"query-input":{"@type":"PropertyValueSpecification","valueRequired":true,"valueName":"search_term_string"}}],"inLanguage":"es"}]}},"_links":{"self":[{"href":"https:\/\/quint.cc\/famcp\/wp-json\/wp\/v2\/pages\/3873","targetHints":{"allow":["GET"]}}],"collection":[{"href":"https:\/\/quint.cc\/famcp\/wp-json\/wp\/v2\/pages"}],"about":[{"href":"https:\/\/quint.cc\/famcp\/wp-json\/wp\/v2\/types\/page"}],"author":[{"embeddable":true,"href":"https:\/\/quint.cc\/famcp\/wp-json\/wp\/v2\/users\/6"}],"replies":[{"embeddable":true,"href":"https:\/\/quint.cc\/famcp\/wp-json\/wp\/v2\/comments?post=3873"}],"version-history":[{"count":13,"href":"https:\/\/quint.cc\/famcp\/wp-json\/wp\/v2\/pages\/3873\/revisions"}],"predecessor-version":[{"id":15870,"href":"https:\/\/quint.cc\/famcp\/wp-json\/wp\/v2\/pages\/3873\/revisions\/15870"}],"wp:attachment":[{"href":"https:\/\/quint.cc\/famcp\/wp-json\/wp\/v2\/media?parent=3873"}],"curies":[{"name":"wp","href":"https:\/\/api.w.org\/{rel}","templated":true}]}}