{"id":361,"date":"2016-06-22T14:33:41","date_gmt":"2016-06-22T12:33:41","guid":{"rendered":"https:\/\/quint.cc\/famcp\/?page_id=361"},"modified":"2025-09-09T14:48:01","modified_gmt":"2025-09-09T12:48:01","slug":"comisiones","status":"publish","type":"page","link":"https:\/\/quint.cc\/famcp\/comisiones\/","title":{"rendered":"Comisiones"},"content":{"rendered":"<div class=\"wpb-content-wrapper\"><p>[vc_row][vc_column][vc_column_text]<\/p>\n<p style=\"text-align: justify;\">Seg\u00fan dispone el art\u00edculo 31 de los Estatutos de la Federaci\u00f3n pueden constituirse Comisiones de Trabajo para la elaboraci\u00f3n de estudios y formulaci\u00f3n de propuestas sobre cuestiones directamente relacionadas con los fines de la <strong>Federaci\u00f3n Aragonesa de Municipios, Comarcas y Provincias<\/strong>. Dichas Comisiones ser\u00e1n presididas por el miembro de la Comisi\u00f3n Ejecutiva o Consejo que aqu\u00e9lla decida y \u00e9ste ratifique, y estar\u00e1 asistida por un secretario coordinador.<\/p>\n<p style=\"text-align: justify;\">La Comisi\u00f3n Ejecutiva de la <strong>FAMCP<\/strong> celebrada el 16 de diciembre de 2019, constituy\u00f3 las siguientes Comisiones de Trabajo, que tienen car\u00e1cter permanente.<\/p>\n<p style=\"text-align: justify;\">El secretario general de la <strong>Federaci\u00f3n coordina las Comisiones de Trabajo<\/strong>.<\/p>\n<p><span style=\"color: #d8171a;\"><strong>Secretario General:<\/strong><\/span> <strong>Eduardo Gallart Monz\u00f3n<\/strong><\/p>\n<p><span style=\"color: #d8171a;\"><strong>Tel\u00e9fono de contacto:<\/strong><\/span> <a href=\"tel:976203102\">976 203 101<\/a><\/p>\n<p><strong><span style=\"color: #d8171a;\">Correos electr\u00f3nicos de contacto:<\/span><\/strong><\/p>\n<p>egallart@famcp.org<\/p>\n<p>earias@famcp.org<\/p>\n<p>[\/vc_column_text][\/vc_column][\/vc_row][vc_row][vc_column][vc_tta_accordion shape=\u00bbround\u00bb spacing=\u00bb10&#8243; gap=\u00bb10&#8243; c_icon=\u00bbchevron\u00bb active_section=\u00bb\u00bb css_animation=\u00bbbounceInUp\u00bb collapsible_all=\u00bbtrue\u00bb][vc_tta_section title=\u00bbComisi\u00f3n de Igualdad\u00bb tab_id=\u00bbcomision-de-igualdad\u00bb][vc_column_text]<\/p>\n<h4>Presidenta<\/h4>\n<p><strong>Mar\u00eda Lina Hernando Peinado<\/strong>, alcaldesa de Mainar<\/p>\n<h4>Vicepresidenta 1\u00aa<\/h4>\n<p><strong>Maria \u00c1ngeles Izquierdo Serrano<\/strong>, concejala de Gallur<\/p>\n<h4>Vicepresidenta 2\u00aa<\/h4>\n<p><strong>Sonia Blanco Carreras<\/strong>, alcaldesa de Sesa<\/p>\n<h4>Vocales<\/h4>\n<table width=\"510\">\n<tbody>\n<tr>\n<td width=\"227\"><strong>Tania Pradanos Cig\u00fcela<\/strong><\/td>\n<td width=\"123\">Alcaldesa Cervera de la Ca\u00f1ada<\/td>\n<\/tr>\n<tr>\n<td width=\"227\"><strong>Yolanda Sevilla Salvador<\/strong><\/td>\n<td width=\"123\">Alcaldesa Linares de Mora<\/td>\n<\/tr>\n<tr>\n<td width=\"227\"><strong>Mario Latorre Ros<\/strong><\/td>\n<td width=\"123\">Alcalde Monreal del Campo<\/td>\n<\/tr>\n<tr>\n<td width=\"227\"><strong>Mar\u00eda Teresa Rup\u00edn Moret<\/strong><\/td>\n<td width=\"123\">Alcaldesa Pueyo de Santa Cruz<\/td>\n<\/tr>\n<tr>\n<td width=\"227\"><strong>Ana Irigoyen Cardona<\/strong><\/td>\n<td width=\"123\">Alcaldesa Gurrea de G\u00e1llego<\/td>\n<\/tr>\n<tr>\n<td width=\"227\"><strong>Aitor Tabuenca Lujambio<\/strong><\/td>\n<td width=\"123\">Concejal Borja<\/td>\n<\/tr>\n<tr>\n<td width=\"227\"><strong>Jes\u00fas Torralba Marco<\/strong><\/td>\n<td width=\"123\">Alcalde Ardisa<\/td>\n<\/tr>\n<tr>\n<td width=\"227\"><strong>Celia Trull\u00e9n Carb\u00f3<\/strong><\/td>\n<td width=\"123\">Alcaldesa Albalate del Arzobispo<\/td>\n<\/tr>\n<\/tbody>\n<\/table>\n<p>&nbsp;<\/p>\n<p>T\u00e9cnico:<strong> Yolanda Matas<\/strong><\/p>\n<p>Email: <strong><a href=\"mailto:yolanda@famcp.org\">yolanda@famcp.org<\/a><\/strong>[\/vc_column_text][\/vc_tta_section][vc_tta_section title=\u00bbComisi\u00f3n de Municipios Afectados por el R\u00edo Ebro\u00bb tab_id=\u00bbcomision-de-municipios-afectados-por-el-rio-ebro\u00bb][vc_column_text]<\/p>\n<h4>Presidente<\/h4>\n<p><strong>Pablo Blanquet Ab\u00f3s<\/strong>, alcalde de Pina de Ebro.<\/p>\n<h4><strong>Vicepresidente<\/strong><\/h4>\n<p><strong>Jes\u00fas Morales Lleixa<\/strong>, alcalde de Quinto de Ebro.<\/p>\n<h4><strong>Vocales<\/strong><\/h4>\n<p><strong>Mar\u00eda Jes\u00fas Sari\u00f1ena Anchelergues,<\/strong> alcaldesa de Utebo.<\/p>\n<p><strong>Emilio Ferrero Arias,<\/strong> alcalde de Nuez de Ebro.<\/p>\n<p><strong>Pablo Blanquet Ab\u00f3s,<\/strong> alcalde de Pina de Ebro.<\/p>\n<p><strong>Ana Mar\u00eda Jarque Garc\u00e9s,<\/strong> alcaldesa de Caspe.<\/p>\n<p><strong>Jos\u00e9 Tom\u00e1s Pueyo Continente,<\/strong> alcalde de Alfajar\u00edn<\/p>\n<p><strong>Jorge Casanova Angl\u00e9s,<\/strong> alcalde de S\u00e1stago<\/p>\n<p><strong>Natalia Chueca Mu\u00f1oz,\u00a0<\/strong>alcaldesa de Zaragoza<\/p>\n<p><strong>Raquel Coscolla Almau,\u00a0<\/strong>alcaldesa de Boqui\u00f1eni<\/p>\n<p><strong>Abel Ulises Vera Ir\u00fan,<\/strong> alcalde de Novillas<\/p>\n<p><strong>Miguel \u00c1ngel Frances,<\/strong> alcalde de Tauste<\/p>\n<p><strong>Alberto Garc\u00eda Gim\u00e9nez,<\/strong> alcalde de Alforque<\/p>\n<p><strong>Pedro Sanz Placed,<\/strong> alcalde de Caba\u00f1as de Ebro<\/p>\n<p><strong>Francisco Javier Nicol\u00e1s,\u00a0<\/strong>alcalde Chiprana<\/p>\n<p><strong>Jos\u00e9 Miguel Ezquerra Calvo,<\/strong> alcalde de Pastriz<\/p>\n<p><strong>Luis Eduardo Monc\u00edn Cuartero<\/strong>, concejal de Pradilla de Ebro<\/p>\n<p><strong>Jes\u00fas Morales Lleixa<\/strong>, alcalde e de Quinto de Ebro<\/p>\n<p><strong>Mar\u00eda Pilar Capdevila Manero,\u00a0<\/strong>alcaldesa de Gallur<\/p>\n<p><strong>Miguel \u00c1ngel Garc\u00eda Bellido ,\u00a0<\/strong>alcalde de Cinco Olivas<\/p>\n<p><strong>Ana Mar\u00eda Arellano Bad\u00eda,<\/strong> alcaldesa de Luceni<\/p>\n<p><strong>Jos\u00e9 Miguel Ach\u00f3n Lozano,<\/strong> alcalde de Alcala de Ebro<\/p>\n<p><strong>Alfredo Zaldivar,<\/strong> alcalde de Remolinos.<\/p>\n<p><strong>Celso Antonio Ballesp\u00edn Ramos,<\/strong> alcalde de La Zaida.<\/p>\n<p><strong>Mercedes Treboll Bartos,<\/strong>\u00a0alcaldesa de Torres de Berrell\u00e9n. <strong>\u00a0<\/strong><\/p>\n<p><strong>Vicente Miguel Royo Mart\u00ednez,<\/strong> alcalde de El Burgo de Ebro.<\/p>\n<p><strong>Mar\u00eda Pilar Palac\u00edn,<\/strong> alcaldesa de Fuentes de Ebro.<\/p>\n<p><strong>Juan Abad Bascuas,<\/strong> alcalde de Escatr\u00f3n.<\/p>\n<p><b>Jes\u00fas Gustr\u00e1n Villa,\u00a0<\/b>alcalde de Alag\u00f3n.<\/p>\n<p><strong>Mar\u00eda Isabel \u00c1lvarez Ser\u00f3n<\/strong>, alcaldesa de Gelsa. <strong>\u00a0<\/strong><\/p>\n<p><strong>Volga Francisca R\u00e1mirez G\u00e1miz,<\/strong> alcalde de Villafranca de Ebro.<\/p>\n<p><strong>Enrique Mar\u00eda G\u00f3mez L\u00f3pez,<\/strong> alcalde de Osera de Ebro y Aguilar de Ebro (Pedan\u00eda de Osera de Ebro).<\/p>\n<p><strong>Rosario G\u00f3mez Puyoles,<\/strong> alcaldesa de Velilla de Ebro.<\/p>\n<p><strong>Ainhoa Gracia Cameo,<\/strong> alcaldesa de Sobradiel.<\/p>\n<p><strong>Mar\u00eda Luc\u00eda Insa Catal\u00e1n,<\/strong> alcalde de Alborge.<\/p>\n<p>&nbsp;<\/p>\n<p>&nbsp;<\/p>\n<p>T\u00e9cnico:<strong> Jes\u00fas S\u00e1nchez<\/strong><\/p>\n<p>Email: <strong><a href=\"mailto:estarelles@famcp.org\">estarelles@famcp.org<\/a><\/strong>[\/vc_column_text][\/vc_tta_section][vc_tta_section title=\u00bbComisi\u00f3n de Servicios P\u00fablicos y Financiaci\u00f3n\u00bb tab_id=\u00bbcomision-de-servicios-publicos-y-financiacion\u00bb][vc_column_text css=\u00bb\u00bb]<\/p>\n<h4>Presidente<\/h4>\n<p><strong>Jes\u00fas Baz\u00e1n Sanz<\/strong>, alcalde de \u00c9pila.<\/p>\n<h4>Vicepresidente<\/h4>\n<p><strong>Cristian Poblador Guardia<\/strong>, concejal Caspe.<\/p>\n<p>&nbsp;<\/p>\n<h4>Vocales<\/h4>\n<table width=\"501\">\n<tbody>\n<tr>\n<td width=\"208\"><strong>Joaqu\u00edn Calleja Romero<\/strong><\/td>\n<td width=\"151\">Alcalde Mar\u00eda de Huerva<\/td>\n<\/tr>\n<tr>\n<td width=\"208\"><strong>Azucena Lozano Serrano<\/strong><\/td>\n<td width=\"151\">Alcaldesa Mores<\/td>\n<\/tr>\n<tr>\n<td width=\"208\"><strong>V\u00edctor Soriano Granel<\/strong><\/td>\n<td width=\"151\">Concejal Belchite<\/td>\n<\/tr>\n<tr>\n<td width=\"208\"><strong>Miguel \u00c1. Esteban Serrano<\/strong><\/td>\n<td width=\"151\">Alcalde Alca\u00f1iz<\/td>\n<\/tr>\n<tr>\n<td width=\"208\"><strong>Patricia Rivera Escuder<\/strong><\/td>\n<td width=\"151\">Alcaldesa Bin\u00e9far<\/td>\n<\/tr>\n<tr>\n<td width=\"208\"><strong>Pedro Su\u00f1en Pardo<\/strong><\/td>\n<td width=\"151\">Alcalde Alcubierre<\/td>\n<\/tr>\n<tr>\n<td width=\"208\"><strong>Pilar Villanueva Campa\u00f1a<\/strong><\/td>\n<td width=\"151\">Alcaldesa La Puebla de Alfinden<\/td>\n<\/tr>\n<tr>\n<td width=\"208\"><strong>Fernando S\u00e1nchez Morales<\/strong><\/td>\n<td width=\"151\">Alcalde Canfranc<\/td>\n<\/tr>\n<tr>\n<td width=\"208\"><strong>\u00c1ngel Gracia Luc\u00eda<\/strong><\/td>\n<td width=\"151\">Alcalde Rubielos de Mora<\/td>\n<\/tr>\n<\/tbody>\n<\/table>\n<p>&nbsp;<\/p>\n<p>[\/vc_column_text][\/vc_tta_section][vc_tta_section title=\u00bbComisi\u00f3n de Medio Ambiente y Desarrollo Sostenible\u00bb tab_id=\u00bbcomision-de-medio-ambiente-y-desarrollo-sostenible\u00bb][vc_column_text]<\/p>\n<h4>Presidente<\/h4>\n<p><strong>Sa\u00fal P\u00e9rez Lacasa<\/strong>, alcalde de Torres de Alcanadre.<\/p>\n<h4>Vicepresidente<\/h4>\n<p><strong>Ram\u00f3n Crist\u00f3bal J\u00fadez <\/strong>, alcalde de Ateca.<\/p>\n<h4>Vocales<\/h4>\n<table width=\"510\">\n<tbody>\n<tr>\n<td width=\"227\"><strong>Jorge Cuartero de los R\u00edos<\/strong><\/td>\n<td width=\"142\">Alcalde Frescano<\/td>\n<\/tr>\n<tr>\n<td width=\"227\"><strong>Jorge Casanova Angles<\/strong><\/td>\n<td width=\"142\">Alcalde S\u00e1stago<\/td>\n<\/tr>\n<tr>\n<td width=\"227\"><strong>Jos\u00e9 Gabriel P\u00e9rez Casas<\/strong><\/td>\n<td width=\"142\">Alcalde El Pobo<\/td>\n<\/tr>\n<tr>\n<td width=\"227\"><strong>Carmen Maorad \u00dabeda<\/strong><\/td>\n<td width=\"142\">Alcaldesa Santa Eulalia<\/td>\n<\/tr>\n<tr>\n<td width=\"227\"><strong>Carlos Serrano P\u00e9rez<\/strong><\/td>\n<td width=\"142\">Alcalde Jaca<\/td>\n<\/tr>\n<tr>\n<td width=\"227\"><strong>Mar\u00eda Pilar Palac\u00edn Miguel<\/strong><\/td>\n<td width=\"142\">Alcaldesa Fuentes de Ebro<\/td>\n<\/tr>\n<tr>\n<td width=\"227\"><strong>Pedro M. Loscertales Nog\u00faes<\/strong><\/td>\n<td width=\"142\">Alcalde Castelflorite<\/td>\n<\/tr>\n<tr>\n<td width=\"227\"><strong>Santiago Rodr\u00edguez Gracia<\/strong><\/td>\n<td width=\"142\">Alcalde Gea de Albarrac\u00edn<\/td>\n<\/tr>\n<tr>\n<td width=\"227\"><strong>M\u00f3nica Garc\u00eda Gil<\/strong><\/td>\n<td width=\"142\">Concejala Murillo de G\u00e1llego<\/td>\n<\/tr>\n<\/tbody>\n<\/table>\n<p>&nbsp;<\/p>\n<p><strong>T\u00e9cnico:\u00a0<\/strong><\/p>\n<p><strong>Email:\u00a0<\/strong>[\/vc_column_text][\/vc_tta_section][vc_tta_section title=\u00bbComisi\u00f3n de Peque\u00f1os Municipios y Despoblaci\u00f3n\u00bb tab_id=\u00bbcomision-de-pequenos-municipios-y-despoblacion\u00bb][vc_column_text css=\u00bb\u00bb]<\/p>\n<h4>Presidenta<\/h4>\n<p><strong>Yolanda Sevilla Salvador<\/strong>, alcaldesa de Linares de Mora.<\/p>\n<h4>Vicepresidente<\/h4>\n<p><strong>Virginia Arilla Corvinos<\/strong>, Alcaldesa de Barb\u00faes.<\/p>\n<h4>Vocales<\/h4>\n<table width=\"510\">\n<tbody>\n<tr>\n<td width=\"227\">Luis Alberto Cebrian Mill\u00e1n<\/td>\n<td width=\"142\">Alcalde Cosuenda<\/td>\n<\/tr>\n<tr>\n<td width=\"227\">Alfredo Castillo Catal\u00e1n<\/td>\n<td width=\"142\">Alcalde Santa Cruz de Grio<\/td>\n<\/tr>\n<tr>\n<td width=\"227\">Sheila Serrano L\u00f3pez<\/td>\n<td width=\"142\">Alcaldesa San Mart\u00edn del R\u00edo<\/td>\n<\/tr>\n<tr>\n<td width=\"227\">Pablo Allu\u00e9 Abad\u00eda<\/td>\n<td width=\"142\">Alcalde Sen\u00e9s de Alcubierre<\/td>\n<\/tr>\n<tr>\n<td width=\"227\">Ezequiel Marco Elorri<\/td>\n<td width=\"142\">Alcalde Biota<\/td>\n<\/tr>\n<tr>\n<td width=\"227\">Adri\u00e1n de la Mella Chueca<\/td>\n<td width=\"142\">Alcalde Tierga<\/td>\n<\/tr>\n<tr>\n<td width=\"227\">Ester Cereza Quintana<\/td>\n<td width=\"142\">Alcaldesa Montanuy<\/td>\n<\/tr>\n<tr>\n<td width=\"227\">Eufema Olga L\u00e1zaro<\/td>\n<td width=\"142\">Alcaldesa Fonfr\u00eda<\/td>\n<\/tr>\n<tr>\n<td width=\"227\">Mar\u00eda \u00c1ngeles Roca Ll\u00f3p<\/td>\n<td width=\"142\">\u00a0Alcaldesa Albelda<\/td>\n<\/tr>\n<\/tbody>\n<\/table>\n<p>&nbsp;<\/p>\n<p>T\u00e9cnico: Puri Eiroa<\/p>\n<p>Email: peiroa@famcp.org[\/vc_column_text][\/vc_tta_section][vc_tta_section title=\u00bbComisi\u00f3n de Comarcas\u00bb tab_id=\u00bbcomision-de-comarcas\u00bb][vc_column_text]<strong>Presidente:<\/strong> Francisco Javier Lafuente Jim\u00e9nez, presidente Comarca Campo de Daroca,<\/p>\n<p><strong>Vicepresidente:<\/strong> Santos Navarro Gim\u00e9nez, presidente Comarca de las Cinco Villas<\/p>\n<p><strong>\u00a0<\/strong><\/p>\n<p><strong>Vocales:<\/strong><\/p>\n<table>\n<tbody>\n<tr>\n<td width=\"314\"><strong>COMARCA<\/strong><\/td>\n<td width=\"293\"><strong>PRESIDENTE\/PRESIDENTA<\/strong><\/td>\n<\/tr>\n<tr>\n<td width=\"314\">ALTO GALLEGO<\/td>\n<td width=\"293\">Primitivo Grasa Cebollero<\/td>\n<\/tr>\n<tr>\n<td width=\"314\">ANDORRA-SIERRA ARCOS<\/td>\n<td width=\"293\">Naiara Loras Minguill\u00f3n<\/td>\n<\/tr>\n<tr>\n<td width=\"314\">ARANDA<\/td>\n<td width=\"293\">Francisco Javier Lorente Garcia<\/td>\n<\/tr>\n<tr>\n<td width=\"314\">DEL BAJO ARAG\u00d3N<\/td>\n<td width=\"293\">Jose Miguel Celma Belmonte<\/td>\n<\/tr>\n<tr>\n<td width=\"314\">BAJO ARAG\u00d3N-CASPE<\/td>\n<td width=\"293\">Javier Nicol\u00e1s Garcia<\/td>\n<\/tr>\n<tr>\n<td width=\"314\">BAJO CINCA<\/td>\n<td width=\"293\">Javier Ferrer Jordan<\/td>\n<\/tr>\n<tr>\n<td width=\"314\">BAJO MART\u00cdN<\/td>\n<td width=\"293\">Alfonso P\u00e9rez Ornaque<\/td>\n<\/tr>\n<tr>\n<td width=\"314\">CAMPO DE BELCHITE<\/td>\n<td width=\"293\">Carmelo P\u00e9rez Diez<\/td>\n<\/tr>\n<tr>\n<td width=\"314\">CAMPO DE BORJA<\/td>\n<td width=\"293\">Maria Eugenia Coloma Lavilla<\/td>\n<\/tr>\n<tr>\n<td width=\"314\">CAMPO DE CARI\u00d1ENA<\/td>\n<td width=\"293\">Lucio Cucal\u00f3n Bernal<\/td>\n<\/tr>\n<tr>\n<td width=\"314\">CAMPO DE DAROCA<\/td>\n<td width=\"293\">Francisco Javier Lafuente<\/td>\n<\/tr>\n<tr>\n<td width=\"314\">CINCA MEDIO<\/td>\n<td width=\"293\">Jose Maria Civiac Moreno<\/td>\n<\/tr>\n<tr>\n<td width=\"314\">COMUNIDAD DE CALATAYUD<\/td>\n<td width=\"293\">Ignacio Marcuello Casorran<\/td>\n<\/tr>\n<tr>\n<td width=\"314\">COMUNIDAD DE TERUEL<\/td>\n<td width=\"293\">Jose Herrero Palomar<\/td>\n<\/tr>\n<tr>\n<td width=\"314\">CUENCAS MINERAS<\/td>\n<td width=\"293\">Javier Larraz L\u00f3pez<\/td>\n<\/tr>\n<tr>\n<td width=\"314\">G\u00daDAR-JAVALAMBRE<\/td>\n<td width=\"293\">Jose Luis Alvir Martinez<\/td>\n<\/tr>\n<tr>\n<td width=\"314\">HOYA DE HUESCA<\/td>\n<td width=\"293\">M\u00f3nica Soler Navarro<\/td>\n<\/tr>\n<tr>\n<td width=\"314\">JACETANIA<\/td>\n<td width=\"293\">Olvido Moratinos Gracia<\/td>\n<\/tr>\n<tr>\n<td width=\"314\">JILOCA<\/td>\n<td width=\"293\">Francisco Javier Hern\u00e1ndez Collados<\/td>\n<\/tr>\n<tr>\n<td width=\"314\">LA LITERA<\/td>\n<td width=\"293\">Tania Solans Raluy<\/td>\n<\/tr>\n<tr>\n<td width=\"314\">MAESTRAZGO<\/td>\n<td width=\"293\">Fernando Safont Alc\u00f3n<\/td>\n<\/tr>\n<tr>\n<td width=\"314\">MATARRA\u00d1A<\/td>\n<td width=\"293\">Fernando Camps Juan<\/td>\n<\/tr>\n<tr>\n<td width=\"314\">MONEGROS<\/td>\n<td width=\"293\">Pedro Manuel Loscertales Negues<\/td>\n<\/tr>\n<tr>\n<td width=\"314\">RIBAGORZA<\/td>\n<td width=\"293\">Roque Vicente Lanau<\/td>\n<\/tr>\n<tr>\n<td width=\"314\">RIBERAL ALTA DEL EBRO<\/td>\n<td width=\"293\">Jos\u00e9 Miguel Ach\u00f3n Lozano<\/td>\n<\/tr>\n<tr>\n<td width=\"314\">RIBERA BAJA DEL EBRO<\/td>\n<td width=\"293\">Juan Ramon Lis R\u00edos<\/td>\n<\/tr>\n<tr>\n<td width=\"314\">SIERRA DE ALBARRAC\u00cdN<\/td>\n<td width=\"293\">Inocencio Mart\u00ednez Sanchez<\/td>\n<\/tr>\n<tr>\n<td width=\"314\">SOBRARBE<\/td>\n<td width=\"293\">Jose Manuel Bielsa Manzano<\/td>\n<\/tr>\n<tr>\n<td width=\"314\">SOMONTANO DE BARBASTRO<\/td>\n<td width=\"293\">Saul P\u00e9rez Lacasa<\/td>\n<\/tr>\n<tr>\n<td width=\"314\">TARAZONA Y EL MONCAYO<\/td>\n<td width=\"293\">Jacob Ram\u00edrez Mora<\/td>\n<\/tr>\n<tr>\n<td width=\"314\">VALDEJAL\u00d3N<\/td>\n<td width=\"293\">Jes\u00fas Baz\u00e1n Sanz<\/td>\n<\/tr>\n<tr>\n<td width=\"314\">CENTRAL<\/td>\n<td width=\"293\">Jose Miguel Ezquerra Calvo<\/td>\n<\/tr>\n<\/tbody>\n<\/table>\n<p>&nbsp;<\/p>\n<p>&nbsp;<\/p>\n<p>&nbsp;<\/p>\n<p>&nbsp;<\/p>\n<p>&nbsp;<\/p>\n<p>&nbsp;<\/p>\n<p>&nbsp;<\/p>\n<p>T\u00e9cnico: <strong>Judith Prat<\/strong><\/p>\n<p>Email: <strong><a href=\"mailto:jprat@famcp.org\">jprat@famcp.org<\/a><\/strong>[\/vc_column_text][\/vc_tta_section][vc_tta_section title=\u00bbComisi\u00f3n de Municipios de m\u00e1s de 8000 habitantes\u00bb tab_id=\u00bbcomision-de-municipios-de-mas-de-8000-habitantes\u00bb][vc_column_text]<\/p>\n<h4>Presidente<\/h4>\n<p><strong>Mar\u00eda Jes\u00fas Sari\u00f1ena Anchelergues<\/strong>, alcaldesa de Utebo.<\/p>\n<h4>Vicepresidente<\/h4>\n<p><strong>Jos\u00e9 Ignacio Gram\u00fan Castillo<\/strong>, alcalde de Fraga.<\/p>\n<h4>Vocales<\/h4>\n<p><strong>Fernando Torres Chavarr\u00eda<\/strong>, alcalde de Barbastro<\/p>\n<p><strong>Mar\u00eda Jes\u00fas Sari\u00f1ena Anchelergues<\/strong>, alcaldesa Utebo<\/p>\n<p><strong>Ana Mar\u00eda Jarque Garc\u00e9s<\/strong>, alcaldesa de Caspe<\/p>\n<p><strong>Teresa Ladrero Parral<\/strong>, alcaldesa de Ejea de los Caballeros<\/p>\n<p><strong>Berta Fern\u00e1ndez Pueyo<\/strong>, alcaldesa de Sabi\u00f1\u00e1nigo<\/p>\n<p><strong>Patricia Rivera Escuder<\/strong>, alcaldesa de Bin\u00e9far<\/p>\n<p><strong>Isaac Claver Ortigosa<\/strong>, alcalde de Monz\u00f3n<\/p>\n<p><strong>Jos\u00e9 Manuel Salazar Salas<\/strong>, alcalde de Zuera<\/p>\n<p><strong>Pedro Jaray Artasona<\/strong>, alcalde de Tarazona<\/p>\n<p><strong>Miguel \u00c1ngel Estevan Serrano<\/strong>, alcalde de Alca\u00f1\u00edz<\/p>\n<p><strong>Elena Lacalle Oreja<\/strong>, alcaldesa de Cuarte de Huerva<\/p>\n<p><strong>Carlos Serrano P\u00e9rez<\/strong>, alcalde de Jaca<\/p>\n<p><strong>\u00c1ngel No\u00e9 Latorre Casao, <\/strong>alcalde de La Almunia de Do\u00f1a Godina<\/p>\n<p>&nbsp;<\/p>\n<p>T\u00e9cnico: <strong>Jes\u00fas S\u00e1nchez<\/strong><\/p>\n<p>Email: <strong><a href=\"mailto:estarelles@famcp.org\">estarelles@famcp.org<\/a><\/strong>[\/vc_column_text][\/vc_tta_section][\/vc_tta_accordion][\/vc_column][\/vc_row]<\/p>\n<\/div>","protected":false},"excerpt":{"rendered":"<p>[vc_row][vc_column][vc_column_text] Seg\u00fan dispone el art\u00edculo 31 de los Estatutos de la Federaci\u00f3n pueden constituirse Comisiones de Trabajo para la elaboraci\u00f3n de estudios y formulaci\u00f3n de propuestas sobre cuestiones directamente relacionadas con los fines de la Federaci\u00f3n Aragonesa de Municipios, Comarcas y Provincias. Dichas Comisiones ser\u00e1n presididas por el miembro de la Comisi\u00f3n Ejecutiva o Consejo&hellip;<\/p>\n","protected":false},"author":6,"featured_media":0,"parent":0,"menu_order":0,"comment_status":"closed","ping_status":"closed","template":"","meta":{"footnotes":""},"class_list":["post-361","page","type-page","status-publish","hentry","description-off"],"yoast_head":"<!-- This site is optimized with the Yoast SEO plugin v25.6 - https:\/\/yoast.com\/wordpress\/plugins\/seo\/ -->\n<title>Comisiones - FAMCP<\/title>\n<meta name=\"robots\" content=\"index, follow, max-snippet:-1, max-image-preview:large, max-video-preview:-1\" \/>\n<link rel=\"canonical\" href=\"https:\/\/quint.cc\/famcp\/comisiones\/\" \/>\n<meta property=\"og:locale\" content=\"es_ES\" \/>\n<meta property=\"og:type\" content=\"article\" \/>\n<meta property=\"og:title\" content=\"Comisiones - FAMCP\" \/>\n<meta property=\"og:description\" content=\"[vc_row][vc_column][vc_column_text] Seg\u00fan dispone el art\u00edculo 31 de los Estatutos de la Federaci\u00f3n pueden constituirse Comisiones de Trabajo para la elaboraci\u00f3n de estudios y formulaci\u00f3n de propuestas sobre cuestiones directamente relacionadas con los fines de la Federaci\u00f3n Aragonesa de Municipios, Comarcas y Provincias. Dichas Comisiones ser\u00e1n presididas por el miembro de la Comisi\u00f3n Ejecutiva o Consejo&hellip;\" \/>\n<meta property=\"og:url\" content=\"https:\/\/quint.cc\/famcp\/comisiones\/\" \/>\n<meta property=\"og:site_name\" content=\"FAMCP\" \/>\n<meta property=\"article:modified_time\" content=\"2025-09-09T12:48:01+00:00\" \/>\n<meta property=\"og:image\" content=\"https:\/\/quint.cc\/famcp\/wp-content\/uploads\/FAMCP_horizontal__1_-removebg-preview-e1740077331491.png\" \/>\n\t<meta property=\"og:image:width\" content=\"300\" \/>\n\t<meta property=\"og:image:height\" content=\"109\" \/>\n\t<meta property=\"og:image:type\" content=\"image\/png\" \/>\n<meta name=\"twitter:card\" content=\"summary_large_image\" \/>\n<meta name=\"twitter:label1\" content=\"Tiempo de lectura\" \/>\n\t<meta name=\"twitter:data1\" content=\"5 minutos\" \/>\n<script type=\"application\/ld+json\" class=\"yoast-schema-graph\">{\"@context\":\"https:\/\/schema.org\",\"@graph\":[{\"@type\":\"WebPage\",\"@id\":\"https:\/\/quint.cc\/famcp\/comisiones\/\",\"url\":\"https:\/\/quint.cc\/famcp\/comisiones\/\",\"name\":\"Comisiones - FAMCP\",\"isPartOf\":{\"@id\":\"https:\/\/quint.cc\/famcp\/#website\"},\"datePublished\":\"2016-06-22T12:33:41+00:00\",\"dateModified\":\"2025-09-09T12:48:01+00:00\",\"breadcrumb\":{\"@id\":\"https:\/\/quint.cc\/famcp\/comisiones\/#breadcrumb\"},\"inLanguage\":\"es\",\"potentialAction\":[{\"@type\":\"ReadAction\",\"target\":[\"https:\/\/quint.cc\/famcp\/comisiones\/\"]}]},{\"@type\":\"BreadcrumbList\",\"@id\":\"https:\/\/quint.cc\/famcp\/comisiones\/#breadcrumb\",\"itemListElement\":[{\"@type\":\"ListItem\",\"position\":1,\"name\":\"Portada\",\"item\":\"https:\/\/quint.cc\/famcp\/\"},{\"@type\":\"ListItem\",\"position\":2,\"name\":\"Comisiones\"}]},{\"@type\":\"WebSite\",\"@id\":\"https:\/\/quint.cc\/famcp\/#website\",\"url\":\"https:\/\/quint.cc\/famcp\/\",\"name\":\"FAMCP\",\"description\":\"Federaci\u00f3n Aragonesa de Municipios, Comarcas y Provincias\",\"potentialAction\":[{\"@type\":\"SearchAction\",\"target\":{\"@type\":\"EntryPoint\",\"urlTemplate\":\"https:\/\/quint.cc\/famcp\/?s={search_term_string}\"},\"query-input\":{\"@type\":\"PropertyValueSpecification\",\"valueRequired\":true,\"valueName\":\"search_term_string\"}}],\"inLanguage\":\"es\"}]}<\/script>\n<!-- \/ Yoast SEO plugin. -->","yoast_head_json":{"title":"Comisiones - FAMCP","robots":{"index":"index","follow":"follow","max-snippet":"max-snippet:-1","max-image-preview":"max-image-preview:large","max-video-preview":"max-video-preview:-1"},"canonical":"https:\/\/quint.cc\/famcp\/comisiones\/","og_locale":"es_ES","og_type":"article","og_title":"Comisiones - FAMCP","og_description":"[vc_row][vc_column][vc_column_text] Seg\u00fan dispone el art\u00edculo 31 de los Estatutos de la Federaci\u00f3n pueden constituirse Comisiones de Trabajo para la elaboraci\u00f3n de estudios y formulaci\u00f3n de propuestas sobre cuestiones directamente relacionadas con los fines de la Federaci\u00f3n Aragonesa de Municipios, Comarcas y Provincias. Dichas Comisiones ser\u00e1n presididas por el miembro de la Comisi\u00f3n Ejecutiva o Consejo&hellip;","og_url":"https:\/\/quint.cc\/famcp\/comisiones\/","og_site_name":"FAMCP","article_modified_time":"2025-09-09T12:48:01+00:00","og_image":[{"width":300,"height":109,"url":"https:\/\/quint.cc\/famcp\/wp-content\/uploads\/FAMCP_horizontal__1_-removebg-preview-e1740077331491.png","type":"image\/png"}],"twitter_card":"summary_large_image","twitter_misc":{"Tiempo de lectura":"5 minutos"},"schema":{"@context":"https:\/\/schema.org","@graph":[{"@type":"WebPage","@id":"https:\/\/quint.cc\/famcp\/comisiones\/","url":"https:\/\/quint.cc\/famcp\/comisiones\/","name":"Comisiones - FAMCP","isPartOf":{"@id":"https:\/\/quint.cc\/famcp\/#website"},"datePublished":"2016-06-22T12:33:41+00:00","dateModified":"2025-09-09T12:48:01+00:00","breadcrumb":{"@id":"https:\/\/quint.cc\/famcp\/comisiones\/#breadcrumb"},"inLanguage":"es","potentialAction":[{"@type":"ReadAction","target":["https:\/\/quint.cc\/famcp\/comisiones\/"]}]},{"@type":"BreadcrumbList","@id":"https:\/\/quint.cc\/famcp\/comisiones\/#breadcrumb","itemListElement":[{"@type":"ListItem","position":1,"name":"Portada","item":"https:\/\/quint.cc\/famcp\/"},{"@type":"ListItem","position":2,"name":"Comisiones"}]},{"@type":"WebSite","@id":"https:\/\/quint.cc\/famcp\/#website","url":"https:\/\/quint.cc\/famcp\/","name":"FAMCP","description":"Federaci\u00f3n Aragonesa de Municipios, Comarcas y Provincias","potentialAction":[{"@type":"SearchAction","target":{"@type":"EntryPoint","urlTemplate":"https:\/\/quint.cc\/famcp\/?s={search_term_string}"},"query-input":{"@type":"PropertyValueSpecification","valueRequired":true,"valueName":"search_term_string"}}],"inLanguage":"es"}]}},"_links":{"self":[{"href":"https:\/\/quint.cc\/famcp\/wp-json\/wp\/v2\/pages\/361","targetHints":{"allow":["GET"]}}],"collection":[{"href":"https:\/\/quint.cc\/famcp\/wp-json\/wp\/v2\/pages"}],"about":[{"href":"https:\/\/quint.cc\/famcp\/wp-json\/wp\/v2\/types\/page"}],"author":[{"embeddable":true,"href":"https:\/\/quint.cc\/famcp\/wp-json\/wp\/v2\/users\/6"}],"replies":[{"embeddable":true,"href":"https:\/\/quint.cc\/famcp\/wp-json\/wp\/v2\/comments?post=361"}],"version-history":[{"count":81,"href":"https:\/\/quint.cc\/famcp\/wp-json\/wp\/v2\/pages\/361\/revisions"}],"predecessor-version":[{"id":19383,"href":"https:\/\/quint.cc\/famcp\/wp-json\/wp\/v2\/pages\/361\/revisions\/19383"}],"wp:attachment":[{"href":"https:\/\/quint.cc\/famcp\/wp-json\/wp\/v2\/media?parent=361"}],"curies":[{"name":"wp","href":"https:\/\/api.w.org\/{rel}","templated":true}]}}