{"id":290,"date":"2016-06-15T14:13:10","date_gmt":"2016-06-15T12:13:10","guid":{"rendered":"https:\/\/quint.cc\/famcp\/?page_id=290"},"modified":"2025-06-18T10:15:08","modified_gmt":"2025-06-18T08:15:08","slug":"estatutos","status":"publish","type":"page","link":"https:\/\/quint.cc\/famcp\/que-es-la-famcp\/estatutos\/","title":{"rendered":"Normativa y Memorias  de Gesti\u00f3n de la FAMCP"},"content":{"rendered":"<div class=\"wpb-content-wrapper\"><p>[vc_row][vc_column][vc_column_text css=\u00bb\u00bb]<\/p>\n<h3 class=\"p2\"><b>I. Normativa <\/b><b>de la FAMCP<\/b><\/h3>\n<p class=\"p3\"><a href=\"https:\/\/quint.cc\/famcp\/wp-content\/uploads\/Estatutos-8%C2%BA-AG-2.pdf\">Estatutos aprobados en la 8\u00aa Asamblea de la FAMCP.<\/a><\/p>\n<p>&nbsp;<\/p>\n<p>La Comisi\u00f3n Ejecutiva\u00a0 de la Federaci\u00f3n, celebrada el 17 de junio de 2025, aprob\u00f3:<\/p>\n<p><a href=\"https:\/\/quint.cc\/famcp\/wp-content\/uploads\/Codigo-Etico.pdf\">C\u00f3digo \u00c9tico de la FAMCP<\/a><\/p>\n<p><a href=\"https:\/\/quint.cc\/famcp\/wp-content\/uploads\/Plan-Igualdad.pdf\">Plan Igualdad de la FAMCP<\/a><\/p>\n<p><a href=\"https:\/\/quint.cc\/famcp\/wp-content\/uploads\/Politica-Medioambiental.pdf\">Pol\u00edtica Medioambiental de la FAMCP<\/a><\/p>\n<p>&nbsp;<\/p>\n<h3>II. Memorias e Informes de gesti\u00f3n de la FAMCP<\/h3>\n<p>&nbsp;<\/p>\n<p><strong>2024<\/strong><\/p>\n<p>La Comisi\u00f3n Ejecutiva\u00a0 y el Consejo de la Federaci\u00f3n, celebrados el 21 de febrero de 2025, aprob\u00f3 la Memoria de Gesti\u00f3n de la FAMCP para el a\u00f1o 2024.<\/p>\n<p>&nbsp;<\/p>\n<p><strong>2023<\/strong><\/p>\n<p>La 9\u00aa Asamblea General Extraordinaria de la Federaci\u00f3n, celebrada el 4 de noviembre de 2023, aprob\u00f3 la<a href=\"https:\/\/quint.cc\/famcp\/wp-content\/uploads\/memoria-de-gestion-2019-2023-1.pdf\"> Memoria de Gesti\u00f3n de la FAMCP del 2019-2023.<\/a><\/p>\n<p>&nbsp;<\/p>\n<p><strong>2022<\/strong><\/p>\n<p>La Comisi\u00f3n Ejecutiva de la Federaci\u00f3n y el Consejo de la Federaci\u00f3n, celebrados el 16 de marzo de 2023, aprob\u00f3 la\u00a0<a href=\"https:\/\/quint.cc\/famcp\/wp-content\/uploads\/MemoriaFAMCP-2022-24.pdf\">Memoria de Gesti\u00f3n de la FAMCP para el a\u00f1o 2022.<\/a><\/p>\n<p>&nbsp;<\/p>\n<p><strong>2021<\/strong><\/p>\n<p>La Comisi\u00f3n Ejecutiva\u00a0 de la Federaci\u00f3n, celebrada el 4 de febrero de 2022, aprob\u00f3 la <a href=\"https:\/\/quint.cc\/famcp\/wp-content\/uploads\/Memoria-2021-1.pdf\">Memoria de gesti\u00f3n de la FAMCP del a\u00f1o 2021.<\/a><\/p>\n<p>&nbsp;<\/p>\n<p><strong>2020<\/strong><\/p>\n<p>La Comisi\u00f3n Ejecutiva y el Consejo de la Federaci\u00f3n, celebrados el 4 de marzo de 2021, aprobaron la\u00a0<a href=\"https:\/\/old.famcp.es\/wp-content\/uploads\/Memoria-2020.pdf\">Memoria de Gesti\u00f3n de la FAMCP del a\u00f1o 2020.<\/a><\/p>\n<p>&nbsp;<\/p>\n<p><strong>2019<\/strong><\/p>\n<p>La Comisi\u00f3n Ejecutiva, celebrada el 24 de abril de 2020, aprob\u00f3 la <a href=\"https:\/\/quint.cc\/famcp\/wp-content\/uploads\/Memoria-Actividad-2019-1.pdf\">Memoria de Gesti\u00f3n de la Federaci\u00f3n del a\u00f1o 2019.<\/a><\/p>\n<p>&nbsp;<\/p>\n<p><strong>2018<\/strong><\/p>\n<p>La Comisi\u00f3n Ejecutiva, celebrada el 6 de febrero de 2019, aprob\u00f3 la Memoria de Gesti\u00f3n de la Federaci\u00f3n del a\u00f1o 2018.<\/p>\n<p>El Consejo de la FAMCP, celebrado con posterioridad, ratific\u00f3 el\u00a0<a href=\"https:\/\/quint.cc\/famcp\/wp-content\/uploads\/Memoria-FAMCP-2018.pdf\">Informe de Memoria de Gesti\u00f3n del a\u00f1o 2018<\/a>\u00a0y\u00a0<a href=\"https:\/\/quint.cc\/famcp\/wp-content\/uploads\/Memoria-Econ%C3%B3mica-2018-1.pdf\">Memoria Econ\u00f3mica del a\u00f1o 2018.<\/a><\/p>\n<p>&nbsp;<\/p>\n<p><strong>2017<\/strong><\/p>\n<p>La Comisi\u00f3n Ejecutiva celebrada el 8 de febrero\u00a0de 2018, aprob\u00f3 la Memoria de Gesti\u00f3n de la Federaci\u00f3n del a\u00f1o 2017.<\/p>\n<p>El Consejo de la FAMCP, celebrado con posterioridad, ratific\u00f3 la\u00a0<a href=\"https:\/\/quint.cc\/famcp\/wp-content\/uploads\/Memoria-3.pdf\">Memoria<\/a>\u00a0de la Federaci\u00f3n del a\u00f1o 2017.<\/p>\n<p>&nbsp;<\/p>\n<p><strong>2016<\/strong><\/p>\n<p>La Comisi\u00f3n Ejecutiva celebrada el 8 de febrero\u00a0de 2017, aprob\u00f3 la Memoria de Gesti\u00f3n de la Federaci\u00f3n del a\u00f1o 2016.<\/p>\n<p>El Consejo de la FAMCP, celebrado con posterioridad, ratific\u00f3 la\u00a0<a href=\"https:\/\/quint.cc\/famcp\/wp-content\/uploads\/Memoria-2.pdf\">Memoria de la Federaci\u00f3n del a\u00f1o 2016<\/a>.<\/p>\n<p>&nbsp;<\/p>\n<p><strong>2015<\/strong><\/p>\n<p>La Comisi\u00f3n Ejecutiva celebrada el 16 de abril de 2014, aprob\u00f3 la Memoria de Gesti\u00f3n de la Federaci\u00f3n del a\u00f1o 2014.<\/p>\n<p>El Consejo de la FAMCP, celebrado con posterioridad, ratific\u00f3 la\u00a0<a href=\"https:\/\/quint.cc\/famcp\/wp-content\/uploads\/Memoria-de-Gestio%CC%81n-de-la-Federacio%CC%81n-del-an%CC%83o-2014.pdf\" target=\"_blank\" rel=\"noopener\">Memoria de Gesti\u00f3n de la Federaci\u00f3n del a\u00f1o 2014<\/a>.<\/p>\n<p>&nbsp;<\/p>\n<p><strong>2014<\/strong><\/p>\n<p>La Comisi\u00f3n Ejecutiva celebrada el 20 de febrero de 2014, aprob\u00f3 la\u00a0<a href=\"https:\/\/quint.cc\/famcp\/wp-content\/uploads\/Memoria-de-Gestion-de-la-Federacion-del-an%CC%83o-2013.pdf\">Memoria de Gesti\u00f3n de la Federaci\u00f3n del a\u00f1o 2013<\/a>.<\/p>\n<p>El Consejo de la FAMCP, celebrado con posterioridad, ratific\u00f3 la\u00a0<a href=\"http:\/\/www.www.famcp.es\/files\/portalcontenidos\/515\/documentos\/2013.pdf\">Memoria de Gesti\u00f3n de la Federaci\u00f3n del a\u00f1o 2013.<\/a><\/p>\n<p>&nbsp;<\/p>\n<p><strong>2013<\/strong><\/p>\n<p>La Comisi\u00f3n Ejecutiva celebrada el\u00a018 de febrero de 2013, aprob\u00f3 la\u00a0<a href=\"https:\/\/quint.cc\/famcp\/wp-content\/uploads\/Memoria-de-Gestion-de-la-Federacion-del-an%CC%83o-2012.pdf\">Memoria de Gesti\u00f3n de la Federaci\u00f3n del a\u00f1o 2012<\/a>.<\/p>\n<p>El Consejo de la FAMCP, celebrado con posterioridad, ratific\u00f3 la\u00a0<a href=\"http:\/\/www.www.famcp.es\/files\/portalcontenidos\/515\/documentos\/2012.pdf\">Memoria de Gesti\u00f3n de la Federaci\u00f3n del a\u00f1o 2012.<\/a><\/p>\n<p>&nbsp;<\/p>\n<p>&nbsp;<\/p>\n<p>&nbsp;<\/p>\n<h3><strong>III. Memorias e Informes de gesti\u00f3n aprobados por la Asamblea General<\/strong><\/h3>\n<p>&nbsp;<\/p>\n<p>La\u00a0<strong>9\u00aa Asamblea General Extraordinaria<\/strong>\u00a0de la FAMCP, celebrada el 4 de noviembre de 2023, aprob\u00f3 por unanimidad, entre otros: a)\u00a0<a href=\"https:\/\/quint.cc\/famcp\/wp-content\/uploads\/Memoria-7.pdf\">Informe de Memoria de Gesti\u00f3n 2019-2023 y b) el Balance de Situaci\u00f3n y la Cuenta de resultados de las anualidades 2019, 2020, 2021 y 2022.<\/a><\/p>\n<p>&nbsp;<\/p>\n<p>&nbsp;<\/p>\n<p>La\u00a0<strong>8\u00aa Asamblea General\u00a0<\/strong>de la FAMCP, celebrada el 16 de noviembre de 2019, aprob\u00f3 por unanimidad, entre otros:\u00a0<a href=\"https:\/\/quint.cc\/famcp\/wp-content\/uploads\/Memoria-6.pdf\">a) Informe de Gesti\u00f3n: Memoria de Actividades y, b) Balance de situaci\u00f3n: cuenta de p\u00e9rdidas y ganancias de las anualidades 2015-2019<\/a>.<\/p>\n<p>&nbsp;<\/p>\n<p>&nbsp;<\/p>\n<p>La\u00a0<strong>7\u00aa Asamblea General\u00a0<\/strong>Ordinaria de la FAMCP, celebrada el 14 de noviembre de 2015, aprob\u00f3, entre otros:\u00a0<a href=\"https:\/\/quint.cc\/famcp\/wp-content\/uploads\/Memoria.pdf\" target=\"_blank\" rel=\"noopener\">a) Informe de Gesti\u00f3n: Memoria de Actividades y, b) Balance de situaci\u00f3n:\u00a0 cuenta de p\u00e9rdidas y ganancias de las anualidades 2011, 2012, 2013 y 2014.<\/a>[\/vc_column_text][\/vc_column][\/vc_row]<\/p>\n<\/div>","protected":false},"excerpt":{"rendered":"<p>[vc_row][vc_column][vc_column_text css=\u00bb\u00bb] I. Normativa de la FAMCP Estatutos aprobados en la 8\u00aa Asamblea de la FAMCP. &nbsp; La Comisi\u00f3n Ejecutiva\u00a0 de la Federaci\u00f3n, celebrada el 17 de junio de 2025, aprob\u00f3: C\u00f3digo \u00c9tico de la FAMCP Plan Igualdad de la FAMCP Pol\u00edtica Medioambiental de la FAMCP &nbsp; II. Memorias e Informes de gesti\u00f3n de la&hellip;<\/p>\n","protected":false},"author":6,"featured_media":0,"parent":211,"menu_order":0,"comment_status":"closed","ping_status":"closed","template":"","meta":{"footnotes":""},"class_list":["post-290","page","type-page","status-publish","hentry","description-off"],"yoast_head":"<!-- This site is optimized with the Yoast SEO plugin v25.6 - https:\/\/yoast.com\/wordpress\/plugins\/seo\/ -->\n<title>Normativa y Memorias de Gesti\u00f3n de la FAMCP - FAMCP<\/title>\n<meta name=\"robots\" content=\"index, follow, max-snippet:-1, max-image-preview:large, max-video-preview:-1\" \/>\n<link rel=\"canonical\" href=\"https:\/\/quint.cc\/famcp\/que-es-la-famcp\/estatutos\/\" \/>\n<meta property=\"og:locale\" content=\"es_ES\" \/>\n<meta property=\"og:type\" content=\"article\" \/>\n<meta property=\"og:title\" content=\"Normativa y Memorias de Gesti\u00f3n de la FAMCP - FAMCP\" \/>\n<meta property=\"og:description\" content=\"[vc_row][vc_column][vc_column_text css=\u00bb\u00bb] I. Normativa de la FAMCP Estatutos aprobados en la 8\u00aa Asamblea de la FAMCP. &nbsp; La Comisi\u00f3n Ejecutiva\u00a0 de la Federaci\u00f3n, celebrada el 17 de junio de 2025, aprob\u00f3: C\u00f3digo \u00c9tico de la FAMCP Plan Igualdad de la FAMCP Pol\u00edtica Medioambiental de la FAMCP &nbsp; II. Memorias e Informes de gesti\u00f3n de la&hellip;\" \/>\n<meta property=\"og:url\" content=\"https:\/\/quint.cc\/famcp\/que-es-la-famcp\/estatutos\/\" \/>\n<meta property=\"og:site_name\" content=\"FAMCP\" \/>\n<meta property=\"article:modified_time\" content=\"2025-06-18T08:15:08+00:00\" \/>\n<meta property=\"og:image\" content=\"https:\/\/quint.cc\/famcp\/wp-content\/uploads\/FAMCP_horizontal__1_-removebg-preview-e1740077331491.png\" \/>\n\t<meta property=\"og:image:width\" content=\"300\" \/>\n\t<meta property=\"og:image:height\" content=\"109\" \/>\n\t<meta property=\"og:image:type\" content=\"image\/png\" \/>\n<meta name=\"twitter:card\" content=\"summary_large_image\" \/>\n<meta name=\"twitter:label1\" content=\"Tiempo de lectura\" \/>\n\t<meta name=\"twitter:data1\" content=\"3 minutos\" \/>\n<script type=\"application\/ld+json\" class=\"yoast-schema-graph\">{\"@context\":\"https:\/\/schema.org\",\"@graph\":[{\"@type\":\"WebPage\",\"@id\":\"https:\/\/quint.cc\/famcp\/que-es-la-famcp\/estatutos\/\",\"url\":\"https:\/\/quint.cc\/famcp\/que-es-la-famcp\/estatutos\/\",\"name\":\"Normativa y Memorias de Gesti\u00f3n de la FAMCP - FAMCP\",\"isPartOf\":{\"@id\":\"https:\/\/quint.cc\/famcp\/#website\"},\"datePublished\":\"2016-06-15T12:13:10+00:00\",\"dateModified\":\"2025-06-18T08:15:08+00:00\",\"breadcrumb\":{\"@id\":\"https:\/\/quint.cc\/famcp\/que-es-la-famcp\/estatutos\/#breadcrumb\"},\"inLanguage\":\"es\",\"potentialAction\":[{\"@type\":\"ReadAction\",\"target\":[\"https:\/\/quint.cc\/famcp\/que-es-la-famcp\/estatutos\/\"]}]},{\"@type\":\"BreadcrumbList\",\"@id\":\"https:\/\/quint.cc\/famcp\/que-es-la-famcp\/estatutos\/#breadcrumb\",\"itemListElement\":[{\"@type\":\"ListItem\",\"position\":1,\"name\":\"Portada\",\"item\":\"https:\/\/quint.cc\/famcp\/\"},{\"@type\":\"ListItem\",\"position\":2,\"name\":\"\u00bfQu\u00e9 es la FAMCP?\",\"item\":\"https:\/\/quint.cc\/famcp\/que-es-la-famcp\/\"},{\"@type\":\"ListItem\",\"position\":3,\"name\":\"Normativa y Memorias de Gesti\u00f3n de la FAMCP\"}]},{\"@type\":\"WebSite\",\"@id\":\"https:\/\/quint.cc\/famcp\/#website\",\"url\":\"https:\/\/quint.cc\/famcp\/\",\"name\":\"FAMCP\",\"description\":\"Federaci\u00f3n Aragonesa de Municipios, Comarcas y Provincias\",\"potentialAction\":[{\"@type\":\"SearchAction\",\"target\":{\"@type\":\"EntryPoint\",\"urlTemplate\":\"https:\/\/quint.cc\/famcp\/?s={search_term_string}\"},\"query-input\":{\"@type\":\"PropertyValueSpecification\",\"valueRequired\":true,\"valueName\":\"search_term_string\"}}],\"inLanguage\":\"es\"}]}<\/script>\n<!-- \/ Yoast SEO plugin. -->","yoast_head_json":{"title":"Normativa y Memorias de Gesti\u00f3n de la FAMCP - FAMCP","robots":{"index":"index","follow":"follow","max-snippet":"max-snippet:-1","max-image-preview":"max-image-preview:large","max-video-preview":"max-video-preview:-1"},"canonical":"https:\/\/quint.cc\/famcp\/que-es-la-famcp\/estatutos\/","og_locale":"es_ES","og_type":"article","og_title":"Normativa y Memorias de Gesti\u00f3n de la FAMCP - FAMCP","og_description":"[vc_row][vc_column][vc_column_text css=\u00bb\u00bb] I. Normativa de la FAMCP Estatutos aprobados en la 8\u00aa Asamblea de la FAMCP. &nbsp; La Comisi\u00f3n Ejecutiva\u00a0 de la Federaci\u00f3n, celebrada el 17 de junio de 2025, aprob\u00f3: C\u00f3digo \u00c9tico de la FAMCP Plan Igualdad de la FAMCP Pol\u00edtica Medioambiental de la FAMCP &nbsp; II. Memorias e Informes de gesti\u00f3n de la&hellip;","og_url":"https:\/\/quint.cc\/famcp\/que-es-la-famcp\/estatutos\/","og_site_name":"FAMCP","article_modified_time":"2025-06-18T08:15:08+00:00","og_image":[{"width":300,"height":109,"url":"https:\/\/quint.cc\/famcp\/wp-content\/uploads\/FAMCP_horizontal__1_-removebg-preview-e1740077331491.png","type":"image\/png"}],"twitter_card":"summary_large_image","twitter_misc":{"Tiempo de lectura":"3 minutos"},"schema":{"@context":"https:\/\/schema.org","@graph":[{"@type":"WebPage","@id":"https:\/\/quint.cc\/famcp\/que-es-la-famcp\/estatutos\/","url":"https:\/\/quint.cc\/famcp\/que-es-la-famcp\/estatutos\/","name":"Normativa y Memorias de Gesti\u00f3n de la FAMCP - FAMCP","isPartOf":{"@id":"https:\/\/quint.cc\/famcp\/#website"},"datePublished":"2016-06-15T12:13:10+00:00","dateModified":"2025-06-18T08:15:08+00:00","breadcrumb":{"@id":"https:\/\/quint.cc\/famcp\/que-es-la-famcp\/estatutos\/#breadcrumb"},"inLanguage":"es","potentialAction":[{"@type":"ReadAction","target":["https:\/\/quint.cc\/famcp\/que-es-la-famcp\/estatutos\/"]}]},{"@type":"BreadcrumbList","@id":"https:\/\/quint.cc\/famcp\/que-es-la-famcp\/estatutos\/#breadcrumb","itemListElement":[{"@type":"ListItem","position":1,"name":"Portada","item":"https:\/\/quint.cc\/famcp\/"},{"@type":"ListItem","position":2,"name":"\u00bfQu\u00e9 es la FAMCP?","item":"https:\/\/quint.cc\/famcp\/que-es-la-famcp\/"},{"@type":"ListItem","position":3,"name":"Normativa y Memorias de Gesti\u00f3n de la FAMCP"}]},{"@type":"WebSite","@id":"https:\/\/quint.cc\/famcp\/#website","url":"https:\/\/quint.cc\/famcp\/","name":"FAMCP","description":"Federaci\u00f3n Aragonesa de Municipios, Comarcas y Provincias","potentialAction":[{"@type":"SearchAction","target":{"@type":"EntryPoint","urlTemplate":"https:\/\/quint.cc\/famcp\/?s={search_term_string}"},"query-input":{"@type":"PropertyValueSpecification","valueRequired":true,"valueName":"search_term_string"}}],"inLanguage":"es"}]}},"_links":{"self":[{"href":"https:\/\/quint.cc\/famcp\/wp-json\/wp\/v2\/pages\/290","targetHints":{"allow":["GET"]}}],"collection":[{"href":"https:\/\/quint.cc\/famcp\/wp-json\/wp\/v2\/pages"}],"about":[{"href":"https:\/\/quint.cc\/famcp\/wp-json\/wp\/v2\/types\/page"}],"author":[{"embeddable":true,"href":"https:\/\/quint.cc\/famcp\/wp-json\/wp\/v2\/users\/6"}],"replies":[{"embeddable":true,"href":"https:\/\/quint.cc\/famcp\/wp-json\/wp\/v2\/comments?post=290"}],"version-history":[{"count":30,"href":"https:\/\/quint.cc\/famcp\/wp-json\/wp\/v2\/pages\/290\/revisions"}],"predecessor-version":[{"id":19096,"href":"https:\/\/quint.cc\/famcp\/wp-json\/wp\/v2\/pages\/290\/revisions\/19096"}],"up":[{"embeddable":true,"href":"https:\/\/quint.cc\/famcp\/wp-json\/wp\/v2\/pages\/211"}],"wp:attachment":[{"href":"https:\/\/quint.cc\/famcp\/wp-json\/wp\/v2\/media?parent=290"}],"curies":[{"name":"wp","href":"https:\/\/api.w.org\/{rel}","templated":true}]}}