{"id":211,"date":"2015-05-14T11:53:05","date_gmt":"2015-05-14T15:53:05","guid":{"rendered":"http:\/\/demos.volovar.net\/townpress.wp\/demo\/?page_id=211"},"modified":"2023-11-09T11:28:27","modified_gmt":"2023-11-09T10:28:27","slug":"que-es-la-famcp","status":"publish","type":"page","link":"https:\/\/quint.cc\/famcp\/que-es-la-famcp\/","title":{"rendered":"\u00bfQu\u00e9 es la FAMCP?"},"content":{"rendered":"<div class=\"wpb-content-wrapper\"><p>[vc_row][vc_column][vc_column_text]<\/p>\n<h3 style=\"text-align: justify;\"><strong>Breve historia de la FAMCP<\/strong><\/h3>\n<p style=\"text-align: justify;\">La historia de la Federaci\u00f3n Aragonesa de Municipios y Provincias (FAMP) se inici\u00f3 en los primeros d\u00edas de la primavera de 1988. Un grupo de 28 alcaldes aragoneses, representantes de todos los partidos pol\u00edticos que entonces ten\u00edan presencia en los ayuntamientos, y los presidentes de las tres diputaciones provinciales se reunieron en Zaragoza para debatir la necesidad de crear un \u00f3rgano capaz de aglutinar y canalizar las reivindicaciones de las administraciones locales. En aquel encuentro se eligi\u00f3 una comisi\u00f3n gestora multipartidista encargada de elaborar una propuesta de estatutos y de convocar a los ayuntamientos y diputaciones de la regi\u00f3n, invit\u00e1ndoles a unirse en una organizaci\u00f3n que, como principio general, defendiera los intereses de las entidades locales ante las dem\u00e1s administraciones p\u00fablicas.<\/p>\n<p style=\"text-align: justify;\">En el sentido pol\u00edtico, los padres de la FAMP fueron <strong>Joaqu\u00edn Molinos<\/strong>, alcalde de Fuentes de Ebro por el PSOE, <strong>Armando Abad\u00eda<\/strong>, alcalde de Jaca por el PP, <strong>Jos\u00e9 Luis Moreno<\/strong>, alcalde de Tarazona por el PAR, <strong>Miguel Angel Royo<\/strong>, alcalde de Figueruelas por el CDS, y <strong>Sixto Agudo<\/strong>, alcalde de Alcampell por IU. A su llamada respondieron 230 ayuntamientos y las tres diputaciones provinciales, que participaron en la Asamblea General Constituyente celebrada en Zaragoza el 18 y 19 de junio de 1988. All\u00ed se sentaron las bases de la organizaci\u00f3n y se marcaron como objetivos principales la lucha por la autonom\u00eda local y por la suficiencia financiera de las administraciones locales para poder satisfacer m\u00e1s adecuadamente las demandas de los ciudadanos.<\/p>\n<p style=\"text-align: justify;\">El primer presidente de la FAMP fue <strong>Antonio Gonz\u00e1lez Trivi\u00f1o<\/strong>, que ocupaba la Alcald\u00eda de Zaragoza; en abril de 1992, fue elegido <strong>Jorge S\u00e1nchez Garc\u00eda<\/strong>, entonces alcalde de Calatayud; a quien sucedi\u00f3 en diciembre de 1995 <strong>Carlos Til Mata<\/strong>, que fue alcalde Gurrea de G\u00e1llego.<\/p>\n<p style=\"text-align: justify;\"><strong>Salvador Plana Marsal<\/strong>, alcalde de Altorric\u00f3n, fue elegido en la 3\u00aa Asamblea General, celebrada en diciembre de 1999, siendo reelegido en la 4\u00aa (diciembre de 2003) y en la 5\u00aa Asamblea General (24 de noviembre de 2007). <strong>Carlos Bon\u00e9 Amela<\/strong>, alcalde de Valderrobres, result\u00f3 elegido presidente en la 6\u00aa Asamblea General el 26 de noviembre de 2011.<\/p>\n<p style=\"text-align: justify;\">En la 4\u00aa Asamblea General se aprob\u00f3, entre otros asuntos, la modificaci\u00f3n de los Estatutos para que las Comarcas pudieran formar parte de la organizaci\u00f3n como nuevas administraciones locales. Tambi\u00e9n se aprob\u00f3 la ampliaci\u00f3n del nombre de la organizaci\u00f3n, que pas\u00f3 a denominarse Federaci\u00f3n Aragonesa de Municipios, Comarcas y Provincias, y de su sigla, que ahora es FAMCP.<\/p>\n<p style=\"text-align: justify;\">La\u00a0<strong>7\u00aa Asamblea General\u00a0<\/strong>Ordinaria celebrada el 14 de noviembre de 2015, eligi\u00f3, entre los miembros de la Comisi\u00f3n Ejecutiva, como presidenta a<strong> Carmen S\u00e1nchez P\u00e9rez<\/strong>, alcaldesa de Used.<\/p>\n<p style=\"text-align: justify;\">Carmen S\u00e1nchez P\u00e9rez con motivo de su nombramiento como delegada del Gobierno en Arag\u00f3n, en la reuni\u00f3n del Consejo de Ministros celebrada el 15 de junio de 2018, present\u00f3\u00a0su renuncia al cargo de presidenta, asumiendo el vicepresidente primero y alcalde de Rubielos de Mora,\u00a0<strong>\u00c1ngel Gracia Lucia<\/strong>, la presidencia de forma interina con efectos desde el 19 de junio de 2018.<\/p>\n<p style=\"text-align: justify;\">El Consejo de la FAMCP, m\u00e1ximo \u00f3rgano de gobierno entre asambleas, compuesto por los 21 miembros de la Comisi\u00f3n Ejecutiva m\u00e1s otros 28, todos ellos cargos electos locales elegidos entre los socios titulares por la Asamblea General, nombr\u00f3 en su reuni\u00f3n del 28 de noviembre de 2018\u00a0a\u00a0<strong>Luis Zubieta Lac\u00e1mara<\/strong> como miembro de la Comisi\u00f3n Ejecutiva y, a continuaci\u00f3n, lo eligi\u00f3 para ocupar la Presidencia de la organizaci\u00f3n.<\/p>\n<p style=\"text-align: justify;\">La <strong>8<\/strong><strong>\u00aa Asamblea General\u00a0<\/strong>celebrada el 16 de noviembre de 2019, eligi\u00f3, entre los miembros de la Comisi\u00f3n Ejecutiva, como presidente a<strong>\u00a0Luis Zubieta Lac\u00e1mara<\/strong>, alcalde de Zuera.<\/p>\n<p>El 1 de julio de 2023 falleci\u00f3 en un tr\u00e1gico accidente de tr\u00e1fico el alcalde de Zuera y presidente de la Federaci\u00f3n Aragonesa de Municipios, Comarcas y Provincias, Luis Zubieta Lac\u00e1mara, asumiendo el vicepresidente primero y ex alcalde de Ari\u00f1o, <strong>Joaqu\u00edn Noe Serrano<\/strong>, la presidencia de forma interina.<\/p>\n<p>La <strong>9\u00aa Asamblea General Extraordinaria, <\/strong>celebrada el 4 de noviembre de 2023, eligi\u00f3, entre los miembros de la Comisi\u00f3n Ejecutiva, como presidente a<strong> Carmelo P\u00e9rez D\u00edez<\/strong>, alcalde de Belchite.<\/p>\n<p style=\"text-align: justify;\">La filosof\u00eda fundacional de trabajar en favor del municipalismo por encima de las ideolog\u00edas se ha mantenido fielmente en la FAMCP. As\u00ed lo han demostrado la composici\u00f3n de las diferentes comisiones informativas y los \u00f3rganos de gobierno, en los que han estado representados los partidos pol\u00edticos con presencia en los ayuntamientos aragoneses.<\/p>\n<p style=\"text-align: justify;\">En sus m\u00e1s de 30 a\u00f1os de existencia, la <strong>FAMCP<\/strong> se ha consolidado como referente en todo lo relacionado con la pol\u00edtica municipal aragonesa y ha crecido como organizaci\u00f3n, ya que agrupa a 721 ayuntamientos, 33 comarcas y las 3 diputaciones provinciales aragonesas.<\/p>\n<p>[\/vc_column_text][\/vc_column][\/vc_row]<\/p>\n<\/div>","protected":false},"excerpt":{"rendered":"<p>[vc_row][vc_column][vc_column_text] Breve historia de la FAMCP La historia de la Federaci\u00f3n Aragonesa de Municipios y Provincias (FAMP) se inici\u00f3 en los primeros d\u00edas de la primavera de 1988. Un grupo de 28 alcaldes aragoneses, representantes de todos los partidos pol\u00edticos que entonces ten\u00edan presencia en los ayuntamientos, y los presidentes de las tres diputaciones provinciales&hellip;<\/p>\n","protected":false},"author":6,"featured_media":0,"parent":0,"menu_order":0,"comment_status":"closed","ping_status":"closed","template":"","meta":{"footnotes":""},"class_list":["post-211","page","type-page","status-publish","hentry","description-off"],"yoast_head":"<!-- This site is optimized with the Yoast SEO plugin v25.6 - https:\/\/yoast.com\/wordpress\/plugins\/seo\/ -->\n<title>\u00bfQu\u00e9 es la FAMCP? - FAMCP<\/title>\n<meta name=\"robots\" content=\"index, follow, max-snippet:-1, max-image-preview:large, max-video-preview:-1\" \/>\n<link rel=\"canonical\" href=\"https:\/\/quint.cc\/famcp\/que-es-la-famcp\/\" \/>\n<meta property=\"og:locale\" content=\"es_ES\" \/>\n<meta property=\"og:type\" content=\"article\" \/>\n<meta property=\"og:title\" content=\"\u00bfQu\u00e9 es la FAMCP? - FAMCP\" \/>\n<meta property=\"og:description\" content=\"[vc_row][vc_column][vc_column_text] Breve historia de la FAMCP La historia de la Federaci\u00f3n Aragonesa de Municipios y Provincias (FAMP) se inici\u00f3 en los primeros d\u00edas de la primavera de 1988. Un grupo de 28 alcaldes aragoneses, representantes de todos los partidos pol\u00edticos que entonces ten\u00edan presencia en los ayuntamientos, y los presidentes de las tres diputaciones provinciales&hellip;\" \/>\n<meta property=\"og:url\" content=\"https:\/\/quint.cc\/famcp\/que-es-la-famcp\/\" \/>\n<meta property=\"og:site_name\" content=\"FAMCP\" \/>\n<meta property=\"article:modified_time\" content=\"2023-11-09T10:28:27+00:00\" \/>\n<meta property=\"og:image\" content=\"https:\/\/quint.cc\/famcp\/wp-content\/uploads\/FAMCP_horizontal__1_-removebg-preview-e1740077331491.png\" \/>\n\t<meta property=\"og:image:width\" content=\"300\" \/>\n\t<meta property=\"og:image:height\" content=\"109\" \/>\n\t<meta property=\"og:image:type\" content=\"image\/png\" \/>\n<meta name=\"twitter:card\" content=\"summary_large_image\" \/>\n<meta name=\"twitter:label1\" content=\"Tiempo de lectura\" \/>\n\t<meta name=\"twitter:data1\" content=\"4 minutos\" \/>\n<script type=\"application\/ld+json\" class=\"yoast-schema-graph\">{\"@context\":\"https:\/\/schema.org\",\"@graph\":[{\"@type\":\"WebPage\",\"@id\":\"https:\/\/quint.cc\/famcp\/que-es-la-famcp\/\",\"url\":\"https:\/\/quint.cc\/famcp\/que-es-la-famcp\/\",\"name\":\"\u00bfQu\u00e9 es la FAMCP? - FAMCP\",\"isPartOf\":{\"@id\":\"https:\/\/quint.cc\/famcp\/#website\"},\"datePublished\":\"2015-05-14T15:53:05+00:00\",\"dateModified\":\"2023-11-09T10:28:27+00:00\",\"breadcrumb\":{\"@id\":\"https:\/\/quint.cc\/famcp\/que-es-la-famcp\/#breadcrumb\"},\"inLanguage\":\"es\",\"potentialAction\":[{\"@type\":\"ReadAction\",\"target\":[\"https:\/\/quint.cc\/famcp\/que-es-la-famcp\/\"]}]},{\"@type\":\"BreadcrumbList\",\"@id\":\"https:\/\/quint.cc\/famcp\/que-es-la-famcp\/#breadcrumb\",\"itemListElement\":[{\"@type\":\"ListItem\",\"position\":1,\"name\":\"Portada\",\"item\":\"https:\/\/quint.cc\/famcp\/\"},{\"@type\":\"ListItem\",\"position\":2,\"name\":\"\u00bfQu\u00e9 es la FAMCP?\"}]},{\"@type\":\"WebSite\",\"@id\":\"https:\/\/quint.cc\/famcp\/#website\",\"url\":\"https:\/\/quint.cc\/famcp\/\",\"name\":\"FAMCP\",\"description\":\"Federaci\u00f3n Aragonesa de Municipios, Comarcas y Provincias\",\"potentialAction\":[{\"@type\":\"SearchAction\",\"target\":{\"@type\":\"EntryPoint\",\"urlTemplate\":\"https:\/\/quint.cc\/famcp\/?s={search_term_string}\"},\"query-input\":{\"@type\":\"PropertyValueSpecification\",\"valueRequired\":true,\"valueName\":\"search_term_string\"}}],\"inLanguage\":\"es\"}]}<\/script>\n<!-- \/ Yoast SEO plugin. -->","yoast_head_json":{"title":"\u00bfQu\u00e9 es la FAMCP? - FAMCP","robots":{"index":"index","follow":"follow","max-snippet":"max-snippet:-1","max-image-preview":"max-image-preview:large","max-video-preview":"max-video-preview:-1"},"canonical":"https:\/\/quint.cc\/famcp\/que-es-la-famcp\/","og_locale":"es_ES","og_type":"article","og_title":"\u00bfQu\u00e9 es la FAMCP? - FAMCP","og_description":"[vc_row][vc_column][vc_column_text] Breve historia de la FAMCP La historia de la Federaci\u00f3n Aragonesa de Municipios y Provincias (FAMP) se inici\u00f3 en los primeros d\u00edas de la primavera de 1988. Un grupo de 28 alcaldes aragoneses, representantes de todos los partidos pol\u00edticos que entonces ten\u00edan presencia en los ayuntamientos, y los presidentes de las tres diputaciones provinciales&hellip;","og_url":"https:\/\/quint.cc\/famcp\/que-es-la-famcp\/","og_site_name":"FAMCP","article_modified_time":"2023-11-09T10:28:27+00:00","og_image":[{"width":300,"height":109,"url":"https:\/\/quint.cc\/famcp\/wp-content\/uploads\/FAMCP_horizontal__1_-removebg-preview-e1740077331491.png","type":"image\/png"}],"twitter_card":"summary_large_image","twitter_misc":{"Tiempo de lectura":"4 minutos"},"schema":{"@context":"https:\/\/schema.org","@graph":[{"@type":"WebPage","@id":"https:\/\/quint.cc\/famcp\/que-es-la-famcp\/","url":"https:\/\/quint.cc\/famcp\/que-es-la-famcp\/","name":"\u00bfQu\u00e9 es la FAMCP? - FAMCP","isPartOf":{"@id":"https:\/\/quint.cc\/famcp\/#website"},"datePublished":"2015-05-14T15:53:05+00:00","dateModified":"2023-11-09T10:28:27+00:00","breadcrumb":{"@id":"https:\/\/quint.cc\/famcp\/que-es-la-famcp\/#breadcrumb"},"inLanguage":"es","potentialAction":[{"@type":"ReadAction","target":["https:\/\/quint.cc\/famcp\/que-es-la-famcp\/"]}]},{"@type":"BreadcrumbList","@id":"https:\/\/quint.cc\/famcp\/que-es-la-famcp\/#breadcrumb","itemListElement":[{"@type":"ListItem","position":1,"name":"Portada","item":"https:\/\/quint.cc\/famcp\/"},{"@type":"ListItem","position":2,"name":"\u00bfQu\u00e9 es la FAMCP?"}]},{"@type":"WebSite","@id":"https:\/\/quint.cc\/famcp\/#website","url":"https:\/\/quint.cc\/famcp\/","name":"FAMCP","description":"Federaci\u00f3n Aragonesa de Municipios, Comarcas y Provincias","potentialAction":[{"@type":"SearchAction","target":{"@type":"EntryPoint","urlTemplate":"https:\/\/quint.cc\/famcp\/?s={search_term_string}"},"query-input":{"@type":"PropertyValueSpecification","valueRequired":true,"valueName":"search_term_string"}}],"inLanguage":"es"}]}},"_links":{"self":[{"href":"https:\/\/quint.cc\/famcp\/wp-json\/wp\/v2\/pages\/211","targetHints":{"allow":["GET"]}}],"collection":[{"href":"https:\/\/quint.cc\/famcp\/wp-json\/wp\/v2\/pages"}],"about":[{"href":"https:\/\/quint.cc\/famcp\/wp-json\/wp\/v2\/types\/page"}],"author":[{"embeddable":true,"href":"https:\/\/quint.cc\/famcp\/wp-json\/wp\/v2\/users\/6"}],"replies":[{"embeddable":true,"href":"https:\/\/quint.cc\/famcp\/wp-json\/wp\/v2\/comments?post=211"}],"version-history":[{"count":24,"href":"https:\/\/quint.cc\/famcp\/wp-json\/wp\/v2\/pages\/211\/revisions"}],"predecessor-version":[{"id":15163,"href":"https:\/\/quint.cc\/famcp\/wp-json\/wp\/v2\/pages\/211\/revisions\/15163"}],"wp:attachment":[{"href":"https:\/\/quint.cc\/famcp\/wp-json\/wp\/v2\/media?parent=211"}],"curies":[{"name":"wp","href":"https:\/\/api.w.org\/{rel}","templated":true}]}}