{"id":1743,"date":"2017-02-22T12:52:51","date_gmt":"2017-02-22T11:52:51","guid":{"rendered":"https:\/\/quint.cc\/famcp\/?page_id=1743"},"modified":"2020-10-09T12:15:57","modified_gmt":"2020-10-09T10:15:57","slug":"plan-de-formacion","status":"publish","type":"page","link":"https:\/\/quint.cc\/famcp\/plan-de-formacion\/","title":{"rendered":"Plan de Formaci\u00f3n del 2020"},"content":{"rendered":"<div class=\"wpb-content-wrapper\"><p>[vc_row][vc_column][lsvr_separator type=\u00bbtransparent\u00bb][vc_column_text]<\/p>\n<h1><span style=\"text-decoration: underline; color: #ff0000;\"><strong>ABIERTA LA INSCRIPCI\u00d3N A LOS<\/strong><strong> CURSOS DESTINADOS AL PERSONAL DE LA ADMINISTRACI\u00d3N LOCAL DE LA PROVINCIA DE HUESCA<\/strong><\/span><\/h1>\n<p>Estos cursos est\u00e1n organizados en\u00a0<strong>colaboraci\u00f3n con la Diputaci\u00f3n Provincial de Huesca<\/strong>, siendo totalmente gratuitos.<\/p>\n<p><strong><em>Requisitos para acceder a los cursos:<\/em><\/strong><\/p>\n<p>Es imprescindible estar trabajando en 2020 como empleado p\u00fablico de la Administraci\u00f3n Local de la provincia de Huesca (ayuntamientos, entidades locales menores, comarcas, mancomunidades de municipios y diputaci\u00f3n provincial).<\/p>\n<p><strong><em>La informaci\u00f3n de los cursos y la inscripci\u00f3n se realizar\u00e1 exclusivamente por la plataforma de formaci\u00f3n<\/em><\/strong> entrando en el siguiente enlace:<strong><u>\u00a0<\/u><\/strong><a href=\"http:\/\/cursos.famcp.es\">http:\/\/cursos.famcp.es<\/a>\u00a0.<\/p>\n<p><strong>Plazos de inscripci\u00f3n:\u00a0<\/strong>El plazo para inscribirse a los cursos finaliza el\u00a0<strong><u>18 de octubre<\/u>.<\/strong><\/p>\n<p>La inscripci\u00f3n se realiza a trav\u00e9s del portal de formaci\u00f3n<strong><em>\u00a0<\/em><\/strong><u>http:\/\/cursos.famcp.es<\/u><strong><em>. <\/em><\/strong><\/p>\n<p><strong>Advertencia:<\/strong>\u00a0La FAMCP toma los datos que los usuarios introducen en este portal, por lo que es necesario mantener los datos actualizados ya que la informaci\u00f3n all\u00ed recogida puede influir a la hora de hacer la selecci\u00f3n. Si se comprueba que los datos no son los correctos se proceder\u00e1 a la anulaci\u00f3n de los cursos que se hubieran solicitado.<\/p>\n<p>Para actualizar sus datos debe entrar en: <u>escuela.famcp.es<\/u> y modificarlos en el men\u00fa superior de la derecha, una vez se ha realizado el <em>login<\/em>. Se recomienda modificar la contrase\u00f1a por una que sea f\u00e1cil de recordar<strong><em>.<\/em><\/strong><\/p>\n<p><strong>\u00a0<\/strong><\/p>\n<hr \/>\n<h2><span style=\"color: #000000;\"><strong>CURSOS DESTINADOS AL PERSONAL DE LA ADMINISTRACI\u00d3N LOCAL DE ARAG\u00d3N QUE SE IMPARTIR\u00c1N DE SEPTIEMBRE A NOVIEMBRE DE 2020<\/strong><\/span><\/h2>\n<p>La Federaci\u00f3n Aragonesa de Municipios Comarcas y Provincias (FAMCP) es la encargada de desarrollar parte de las acciones formativas para el personal de la Administraci\u00f3n Local de Arag\u00f3n a trav\u00e9s del\u00a0<strong>PLAN DE FORMACI\u00d3N PARA EL EMPLEO PARA PERSONAL DE LA ADMINISTRACI\u00d3N LOCAL DE ARAG\u00d3N DEL A\u00d1O 2020.<\/strong><\/p>\n<p><strong>Quien puede participar:<\/strong><\/p>\n<p>Para participar es imprescindible haber trabajado en el a\u00f1o 2019 como empleado p\u00fablico de la Administraci\u00f3n Local de Arag\u00f3n (ayuntamientos, entidades locales menores, comarcas, mancomunidades de municipios y diputaciones provinciales).<\/p>\n<p><strong>Criterios de selecci\u00f3n:<\/strong><\/p>\n<ol>\n<li>Tendr\u00e1n prioridad los trabajadores de aquellas Entidades Locales de Arag\u00f3n que carecen de Plan de Formaci\u00f3n propio.<\/li>\n<li>Tendr\u00e1n prioridad los trabajadores que menos acciones formativas hayan realizado en los \u00faltimos cinco a\u00f1os.<\/li>\n<li>Coincidencia del curso elegido con el puesto de trabajo que desempe\u00f1a el solicitante.<\/li>\n<\/ol>\n<p><strong>Plazo y forma de inscripci\u00f3n:<\/strong><\/p>\n<p>El plazo para inscribirse en los cursos de septiembre a noviembre finaliza<strong>\u00a0el <u>21 de junio.<\/u>\u00a0<\/strong><\/p>\n<p>Se pueden <strong>inscribir<\/strong> a un <strong>m\u00e1ximo de 5 cursos<\/strong> en esta convocatoria.<\/p>\n<p>Estos <strong>cursos<\/strong> son gestionados con fondos del Acuerdo de Formaci\u00f3n para el Empleo de las Administraciones P\u00fablicas de la Comunidad Aut\u00f3noma de Arag\u00f3n, siendo totalmente <strong>gratuitos.<\/strong><\/p>\n<p>La <strong>inscripci\u00f3n<\/strong> se realiza a trav\u00e9s del portal de formaci\u00f3n<strong><em>\u00a0<\/em><span style=\"color: #3366ff;\">http:\/\/cursos.famcp.es<\/span><\/strong><u><\/u><\/p>\n<p><strong>Advertencia:<\/strong>\u00a0La FAMCP toma los datos que los usuarios introducen en este portal, por lo que es necesario mantener los datos actualizados ya que la informaci\u00f3n all\u00ed recogida puede influir a la hora de hacer la selecci\u00f3n. Si se comprueba que los datos no son los correctos se proceder\u00e1 a la anulaci\u00f3n de los cursos que se hubieran solicitado.<\/p>\n<p>Para actualizar sus datos debe entrar en: <u>escuela.famcp.es<\/u> y modificarlos en el men\u00fa superior de la derecha, una vez se ha realizado el <em>login<\/em>. Se recomienda modificar la contrase\u00f1a por una que sea f\u00e1cil de recordar<strong><em>.<\/em><\/strong><\/p>\n<p><span style=\"color: #ff9900;\">Estos cursos son gestionados con fondos del Acuerdo de Formaci\u00f3n para el Empleo de las Administraciones P\u00fablicas de la Comunidad Aut\u00f3noma de Arag\u00f3n, siendo totalmente gratuitos.<\/span><\/p>\n<h2><\/h2>\n<h2><\/h2>\n<p>[\/vc_column_text][lsvr_separator type=\u00bbtransparent\u00bb margin_bottom=\u00bblarge\u00bb][\/vc_column][\/vc_row][vc_row][vc_column][\/vc_column][\/vc_row]<\/p>\n<\/div>","protected":false},"excerpt":{"rendered":"<p>[vc_row][vc_column][lsvr_separator type=\u00bbtransparent\u00bb][vc_column_text] ABIERTA LA INSCRIPCI\u00d3N A LOS CURSOS DESTINADOS AL PERSONAL DE LA ADMINISTRACI\u00d3N LOCAL DE LA PROVINCIA DE HUESCA Estos cursos est\u00e1n organizados en\u00a0colaboraci\u00f3n con la Diputaci\u00f3n Provincial de Huesca, siendo totalmente gratuitos. Requisitos para acceder a los cursos: Es imprescindible estar trabajando en 2020 como empleado p\u00fablico de la Administraci\u00f3n Local de la&hellip;<\/p>\n","protected":false},"author":6,"featured_media":0,"parent":0,"menu_order":0,"comment_status":"closed","ping_status":"closed","template":"","meta":{"footnotes":""},"class_list":["post-1743","page","type-page","status-publish","hentry","description-off"],"yoast_head":"<!-- This site is optimized with the Yoast SEO plugin v25.6 - https:\/\/yoast.com\/wordpress\/plugins\/seo\/ -->\n<title>Plan de Formaci\u00f3n del 2020 - FAMCP<\/title>\n<meta name=\"robots\" content=\"index, follow, max-snippet:-1, max-image-preview:large, max-video-preview:-1\" \/>\n<link rel=\"canonical\" href=\"https:\/\/quint.cc\/famcp\/plan-de-formacion\/\" \/>\n<meta property=\"og:locale\" content=\"es_ES\" \/>\n<meta property=\"og:type\" content=\"article\" \/>\n<meta property=\"og:title\" content=\"Plan de Formaci\u00f3n del 2020 - FAMCP\" \/>\n<meta property=\"og:description\" content=\"[vc_row][vc_column][lsvr_separator type=\u00bbtransparent\u00bb][vc_column_text] ABIERTA LA INSCRIPCI\u00d3N A LOS CURSOS DESTINADOS AL PERSONAL DE LA ADMINISTRACI\u00d3N LOCAL DE LA PROVINCIA DE HUESCA Estos cursos est\u00e1n organizados en\u00a0colaboraci\u00f3n con la Diputaci\u00f3n Provincial de Huesca, siendo totalmente gratuitos. Requisitos para acceder a los cursos: Es imprescindible estar trabajando en 2020 como empleado p\u00fablico de la Administraci\u00f3n Local de la&hellip;\" \/>\n<meta property=\"og:url\" content=\"https:\/\/quint.cc\/famcp\/plan-de-formacion\/\" \/>\n<meta property=\"og:site_name\" content=\"FAMCP\" \/>\n<meta property=\"article:modified_time\" content=\"2020-10-09T10:15:57+00:00\" \/>\n<meta property=\"og:image\" content=\"https:\/\/quint.cc\/famcp\/wp-content\/uploads\/FAMCP_horizontal__1_-removebg-preview-e1740077331491.png\" \/>\n\t<meta property=\"og:image:width\" content=\"300\" \/>\n\t<meta property=\"og:image:height\" content=\"109\" \/>\n\t<meta property=\"og:image:type\" content=\"image\/png\" \/>\n<meta name=\"twitter:card\" content=\"summary_large_image\" \/>\n<meta name=\"twitter:label1\" content=\"Tiempo de lectura\" \/>\n\t<meta name=\"twitter:data1\" content=\"3 minutos\" \/>\n<script type=\"application\/ld+json\" class=\"yoast-schema-graph\">{\"@context\":\"https:\/\/schema.org\",\"@graph\":[{\"@type\":\"WebPage\",\"@id\":\"https:\/\/quint.cc\/famcp\/plan-de-formacion\/\",\"url\":\"https:\/\/quint.cc\/famcp\/plan-de-formacion\/\",\"name\":\"Plan de Formaci\u00f3n del 2020 - FAMCP\",\"isPartOf\":{\"@id\":\"https:\/\/quint.cc\/famcp\/#website\"},\"datePublished\":\"2017-02-22T11:52:51+00:00\",\"dateModified\":\"2020-10-09T10:15:57+00:00\",\"breadcrumb\":{\"@id\":\"https:\/\/quint.cc\/famcp\/plan-de-formacion\/#breadcrumb\"},\"inLanguage\":\"es\",\"potentialAction\":[{\"@type\":\"ReadAction\",\"target\":[\"https:\/\/quint.cc\/famcp\/plan-de-formacion\/\"]}]},{\"@type\":\"BreadcrumbList\",\"@id\":\"https:\/\/quint.cc\/famcp\/plan-de-formacion\/#breadcrumb\",\"itemListElement\":[{\"@type\":\"ListItem\",\"position\":1,\"name\":\"Portada\",\"item\":\"https:\/\/quint.cc\/famcp\/\"},{\"@type\":\"ListItem\",\"position\":2,\"name\":\"Plan de Formaci\u00f3n del 2020\"}]},{\"@type\":\"WebSite\",\"@id\":\"https:\/\/quint.cc\/famcp\/#website\",\"url\":\"https:\/\/quint.cc\/famcp\/\",\"name\":\"FAMCP\",\"description\":\"Federaci\u00f3n Aragonesa de Municipios, Comarcas y Provincias\",\"potentialAction\":[{\"@type\":\"SearchAction\",\"target\":{\"@type\":\"EntryPoint\",\"urlTemplate\":\"https:\/\/quint.cc\/famcp\/?s={search_term_string}\"},\"query-input\":{\"@type\":\"PropertyValueSpecification\",\"valueRequired\":true,\"valueName\":\"search_term_string\"}}],\"inLanguage\":\"es\"}]}<\/script>\n<!-- \/ Yoast SEO plugin. -->","yoast_head_json":{"title":"Plan de Formaci\u00f3n del 2020 - FAMCP","robots":{"index":"index","follow":"follow","max-snippet":"max-snippet:-1","max-image-preview":"max-image-preview:large","max-video-preview":"max-video-preview:-1"},"canonical":"https:\/\/quint.cc\/famcp\/plan-de-formacion\/","og_locale":"es_ES","og_type":"article","og_title":"Plan de Formaci\u00f3n del 2020 - FAMCP","og_description":"[vc_row][vc_column][lsvr_separator type=\u00bbtransparent\u00bb][vc_column_text] ABIERTA LA INSCRIPCI\u00d3N A LOS CURSOS DESTINADOS AL PERSONAL DE LA ADMINISTRACI\u00d3N LOCAL DE LA PROVINCIA DE HUESCA Estos cursos est\u00e1n organizados en\u00a0colaboraci\u00f3n con la Diputaci\u00f3n Provincial de Huesca, siendo totalmente gratuitos. Requisitos para acceder a los cursos: Es imprescindible estar trabajando en 2020 como empleado p\u00fablico de la Administraci\u00f3n Local de la&hellip;","og_url":"https:\/\/quint.cc\/famcp\/plan-de-formacion\/","og_site_name":"FAMCP","article_modified_time":"2020-10-09T10:15:57+00:00","og_image":[{"width":300,"height":109,"url":"https:\/\/quint.cc\/famcp\/wp-content\/uploads\/FAMCP_horizontal__1_-removebg-preview-e1740077331491.png","type":"image\/png"}],"twitter_card":"summary_large_image","twitter_misc":{"Tiempo de lectura":"3 minutos"},"schema":{"@context":"https:\/\/schema.org","@graph":[{"@type":"WebPage","@id":"https:\/\/quint.cc\/famcp\/plan-de-formacion\/","url":"https:\/\/quint.cc\/famcp\/plan-de-formacion\/","name":"Plan de Formaci\u00f3n del 2020 - FAMCP","isPartOf":{"@id":"https:\/\/quint.cc\/famcp\/#website"},"datePublished":"2017-02-22T11:52:51+00:00","dateModified":"2020-10-09T10:15:57+00:00","breadcrumb":{"@id":"https:\/\/quint.cc\/famcp\/plan-de-formacion\/#breadcrumb"},"inLanguage":"es","potentialAction":[{"@type":"ReadAction","target":["https:\/\/quint.cc\/famcp\/plan-de-formacion\/"]}]},{"@type":"BreadcrumbList","@id":"https:\/\/quint.cc\/famcp\/plan-de-formacion\/#breadcrumb","itemListElement":[{"@type":"ListItem","position":1,"name":"Portada","item":"https:\/\/quint.cc\/famcp\/"},{"@type":"ListItem","position":2,"name":"Plan de Formaci\u00f3n del 2020"}]},{"@type":"WebSite","@id":"https:\/\/quint.cc\/famcp\/#website","url":"https:\/\/quint.cc\/famcp\/","name":"FAMCP","description":"Federaci\u00f3n Aragonesa de Municipios, Comarcas y Provincias","potentialAction":[{"@type":"SearchAction","target":{"@type":"EntryPoint","urlTemplate":"https:\/\/quint.cc\/famcp\/?s={search_term_string}"},"query-input":{"@type":"PropertyValueSpecification","valueRequired":true,"valueName":"search_term_string"}}],"inLanguage":"es"}]}},"_links":{"self":[{"href":"https:\/\/quint.cc\/famcp\/wp-json\/wp\/v2\/pages\/1743","targetHints":{"allow":["GET"]}}],"collection":[{"href":"https:\/\/quint.cc\/famcp\/wp-json\/wp\/v2\/pages"}],"about":[{"href":"https:\/\/quint.cc\/famcp\/wp-json\/wp\/v2\/types\/page"}],"author":[{"embeddable":true,"href":"https:\/\/quint.cc\/famcp\/wp-json\/wp\/v2\/users\/6"}],"replies":[{"embeddable":true,"href":"https:\/\/quint.cc\/famcp\/wp-json\/wp\/v2\/comments?post=1743"}],"version-history":[{"count":43,"href":"https:\/\/quint.cc\/famcp\/wp-json\/wp\/v2\/pages\/1743\/revisions"}],"predecessor-version":[{"id":3068,"href":"https:\/\/quint.cc\/famcp\/wp-json\/wp\/v2\/pages\/1743\/revisions\/3068"}],"wp:attachment":[{"href":"https:\/\/quint.cc\/famcp\/wp-json\/wp\/v2\/media?parent=1743"}],"curies":[{"name":"wp","href":"https:\/\/api.w.org\/{rel}","templated":true}]}}