{"id":15218,"date":"2023-11-10T10:03:43","date_gmt":"2023-11-10T09:03:43","guid":{"rendered":"https:\/\/quint.cc\/famcp\/?page_id=15218"},"modified":"2023-11-10T20:01:50","modified_gmt":"2023-11-10T19:01:50","slug":"9a-asamblea-general-de-la-famcp","status":"publish","type":"page","link":"https:\/\/quint.cc\/famcp\/9a-asamblea-general-de-la-famcp\/","title":{"rendered":"9\u00aa Asamblea General de la FAMCP"},"content":{"rendered":"<div class=\"wpb-content-wrapper\"><p>[vc_row content_placement=\u00bbmiddle\u00bb][vc_column width=\u00bb1\/2&#8243;][vc_single_image image=\u00bb15220&#8243; img_size=\u00bbfull\u00bb alignment=\u00bbcenter\u00bb style=\u00bbvc_box_rounded\u00bb onclick=\u00bblink_image\u00bb][\/vc_column][vc_column width=\u00bb1\/2&#8243;][vc_column_text]<\/p>\n<p style=\"text-align: justify;\">El alcalde de Belchite, <strong>Carmelo P\u00e9rez D\u00edez<\/strong>, ha sido elegido este mediod\u00eda por unanimidad nuevo presidente de la Federaci\u00f3n Aragonesa de Municipios, Comarcas y Provincias (FAMCP). Asimismo, la nueva ejecutiva ha elegido a Eduardo Gallart secretario general de la FAMCP.<\/p>\n<p style=\"text-align: justify;\">Bajo el lema \u201cLos municipios de Arag\u00f3n, una voz\u201d, la <strong>9\u00aa Asamblea General de la FAMCP<\/strong>, que se ha celebrado en el Auditorio de Zaragoza, ha aprobado las l\u00edneas b\u00e1sicas que marcar\u00e1n la actuaci\u00f3n de la Federaci\u00f3n en el pr\u00f3ximo periodo de cuatro a\u00f1os y ha elegido a los integrantes de la <strong>Comisi\u00f3n Ejecutiva y del Consejo de la FAMCP<\/strong>, principales \u00f3rganos de direcci\u00f3n de la organizaci\u00f3n municipalista.<\/p>\n<p>[\/vc_column_text][\/vc_column][\/vc_row][vc_row][vc_column][vc_column_text]<\/p>\n<p style=\"text-align: justify;\"><strong>El nuevo presidente de la FAMCP es alcalde de Belchite desde 2015 y concejal en el ayuntamiento belchitano desde el a\u00f1o 2007.<\/strong> En estos momentos, ostenta la presidencia de la <strong>Comarca Campo de Belchite<\/strong>. Sustituye a Luis Zubieta, que fue elegido en 2019 al frente de la FAMCP y que falleci\u00f3 el pasado mes de julio en un accidente de tr\u00e1fico mientras circulaba en bicicleta en las proximidades de <strong>Zuera<\/strong>, municipio del que era alcalde. <strong>Joaqu\u00edn No\u00e9 ha ocupado desde entonces la presidencia de la federaci\u00f3n municipalista hasta la finalizaci\u00f3n del mandato de cuatro a\u00f1os de la ejecutiva<\/strong>.<\/p>\n<p>[\/vc_column_text][\/vc_column][\/vc_row][vc_row][vc_column width=\u00bb1\/2&#8243;][vc_column_text]<\/p>\n<p style=\"text-align: justify;\">En su primera intervenci\u00f3n, Carmelo P\u00e9rez, tras recordar a Luis Zubieta y al tambi\u00e9n alcalde fallecido Carlos Til, <strong>ha destacado el consenso y unidad que ha caracterizado la elecci\u00f3n de la nueva Ejecutiva<\/strong> y ha anunciado su deseo de que la FAMCP siga siendo \u201cla casa de los ayuntamientos\u201d y contin\u00fae avanzando en el progreso que ha caracterizado su actuaci\u00f3n de los \u00faltimos a\u00f1os. \u201cLos ayuntamientos debemos ser austeros en la gesti\u00f3n y \u00e1giles en la atenci\u00f3n a nuestros ciudadanos \u201c, ha afirmado, al tiempo que ha mostrado su deseo de abrir las puertas de la FAMCP a los <strong>731 ayuntamientos de la Comunidad Aut\u00f3noma para que \u201cpodamos solventar entre todos sus problemas<\/strong>. Es momento de compartir y no de combatir\u201d.<\/p>\n<p style=\"text-align: justify;\">La alcaldesa de Zaragoza, <strong>Natalia Chueca<\/strong>, tras dar la bienvenida a todos los alcaldes, ha estimado que es hora de reclamar <strong>\u201cuna financiaci\u00f3n justa que nos permita a los ayuntamientos ofrecer unos servicios de calidad\u201d<\/strong>. Tambi\u00e9n ha rechazado que pueda haber \u201cciudades de segunda y de primera. Un vecino de Zaragoza o de Huesca no es menos que un vecino de Barcelona\u201d.<\/p>\n<p>[\/vc_column_text][\/vc_column][vc_column width=\u00bb1\/2&#8243;][vc_single_image image=\u00bb15223&#8243; img_size=\u00bbfull\u00bb alignment=\u00bbcenter\u00bb style=\u00bbvc_box_rounded\u00bb onclick=\u00bblink_image\u00bb][\/vc_column][\/vc_row][vc_row][vc_column][vc_column_text]<\/p>\n<p style=\"text-align: justify;\">Por \u00faltimo, el presidente del Gobierno de Arag\u00f3n, <strong>Jorge Azc\u00f3n<\/strong>, que ha clausurado la asamblea, tras felicitar al nuevo equipo que trabajar\u00e1 en los \u00f3rganos de la FAMCP por el acuerdo alcanzado en este proceso de renovaci\u00f3n, ha apelado a la igualdad entre los ayuntamientos de Espa\u00f1a. \u201cSi no somos iguales, es imposible que hablemos entre todos. <strong>\u201cLa igualdad en servicios tiene que marcar la pol\u00edtica\u201d<\/strong>, ha afirmado. Azc\u00f3n ha expresado la \u201csensibilidad\u201d del Gobierno de Arag\u00f3n con las demandas de los ayuntamientos, por lo que ha anunciado que en los presupuestos de 2024 el <strong>Fondo de Financiaci\u00f3n Local superar\u00e1 los 32 millones de euros<\/strong>. Tambi\u00e9n ha anunciado una l\u00ednea de subvenciones para peque\u00f1os municipios y la creaci\u00f3n de un nuevo fondo similar al de Teruel, del que se beneficiar\u00e1n los municipios de Zaragoza y Huesca. \u201cEs de justicia porque tambi\u00e9n sufren las consecuencias de la despoblaci\u00f3n\u201d, ha se\u00f1alado. Ha concluido su intervenci\u00f3n haciendo un llamamiento a que se respete el principio de igualdad y ha situado la ejecuci\u00f3n de los fondos europeos como el reto prioritario de los ayuntamientos en los pr\u00f3ximos a\u00f1os. <strong>\u201cSi no se gasta ese dinero, habr\u00e1 que devolverlo\u201d, ha advertido<\/strong>.<\/p>\n<p>[\/vc_column_text][\/vc_column][\/vc_row][vc_row content_placement=\u00bbtop\u00bb][vc_column width=\u00bb1\/2&#8243;][vc_single_image image=\u00bb15222&#8243; img_size=\u00bbfull\u00bb alignment=\u00bbcenter\u00bb style=\u00bbvc_box_rounded\u00bb onclick=\u00bblink_image\u00bb][vc_row_inner css=\u00bb.vc_custom_1699642741477{margin-right: 0px !important;margin-bottom: 30px !important;margin-left: 0px !important;background-color: #ffffff !important;}\u00bb][vc_column_inner css=\u00bb.vc_custom_1699641910223{padding-bottom: 35px !important;background-color: #ffffff !important;}\u00bb][vc_custom_heading text=\u00bbConsulta y descarga aqu\u00ed los documentos relativos a la 9 Asamblea General 2023&#8243; font_container=\u00bbtag:h2|font_size:1.1rem|text_align:center|color:%23b91c25|line_height:1.3em\u00bb google_fonts=\u00bbfont_family:Montserrat%3Aregular%2C700|font_style:700%20bold%20regular%3A700%3Anormal\u00bb css=\u00bb.vc_custom_1699642528669{margin-bottom: 10px !important;}\u00bb]<style type=\"text\/css\" data-type=\"the7_shortcodes-inline-css\">#default-btn-20b4f5cb8802e409fb2a7ac619477c05.ico-right-side > i {\n  margin-right: 0px;\n  margin-left: 8px;\n}\n#default-btn-20b4f5cb8802e409fb2a7ac619477c05 > i {\n  margin-right: 8px;\n}<\/style><div class=\"btn-align-center\"><a href=\"https:\/\/quint.cc\/famcp\/wp-content\/uploads\/memoria-de-gestion-2019-2023.pdf\" class=\"default-btn-shortcode dt-btn dt-btn-m link-hover-off ico-right-side full-width-btn  vc_custom_1699642183556\" target=\"_blank\" id=\"default-btn-20b4f5cb8802e409fb2a7ac619477c05\" rel=\"noopener\"><span>MEMORIA DE GESTI\u00d3N 2019-2023<\/span><i class=\"fas fa-download\"><\/i><\/a><\/div><style type=\"text\/css\" data-type=\"the7_shortcodes-inline-css\">#default-btn-5eeba50c0c3d209c51b619265b032be9.ico-right-side > i {\n  margin-right: 0px;\n  margin-left: 8px;\n}\n#default-btn-5eeba50c0c3d209c51b619265b032be9 > i {\n  margin-right: 8px;\n}<\/style><div class=\"btn-align-center\"><a href=\"https:\/\/quint.cc\/famcp\/wp-content\/uploads\/resoluciones.pdf\" class=\"default-btn-shortcode dt-btn dt-btn-m link-hover-off ico-right-side full-width-btn  vc_custom_1699642041907\" target=\"_blank\" id=\"default-btn-5eeba50c0c3d209c51b619265b032be9\" rel=\"noopener\"><span>RESOLUCIONES<\/span><i class=\"fas fa-download\"><\/i><\/a><\/div>[\/vc_column_inner][\/vc_row_inner][\/vc_column][vc_column width=\u00bb1\/2&#8243;][vc_column_text]<\/p>\n<p><strong>COMISI\u00d3N EJECUTIVA DE LA FAMCP:<\/strong><\/p>\n<p style=\"font-size: 14px;\">Presidente. Carmelo P\u00e9rez D\u00edez, alcalde de Belchite.<br \/>\nVicepresidenta 1\u00aa Yolanda Sevilla Salvador, alcaldesa de Linares de Mora.<br \/>\nVicepresidente 2\u00ba Jos\u00e9 \u00c1ngel Calvo Ayora, alcalde de Gotor.<br \/>\nVicepresidenta 3\u00aa Mar\u00eda Lina Hernando Peinado, alcaldesa de Mainar.<\/p>\n<p style=\"font-size: 14px;\">Vocal. Jos\u00e9 Bellido Muniesa, alcalde de Cadrete.<br \/>\nVocal. Pilar Villanueva Campa\u00f1a, alcaldesa de La Puebla de Alfind\u00e9n.<br \/>\nVocal. Elena Mireia Bond\u00eda, alcaldesa de Maella.<br \/>\nVocal. Miguel \u00c1ngel Estevan Serrano, alcalde de Alca\u00f1iz.<br \/>\nVocal. Carmen Maorad \u00dabeda, alcaldesa de Santa Eulalia.<br \/>\nVocal. Jos\u00e9 Luis Iranzo Morales, alcalde de Muniesa.<br \/>\nVocal. Esther Artieda Puyal, alcaldesa de Pole\u00f1ino.<br \/>\nVocal. Ana Irigoyen Cardona, alcaldesa de Gurrea de G\u00e1llego.<br \/>\nVocal. M\u00f3nica Soler Navarro, alcaldesa de Argavieso.<br \/>\nVocal. Jos\u00e9 Javier Ferrer Jord\u00e1n, alcalde de Onti\u00f1ena.<br \/>\nVocal. Sa\u00fal P\u00e9rez Lacasa, alcalde de Torres de Alcanadre.<br \/>\nVocal. Ezequiel Marco Elorri, alcalde de Biota.<br \/>\nVocal. Jos\u00e9 Manuel Salazar Salas, alcalde de Zuera.<br \/>\nVocal. Jes\u00fas Baz\u00e1n Sanz, alcalde de \u00c9pila (Zaragoza).<br \/>\nVocal. Joaqu\u00edn Monesma Delgado, alcalde de Almuniente.<br \/>\nVocal. Mar\u00eda Mart\u00edn Su\u00e1rez, alcaldesa de Castillazuelo.<br \/>\nVocal. H\u00e9ctor Garc\u00eda Redondo, alcalde de Escucha.<\/p>\n<p>[\/vc_column_text][\/vc_column][\/vc_row]<\/p>\n<\/div>","protected":false},"excerpt":{"rendered":"<p>[vc_row content_placement=\u00bbmiddle\u00bb][vc_column width=\u00bb1\/2&#8243;][vc_single_image image=\u00bb15220&#8243; img_size=\u00bbfull\u00bb alignment=\u00bbcenter\u00bb style=\u00bbvc_box_rounded\u00bb onclick=\u00bblink_image\u00bb][\/vc_column][vc_column width=\u00bb1\/2&#8243;][vc_column_text] El alcalde de Belchite, Carmelo P\u00e9rez D\u00edez, ha sido elegido este mediod\u00eda por unanimidad nuevo presidente de la Federaci\u00f3n Aragonesa de Municipios, Comarcas y Provincias (FAMCP). Asimismo, la nueva ejecutiva ha elegido a Eduardo Gallart secretario general de la FAMCP. Bajo el lema \u201cLos municipios de&hellip;<\/p>\n","protected":false},"author":8,"featured_media":0,"parent":0,"menu_order":0,"comment_status":"closed","ping_status":"closed","template":"","meta":{"footnotes":""},"class_list":["post-15218","page","type-page","status-publish","hentry","description-off"],"yoast_head":"<!-- This site is optimized with the Yoast SEO plugin v25.6 - https:\/\/yoast.com\/wordpress\/plugins\/seo\/ -->\n<title>9\u00aa Asamblea General de la FAMCP - FAMCP<\/title>\n<meta name=\"robots\" content=\"index, follow, max-snippet:-1, max-image-preview:large, max-video-preview:-1\" \/>\n<link rel=\"canonical\" href=\"https:\/\/quint.cc\/famcp\/9a-asamblea-general-de-la-famcp\/\" \/>\n<meta property=\"og:locale\" content=\"es_ES\" \/>\n<meta property=\"og:type\" content=\"article\" \/>\n<meta property=\"og:title\" content=\"9\u00aa Asamblea General de la FAMCP - FAMCP\" \/>\n<meta property=\"og:description\" content=\"[vc_row content_placement=\u00bbmiddle\u00bb][vc_column width=\u00bb1\/2&#8243;][vc_single_image image=\u00bb15220&#8243; img_size=\u00bbfull\u00bb alignment=\u00bbcenter\u00bb style=\u00bbvc_box_rounded\u00bb onclick=\u00bblink_image\u00bb][\/vc_column][vc_column width=\u00bb1\/2&#8243;][vc_column_text] El alcalde de Belchite, Carmelo P\u00e9rez D\u00edez, ha sido elegido este mediod\u00eda por unanimidad nuevo presidente de la Federaci\u00f3n Aragonesa de Municipios, Comarcas y Provincias (FAMCP). Asimismo, la nueva ejecutiva ha elegido a Eduardo Gallart secretario general de la FAMCP. Bajo el lema \u201cLos municipios de&hellip;\" \/>\n<meta property=\"og:url\" content=\"https:\/\/quint.cc\/famcp\/9a-asamblea-general-de-la-famcp\/\" \/>\n<meta property=\"og:site_name\" content=\"FAMCP\" \/>\n<meta property=\"article:modified_time\" content=\"2023-11-10T19:01:50+00:00\" \/>\n<meta property=\"og:image\" content=\"https:\/\/quint.cc\/famcp\/wp-content\/uploads\/FAMCP_horizontal__1_-removebg-preview-e1740077331491.png\" \/>\n\t<meta property=\"og:image:width\" content=\"300\" \/>\n\t<meta property=\"og:image:height\" content=\"109\" \/>\n\t<meta property=\"og:image:type\" content=\"image\/png\" \/>\n<meta name=\"twitter:card\" content=\"summary_large_image\" \/>\n<meta name=\"twitter:label1\" content=\"Tiempo de lectura\" \/>\n\t<meta name=\"twitter:data1\" content=\"4 minutos\" \/>\n<script type=\"application\/ld+json\" class=\"yoast-schema-graph\">{\"@context\":\"https:\/\/schema.org\",\"@graph\":[{\"@type\":\"WebPage\",\"@id\":\"https:\/\/quint.cc\/famcp\/9a-asamblea-general-de-la-famcp\/\",\"url\":\"https:\/\/quint.cc\/famcp\/9a-asamblea-general-de-la-famcp\/\",\"name\":\"9\u00aa Asamblea General de la FAMCP - FAMCP\",\"isPartOf\":{\"@id\":\"https:\/\/quint.cc\/famcp\/#website\"},\"datePublished\":\"2023-11-10T09:03:43+00:00\",\"dateModified\":\"2023-11-10T19:01:50+00:00\",\"breadcrumb\":{\"@id\":\"https:\/\/quint.cc\/famcp\/9a-asamblea-general-de-la-famcp\/#breadcrumb\"},\"inLanguage\":\"es\",\"potentialAction\":[{\"@type\":\"ReadAction\",\"target\":[\"https:\/\/quint.cc\/famcp\/9a-asamblea-general-de-la-famcp\/\"]}]},{\"@type\":\"BreadcrumbList\",\"@id\":\"https:\/\/quint.cc\/famcp\/9a-asamblea-general-de-la-famcp\/#breadcrumb\",\"itemListElement\":[{\"@type\":\"ListItem\",\"position\":1,\"name\":\"Portada\",\"item\":\"https:\/\/quint.cc\/famcp\/\"},{\"@type\":\"ListItem\",\"position\":2,\"name\":\"9\u00aa Asamblea General de la FAMCP\"}]},{\"@type\":\"WebSite\",\"@id\":\"https:\/\/quint.cc\/famcp\/#website\",\"url\":\"https:\/\/quint.cc\/famcp\/\",\"name\":\"FAMCP\",\"description\":\"Federaci\u00f3n Aragonesa de Municipios, Comarcas y Provincias\",\"potentialAction\":[{\"@type\":\"SearchAction\",\"target\":{\"@type\":\"EntryPoint\",\"urlTemplate\":\"https:\/\/quint.cc\/famcp\/?s={search_term_string}\"},\"query-input\":{\"@type\":\"PropertyValueSpecification\",\"valueRequired\":true,\"valueName\":\"search_term_string\"}}],\"inLanguage\":\"es\"}]}<\/script>\n<!-- \/ Yoast SEO plugin. -->","yoast_head_json":{"title":"9\u00aa Asamblea General de la FAMCP - FAMCP","robots":{"index":"index","follow":"follow","max-snippet":"max-snippet:-1","max-image-preview":"max-image-preview:large","max-video-preview":"max-video-preview:-1"},"canonical":"https:\/\/quint.cc\/famcp\/9a-asamblea-general-de-la-famcp\/","og_locale":"es_ES","og_type":"article","og_title":"9\u00aa Asamblea General de la FAMCP - FAMCP","og_description":"[vc_row content_placement=\u00bbmiddle\u00bb][vc_column width=\u00bb1\/2&#8243;][vc_single_image image=\u00bb15220&#8243; img_size=\u00bbfull\u00bb alignment=\u00bbcenter\u00bb style=\u00bbvc_box_rounded\u00bb onclick=\u00bblink_image\u00bb][\/vc_column][vc_column width=\u00bb1\/2&#8243;][vc_column_text] El alcalde de Belchite, Carmelo P\u00e9rez D\u00edez, ha sido elegido este mediod\u00eda por unanimidad nuevo presidente de la Federaci\u00f3n Aragonesa de Municipios, Comarcas y Provincias (FAMCP). Asimismo, la nueva ejecutiva ha elegido a Eduardo Gallart secretario general de la FAMCP. Bajo el lema \u201cLos municipios de&hellip;","og_url":"https:\/\/quint.cc\/famcp\/9a-asamblea-general-de-la-famcp\/","og_site_name":"FAMCP","article_modified_time":"2023-11-10T19:01:50+00:00","og_image":[{"width":300,"height":109,"url":"https:\/\/quint.cc\/famcp\/wp-content\/uploads\/FAMCP_horizontal__1_-removebg-preview-e1740077331491.png","type":"image\/png"}],"twitter_card":"summary_large_image","twitter_misc":{"Tiempo de lectura":"4 minutos"},"schema":{"@context":"https:\/\/schema.org","@graph":[{"@type":"WebPage","@id":"https:\/\/quint.cc\/famcp\/9a-asamblea-general-de-la-famcp\/","url":"https:\/\/quint.cc\/famcp\/9a-asamblea-general-de-la-famcp\/","name":"9\u00aa Asamblea General de la FAMCP - FAMCP","isPartOf":{"@id":"https:\/\/quint.cc\/famcp\/#website"},"datePublished":"2023-11-10T09:03:43+00:00","dateModified":"2023-11-10T19:01:50+00:00","breadcrumb":{"@id":"https:\/\/quint.cc\/famcp\/9a-asamblea-general-de-la-famcp\/#breadcrumb"},"inLanguage":"es","potentialAction":[{"@type":"ReadAction","target":["https:\/\/quint.cc\/famcp\/9a-asamblea-general-de-la-famcp\/"]}]},{"@type":"BreadcrumbList","@id":"https:\/\/quint.cc\/famcp\/9a-asamblea-general-de-la-famcp\/#breadcrumb","itemListElement":[{"@type":"ListItem","position":1,"name":"Portada","item":"https:\/\/quint.cc\/famcp\/"},{"@type":"ListItem","position":2,"name":"9\u00aa Asamblea General de la FAMCP"}]},{"@type":"WebSite","@id":"https:\/\/quint.cc\/famcp\/#website","url":"https:\/\/quint.cc\/famcp\/","name":"FAMCP","description":"Federaci\u00f3n Aragonesa de Municipios, Comarcas y Provincias","potentialAction":[{"@type":"SearchAction","target":{"@type":"EntryPoint","urlTemplate":"https:\/\/quint.cc\/famcp\/?s={search_term_string}"},"query-input":{"@type":"PropertyValueSpecification","valueRequired":true,"valueName":"search_term_string"}}],"inLanguage":"es"}]}},"_links":{"self":[{"href":"https:\/\/quint.cc\/famcp\/wp-json\/wp\/v2\/pages\/15218","targetHints":{"allow":["GET"]}}],"collection":[{"href":"https:\/\/quint.cc\/famcp\/wp-json\/wp\/v2\/pages"}],"about":[{"href":"https:\/\/quint.cc\/famcp\/wp-json\/wp\/v2\/types\/page"}],"author":[{"embeddable":true,"href":"https:\/\/quint.cc\/famcp\/wp-json\/wp\/v2\/users\/8"}],"replies":[{"embeddable":true,"href":"https:\/\/quint.cc\/famcp\/wp-json\/wp\/v2\/comments?post=15218"}],"version-history":[{"count":6,"href":"https:\/\/quint.cc\/famcp\/wp-json\/wp\/v2\/pages\/15218\/revisions"}],"predecessor-version":[{"id":15238,"href":"https:\/\/quint.cc\/famcp\/wp-json\/wp\/v2\/pages\/15218\/revisions\/15238"}],"wp:attachment":[{"href":"https:\/\/quint.cc\/famcp\/wp-json\/wp\/v2\/media?parent=15218"}],"curies":[{"name":"wp","href":"https:\/\/api.w.org\/{rel}","templated":true}]}}