{"id":1337,"date":"2016-10-05T13:49:36","date_gmt":"2016-10-05T11:49:36","guid":{"rendered":"https:\/\/quint.cc\/famcp\/?page_id=1337"},"modified":"2022-12-01T10:39:14","modified_gmt":"2022-12-01T09:39:14","slug":"enlaces","status":"publish","type":"page","link":"https:\/\/quint.cc\/famcp\/enlaces\/","title":{"rendered":"Enlaces"},"content":{"rendered":"<div class=\"wpb-content-wrapper\"><p>[vc_row css=\u00bb.vc_custom_1618220601810{margin-bottom: 35px !important;padding-top: 30px !important;padding-right: 30px !important;padding-bottom: 30px !important;padding-left: 30px !important;background-color: #f4f4f4 !important;border-radius: 15px !important;}\u00bb][vc_column width=\u00bb1\/2&#8243;][vc_column_text]<\/p>\n<h2>Gobierno de Arag\u00f3n<\/h2>\n<p><a href=\"http:\/\/www.aragon.es\/\" target=\"_new\" rel=\"noopener\">Gobierno de Arag\u00f3n<\/a><br \/>\n<a href=\"https:\/\/www.aragon.es\/organismos\/departamento-de-presidencia-y-relaciones-institucionales\/direccion-general-de-administracion-local\" target=\"_new\" rel=\"noopener\">Direcci\u00f3n General de Administraci\u00f3n Local<\/a><br \/>\n<a href=\"https:\/\/www.aragon.es\/organismos\/departamento-de-presidencia-y-relaciones-institucionales\/direccion-general-de-interior-y-proteccion-civil\" target=\"_new\" rel=\"noopener\">Direcci\u00f3n General de Interior y Protecci\u00f3n Civil<\/a><br \/>\n<a href=\"https:\/\/www.aragon.es\/organismos\/departamento-de-presidencia-y-relaciones-institucionales\/direccion-general-de-justicia-\" target=\"_new\" rel=\"noopener\">Direcci\u00f3n General de Justicia\u00a0<\/a><br \/>\n<a href=\"https:\/\/www.aragon.es\/organismos\/departamento-de-presidencia-y-relaciones-institucionales\/direccion-general-de-relaciones-institucionales-\" target=\"_new\" rel=\"noopener\">Direcci\u00f3n General de Relaciones Institucionales<\/a><br \/>\n<a href=\"https:\/\/www.aragon.es\/organismos\/departamento-de-hacienda-y-administracion-publica\/direccion-general-de-contratacion\" target=\"_new\" rel=\"noopener\">Direcci\u00f3n General de Contrataci\u00f3n<\/a><br \/>\n<a href=\"https:\/\/www.aragon.es\/organismos\/departamento-de-hacienda-y-administracion-publica\/direccion-general-de-la-funcion-publica-y-calidad-de-los-servicios\" target=\"_new\" rel=\"noopener\">Direcci\u00f3n General de la Funci\u00f3n P\u00fablica y Calidad de los Servicios<\/a><br \/>\n<a href=\"https:\/\/www.aragon.es\/organismos\/departamento-de-ciudadania-y-derechos-sociales\/direccion-general-de-cooperacion-al-desarrollo-e-inmigracion\" target=\"_new\" rel=\"noopener\">Direcci\u00f3n General de Cooperaci\u00f3n al Desarrollo e Inmigraci\u00f3n<\/a><br \/>\n<a href=\"https:\/\/www.aragon.es\/organismos\/departamento-de-ciudadania-y-derechos-sociales\/direccion-general-de-igualdad-y-familias\" target=\"_new\" rel=\"noopener\">Direcci\u00f3n General de Igualdad y Familias<\/a><br \/>\n<a href=\"https:\/\/www.aragon.es\/-\/consumo\" target=\"_new\" rel=\"noopener\">Direcci\u00f3n General de Protecci\u00f3n Consumidores y Usuarios<\/a><br \/>\n<a href=\"https:\/\/www.aragon.es\/organismos\/departamento-de-ciudadania-y-derechos-sociales\/direccion-general-de-gobierno-abierto-e-innovacion-social\" target=\"_new\" rel=\"noopener\">Direcci\u00f3n General de Gobierno Abierto e Innovaci\u00f3n Social<\/a><br \/>\n<a href=\"https:\/\/www.aragon.es\/organismos\/departamento-de-ciencia-universidad-y-sociedad-del-conocimiento\/direccion-general-de-administracion-electronica-y-sociedad-de-la-informacion\" target=\"_new\" rel=\"noopener\">Direcci\u00f3n General de Administraci\u00f3n Electr\u00f3nica y Sociedad de la Informaci\u00f3n<\/a><br \/>\n<a href=\"https:\/\/www.aragon.es\/organismos\/departamento-de-ciencia-universidad-y-sociedad-del-conocimiento\/direccion-general-de-universidades\" target=\"_new\" rel=\"noopener\">Direcci\u00f3n General de Universidades<\/a><br \/>\n<a href=\"https:\/\/www.aragon.es\/organismos\/departamento-de-agricultura-ganaderia-y-medio-ambiente\/direccion-general-de-desarrollo-rural\" target=\"_new\" rel=\"noopener\">Direcci\u00f3n General de Desarrollo Rural<\/a><br \/>\n<a href=\"https:\/\/www.aragon.es\/organismos\/departamento-de-agricultura-ganaderia-y-medio-ambiente\/direccion-general-de-medio-natural-y-gestion-forestal\" target=\"_new\" rel=\"noopener\">Direcci\u00f3n General de Medio Natural y Gesti\u00f3n Agraria<\/a><br \/>\n<a href=\"https:\/\/www.aragon.es\/organismos\/departamento-de-agricultura-ganaderia-y-medio-ambiente\/direccion-general-de-cambio-climatico-y-educacion-ambiental\" target=\"_new\" rel=\"noopener\">Direcci\u00f3n General de Cambio Clim\u00e1tico y Educaci\u00f3n Ambiental<\/a><br \/>\n<a href=\"https:\/\/www.aragon.es\/organismos\/departamento-de-vertebracion-del-territorio-movilidad-y-vivienda\/direccion-general-de-urbanismo\" target=\"_new\" rel=\"noopener\">Direcci\u00f3n General de Urbanismo<\/a><br \/>\n<a href=\"https:\/\/www.aragon.es\/organismos\/departamento-de-vertebracion-del-territorio-movilidad-y-vivienda\/direccion-general-de-vivienda-y-rehabilitacion\" target=\"_new\" rel=\"noopener\">Direcci\u00f3n General de Vivienda y Rehabilitaci\u00f3n<\/a><br \/>\n<a href=\"https:\/\/www.aragon.es\/organismos\/departamento-de-vertebracion-del-territorio-movilidad-y-vivienda\/direccion-general-de-transportes\" target=\"_new\" rel=\"noopener\">Direcci\u00f3n General de Transportes<\/a><br \/>\n<a href=\"https:\/\/www.aragon.es\/organismos\/departamento-de-vertebracion-del-territorio-movilidad-y-vivienda\/direccion-general-de-carreteras\" target=\"_new\" rel=\"noopener\">Direcci\u00f3n General de Carreteras<\/a><br \/>\n<a href=\"https:\/\/www.aragon.es\/organismos\/departamento-de-vertebracion-del-territorio-movilidad-y-vivienda\/direccion-general-de-ordenacion-del-territorio\" target=\"_new\" rel=\"noopener\">Direcci\u00f3n General de Ordenaci\u00f3n del Territorio<\/a><br \/>\n<a href=\"https:\/\/www.aragon.es\/organismos\/organos-consultivos\" target=\"_new\" rel=\"noopener\">\u00d3rganos Consultivos<\/a><br \/>\n<a href=\"https:\/\/www.aragon.es\/organismos\/departamento-de-hacienda-y-administracion-publica\/direccion-general-de-la-funcion-publica-y-calidad-de-los-servicios\/instituto-aragones-de-administracion-publica-iaap-\" target=\"_new\" rel=\"noopener\">Instituto Aragon\u00e9s de Administraci\u00f3n P\u00fablica<\/a><br \/>\n<a href=\"https:\/\/www.aragon.es\/organismos\/departamento-de-economia-planificacion-y-empleo\/direccion-general-de-trabajo-autonomos-y-economia-social\/instituto-aragones-de-seguridad-y-salud-laboral-issla-\" target=\"_new\" rel=\"noopener\">Instituto Aragon\u00e9s de Seguridad y\u00a0Salud Laboral<\/a><br \/>\n<a href=\"https:\/\/www.aragon.es\/-\/presentacion-del-iam\" target=\"_new\" rel=\"noopener\">Instituto Aragon\u00e9s de la Mujer<\/a><br \/>\n<a href=\"https:\/\/www.aragon.es\/organismos\/departamento-de-ciudadania-y-derechos-sociales\/instituto-aragones-de-la-juventud-iaj-\" target=\"_new\" rel=\"noopener\">Instituto Aragon\u00e9s de la Juventud<\/a><br \/>\n<a href=\"https:\/\/www.aragon.es\/organismos\/departamento-de-ciudadania-y-derechos-sociales\/instituto-aragones-de-servicios-sociales-iass-\" target=\"_new\" rel=\"noopener\">Instituto Aragon\u00e9s de Servicios Sociales<\/a><br \/>\n<a href=\"https:\/\/www.aragon.es\/organismos\/departamento-de-economia-planificacion-y-empleo\/instituto-aragones-de-empleo-inaem-\" target=\"_new\" rel=\"noopener\">Instituto Aragon\u00e9s de Empleo<\/a><br \/>\n<a href=\"https:\/\/www.aragon.es\/organismos\/departamento-de-industria-competitividad-y-desarrollo-empresarial\/instituto-aragones-de-fomento-iaf-\" target=\"_new\" rel=\"noopener\">Instituto Aragon\u00e9s de Fomento<\/a><br \/>\n<a href=\"https:\/\/www.aragon.es\/-\/revision-de-autorizaciones-ambientales-integradas-en-las-instalaciones-ganaderas-en-aragon\" target=\"_new\" rel=\"noopener\">Instituto Aragon\u00e9s de Gesti\u00f3n Ambiental<\/a><br \/>\n<a href=\"https:\/\/www.aragon.es\/organismos\/departamento-de-agricultura-ganaderia-y-medio-ambiente\/instituto-aragones-del-agua-iaa-\" target=\"_new\" rel=\"noopener\">Instituto Aragon\u00e9s del Agua<\/a><br \/>\n<a href=\"https:\/\/www.aragon.es\/organismos\/departamento-de-vertebracion-del-territorio-movilidad-y-vivienda\/direccion-general-de-ordenacion-del-territorio\/instituto-geografico-de-aragon-igear-\" target=\"_new\" rel=\"noopener\">Instituto Geogr\u00e1fico de Arag\u00f3n<\/a><br \/>\n<a href=\"https:\/\/www.aragon.es\/organismos\/departamento-de-ciencia-universidad-y-sociedad-del-conocimiento\/instituto-tecnologico-de-aragon-ita-\" target=\"_new\" rel=\"noopener\">Instituto Tecnol\u00f3gico de Arag\u00f3n<\/a><br \/>\n<a href=\"https:\/\/www.aragon.es\/organismos\/departamento-de-sanidad\/instituto-aragones-de-ciencias-de-la-salud-iacs-\" target=\"_new\" rel=\"noopener\">Instituto Aragon\u00e9s de Ciencias de la Salud<\/a><br \/>\n<a href=\"https:\/\/www.aragon.es\/organismos\/departamento-de-economia-planificacion-y-empleo\/direccion-general-de-economia\/instituto-aragones-de-estadistica-iaest-\" target=\"_new\" rel=\"noopener\">Instituto Aragon\u00e9s de Estad\u00edstica<\/a><br \/>\n<a href=\"https:\/\/www.aragon.es\/coronavirus\" target=\"_new\" rel=\"noopener\">Coronavirus Arag\u00f3n<\/a>[\/vc_column_text][vc_column_text]<\/p>\n<h2>Comarcas<\/h2>\n<p><a href=\"http:\/\/www.comarcadelaranda.com\/\" target=\"_new\" rel=\"noopener\">Comarca del Aranda<\/a><br \/>\n<a href=\"http:\/\/www.cincamedio.es\/\" target=\"_new\" rel=\"noopener\">Comarca del Cinca Medio<\/a><br \/>\n<a href=\"http:\/\/www.comarcaaltogallego.es\/es\/web-institucional-del-alto-gallego.aspx\" target=\"_new\" rel=\"noopener\">Comarca del Alto Gallego<\/a><br \/>\n<a href=\"https:\/\/www.andorrasierradearcos.com\/\" target=\"_new\" rel=\"noopener\">Comarca de Andorra Sierra de Arcos<\/a><br \/>\n<a href=\"http:\/\/www.bajoaragon.es\/\" target=\"_new\" rel=\"noopener\">Comarca del Bajo Arag\u00f3n<\/a><br \/>\n<a href=\"https:\/\/www.cbac.es\/\" target=\"_new\" rel=\"noopener\">Comarca de Bajo Arag\u00f3n-Caspe<\/a><br \/>\n<a href=\"http:\/\/www.bajocinca.es\/\" target=\"_new\" rel=\"noopener\">Comarca del Bajo Cinca<\/a><br \/>\n<a href=\"http:\/\/www.comarcabajomartin.com\/\" target=\"_new\" rel=\"noopener\">Comarca del Bajo Mart\u00edn<\/a><br \/>\n<a href=\"http:\/\/campodebelchite.com\/\" target=\"_new\" rel=\"noopener\">Comarca del Campo de Belchite<\/a><br \/>\n<a href=\"http:\/\/www.campodeborja.es\/\" target=\"_new\" rel=\"noopener\">Comarca de Campo de Borja<\/a><br \/>\n<a href=\"https:\/\/campodecarinena.es\/\" target=\"_new\" rel=\"noopener\">Comarca de Campo de Cari\u00f1ena<\/a><br \/>\n<a href=\"http:\/\/www.comarcadedaroca.com\/\" target=\"_new\" rel=\"noopener\">Comarca de Campo de Daroca<\/a><br \/>\n<a href=\"https:\/\/www.comarcacincovillas.es\/\" target=\"_new\" rel=\"noopener\">Comarca de las Cinco Villas<\/a><br \/>\n<a href=\"https:\/\/www.comunidadcalatayud.com\/\" target=\"_new\" rel=\"noopener\">Comarca Comunidad de Calatayud<\/a><br \/>\n<a href=\"https:\/\/www.comarcateruel.es\/\" target=\"_new\" rel=\"noopener\">Comarca Comunidad de Teruel<\/a><br \/>\n<a href=\"http:\/\/www.comarcacuencasmineras.es\/\" target=\"_new\" rel=\"noopener\">Comarca de las Cuencas Mineras<\/a><br \/>\n<a href=\"https:\/\/gudarjavalambre.es\/\" target=\"_new\" rel=\"noopener\">Comarca de G\u00fadar-Javalambre<\/a><br \/>\n<a href=\"https:\/\/hoyadehuesca.es\/INICIO\/index.html\" target=\"_new\" rel=\"noopener\">Comarca de La Hoya de Huesca<\/a><br \/>\n<a href=\"https:\/\/www.jacetania.es\/\" target=\"_new\" rel=\"noopener\">Comarca de La Jacetania<\/a><br \/>\n<a href=\"https:\/\/www.jiloca.es\/\" target=\"_new\" rel=\"noopener\">Comarca del Jiloca<\/a><br \/>\n<a href=\"http:\/\/www.lalitera.org\/\" target=\"_new\" rel=\"noopener\">Comarca de La Litera<\/a><br \/>\n<a href=\"https:\/\/www.comarcamaestrazgo.es\/\" target=\"_new\" rel=\"noopener\">Comarca del Maestrazgo<\/a><br \/>\n<a href=\"http:\/\/www.comarcamatarranya.es\/\" target=\"_new\" rel=\"noopener\">\u00a0Comarca del Matarra\u00f1a<\/a><br \/>\n<a href=\"http:\/\/www.losmonegros.com\/\" target=\"_new\" rel=\"noopener\">Comarca de Los Monegros<\/a><br \/>\n<a href=\"https:\/\/www.cribagorza.org\/\" target=\"_new\" rel=\"noopener\">Comarca de La Ribagorza<\/a><br \/>\n<a href=\"https:\/\/rialebro.net\/\" target=\"_new\" rel=\"noopener\">Comarca de la Ribera Alta del Ebro<\/a><br \/>\n<a href=\"https:\/\/riberabaja.es\/\" target=\"_new\" rel=\"noopener\">Comarca de la Ribera Baja del Ebro<\/a><br \/>\n<a href=\"https:\/\/www.comarcadelasierradealbarracin.es\/\" target=\"_new\" rel=\"noopener\">Comarca Sierra de Albarrac\u00edn<\/a><br \/>\n<a href=\"https:\/\/www.sobrarbe.com\/\" target=\"_new\" rel=\"noopener\">Comarca del Sobrarbe<\/a><br \/>\n<a href=\"https:\/\/www.somontano.org\/\" target=\"_new\" rel=\"noopener\">Comarca del Somontano de Barbastro<\/a><br \/>\n<a href=\"https:\/\/www.tarazonayelmoncayo.es\/\" target=\"_new\" rel=\"noopener\">Comarca de Tarazona y El Moncayo<\/a><br \/>\n<a href=\"http:\/\/www.valdejalon.es\/\" target=\"_new\" rel=\"noopener\">Comarca de Valdejal\u00f3n<\/a><br \/>\n<a href=\"https:\/\/comarcacentral.es\/\" target=\"_new\" rel=\"noopener\">Comarca Central<\/a>[\/vc_column_text][\/vc_column][vc_column width=\u00bb1\/2&#8243;][vc_column_text]<\/p>\n<h2>Federaciones de municipios<\/h2>\n<p><a href=\"http:\/\/www.famp.es\/\" target=\"_blank\" rel=\"noopener\">Federaci\u00f3n Andaluza de Municipios y Provincias<\/a><br \/>\n<a href=\"http:\/\/www.famcp.org\/\" target=\"_blank\" rel=\"noopener\">Federaci\u00f3n Aragonesa de Municipios, Comarcas y Provincias<\/a><br \/>\n<a href=\"http:\/\/www.facc.info\/\" target=\"_blank\" rel=\"noopener\">Federaci\u00f3n Asturiana de Concejos<\/a><br \/>\n<a href=\"http:\/\/www.felib.es\/\" target=\"_blank\" rel=\"noopener\">Federaci\u00f3n de Entidades Locales de las Islas Baleares<\/a><br \/>\n<a href=\"http:\/\/www.fecam.es\/modules.php?mod=portal&amp;file=index\" target=\"_blank\" rel=\"noopener\">Federaci\u00f3n Canaria de Municipios<\/a><br \/>\n<a href=\"http:\/\/www.fegamp.org\/?idioma=es\" target=\"_blank\" rel=\"noopener\">Federaci\u00f3n Gallega de Municipios y Provincias<\/a><br \/>\n<a href=\"http:\/\/www.fnmc.es\/\" target=\"_blank\" rel=\"noopener\">Federaci\u00f3n Navarra de Municipios y Concejos<\/a><br \/>\n<a href=\"http:\/\/www.federaciondemunicipios.com\/\" target=\"_blank\" rel=\"noopener\">Federaci\u00f3n de Municipios de Cantabria<\/a><br \/>\n<a href=\"http:\/\/www.fempclm.es\/\" target=\"_blank\" rel=\"noopener\">Federaci\u00f3n de Municipios de Castilla La &#8211; Mancha<\/a><br \/>\n<a href=\"http:\/\/www.fmcnet.org\/\" target=\"_blank\" rel=\"noopener\">Federaci\u00f3n de Municipios de Catalu\u00f1a<\/a><br \/>\n<a href=\"http:\/\/www.fempex.es\/\" target=\"_blank\" rel=\"noopener\">Federaci\u00f3n de Municipios y Provincias de Extremadura<\/a><br \/>\n<a href=\"http:\/\/www.fmmadrid.com\/\" target=\"_blank\" rel=\"noopener\">Federaci\u00f3n de Municipios de Madrid<\/a><br \/>\n<a href=\"http:\/\/www.fnmc.es\/\" target=\"_blank\" rel=\"noopener\">Federaci\u00f3n de Municipios de la Regi\u00f3n de Murcia<\/a><br \/>\n<a href=\"http:\/\/www.frmpcl.es\/\" target=\"_blank\" rel=\"noopener\">Federaci\u00f3n Regional de Municipios y Provincias de Castilla y Le\u00f3n<\/a><br \/>\n<a href=\"http:\/\/www.fvmp.es\/\" target=\"_blank\" rel=\"noopener\">Federaci\u00f3n Valenciana de Municipios y Provincias<\/a><br \/>\n<a href=\"http:\/\/www.eudel.net\/aNG\/web\/cas\/index.jsp\" target=\"_blank\" rel=\"noopener\">Asociaci\u00f3n de Municipios Vascos-EUDEL<\/a>[\/vc_column_text][vc_column_text]<\/p>\n<h2>Diputaciones provinciales de Arag\u00f3n<\/h2>\n<p><a href=\"http:\/\/www.dpz.es\/\" target=\"_blank\" rel=\"noopener\">Diputaci\u00f3n Provincial de Teruel<\/a><br \/>\n<a href=\"http:\/\/www.dpz.es\/\" target=\"_blank\" rel=\"noopener\">Diputaci\u00f3n Provincial de Zaragoza<\/a><br \/>\n<a href=\"http:\/\/www.dphuesca.es\/\" target=\"_blank\" rel=\"noopener\">Diputaci\u00f3n Provincial de Huesca<\/a>[\/vc_column_text][vc_column_text]<\/p>\n<h2>Boletines oficiales<\/h2>\n<p><a href=\"http:\/\/www.boa.aragon.es\/\" target=\"_blank\" rel=\"noopener\">Arag\u00f3n<\/a><br \/>\n<a href=\"http:\/\/www.boe.es\/diario_boe\/\" target=\"_blank\" rel=\"noopener\">Estado<\/a><br \/>\n<a href=\"http:\/\/www.dphuesca.es\/\" target=\"_blank\" rel=\"noopener\">Huesca<\/a><br \/>\n<a href=\"https:\/\/236ws.dpteruel.es\/DPT\/bopt.nsf\" target=\"_blank\" rel=\"noopener\">Teruel<\/a><br \/>\n<a href=\"http:\/\/eur-lex.europa.eu\/JOIndex.do?ihmlang=es\" target=\"_blank\" rel=\"noopener\">Uni\u00f3n Europea<\/a><br \/>\n<a href=\"http:\/\/bop.dpz.es\/\" target=\"_blank\" rel=\"noopener\">Zaragoza<\/a>[\/vc_column_text][vc_column_text]<\/p>\n<h2>FEMP<\/h2>\n<p><a href=\"http:\/\/www.femp.es\/\" target=\"_blank\" rel=\"noopener\">Federaci\u00f3n Espa\u00f1ola de Municipios y Provincias<\/a>[\/vc_column_text][\/vc_column][\/vc_row]<\/p>\n<\/div>","protected":false},"excerpt":{"rendered":"<p>[vc_row css=\u00bb.vc_custom_1618220601810{margin-bottom: 35px !important;padding-top: 30px !important;padding-right: 30px !important;padding-bottom: 30px !important;padding-left: 30px !important;background-color: #f4f4f4 !important;border-radius: 15px !important;}\u00bb][vc_column width=\u00bb1\/2&#8243;][vc_column_text] Gobierno de Arag\u00f3n Gobierno de Arag\u00f3n Direcci\u00f3n General de Administraci\u00f3n Local Direcci\u00f3n General de Interior y Protecci\u00f3n Civil Direcci\u00f3n General de Justicia\u00a0 Direcci\u00f3n General de Relaciones Institucionales Direcci\u00f3n General de Contrataci\u00f3n Direcci\u00f3n General de la Funci\u00f3n P\u00fablica y&hellip;<\/p>\n","protected":false},"author":6,"featured_media":0,"parent":0,"menu_order":0,"comment_status":"closed","ping_status":"closed","template":"","meta":{"footnotes":""},"class_list":["post-1337","page","type-page","status-publish","hentry","description-off"],"yoast_head":"<!-- This site is optimized with the Yoast SEO plugin v25.6 - https:\/\/yoast.com\/wordpress\/plugins\/seo\/ -->\n<title>Enlaces - FAMCP<\/title>\n<meta name=\"robots\" content=\"index, follow, max-snippet:-1, max-image-preview:large, max-video-preview:-1\" \/>\n<link rel=\"canonical\" href=\"https:\/\/quint.cc\/famcp\/enlaces\/\" \/>\n<meta property=\"og:locale\" content=\"es_ES\" \/>\n<meta property=\"og:type\" content=\"article\" \/>\n<meta property=\"og:title\" content=\"Enlaces - FAMCP\" \/>\n<meta property=\"og:description\" content=\"[vc_row css=\u00bb.vc_custom_1618220601810{margin-bottom: 35px !important;padding-top: 30px !important;padding-right: 30px !important;padding-bottom: 30px !important;padding-left: 30px !important;background-color: #f4f4f4 !important;border-radius: 15px !important;}\u00bb][vc_column width=\u00bb1\/2&#8243;][vc_column_text] Gobierno de Arag\u00f3n Gobierno de Arag\u00f3n Direcci\u00f3n General de Administraci\u00f3n Local Direcci\u00f3n General de Interior y Protecci\u00f3n Civil Direcci\u00f3n General de Justicia\u00a0 Direcci\u00f3n General de Relaciones Institucionales Direcci\u00f3n General de Contrataci\u00f3n Direcci\u00f3n General de la Funci\u00f3n P\u00fablica y&hellip;\" \/>\n<meta property=\"og:url\" content=\"https:\/\/quint.cc\/famcp\/enlaces\/\" \/>\n<meta property=\"og:site_name\" content=\"FAMCP\" \/>\n<meta property=\"article:modified_time\" content=\"2022-12-01T09:39:14+00:00\" \/>\n<meta property=\"og:image\" content=\"https:\/\/quint.cc\/famcp\/wp-content\/uploads\/FAMCP_horizontal__1_-removebg-preview-e1740077331491.png\" \/>\n\t<meta property=\"og:image:width\" content=\"300\" \/>\n\t<meta property=\"og:image:height\" content=\"109\" \/>\n\t<meta property=\"og:image:type\" content=\"image\/png\" \/>\n<meta name=\"twitter:card\" content=\"summary_large_image\" \/>\n<meta name=\"twitter:label1\" content=\"Tiempo de lectura\" \/>\n\t<meta name=\"twitter:data1\" content=\"3 minutos\" \/>\n<script type=\"application\/ld+json\" class=\"yoast-schema-graph\">{\"@context\":\"https:\/\/schema.org\",\"@graph\":[{\"@type\":\"WebPage\",\"@id\":\"https:\/\/quint.cc\/famcp\/enlaces\/\",\"url\":\"https:\/\/quint.cc\/famcp\/enlaces\/\",\"name\":\"Enlaces - FAMCP\",\"isPartOf\":{\"@id\":\"https:\/\/quint.cc\/famcp\/#website\"},\"datePublished\":\"2016-10-05T11:49:36+00:00\",\"dateModified\":\"2022-12-01T09:39:14+00:00\",\"breadcrumb\":{\"@id\":\"https:\/\/quint.cc\/famcp\/enlaces\/#breadcrumb\"},\"inLanguage\":\"es\",\"potentialAction\":[{\"@type\":\"ReadAction\",\"target\":[\"https:\/\/quint.cc\/famcp\/enlaces\/\"]}]},{\"@type\":\"BreadcrumbList\",\"@id\":\"https:\/\/quint.cc\/famcp\/enlaces\/#breadcrumb\",\"itemListElement\":[{\"@type\":\"ListItem\",\"position\":1,\"name\":\"Portada\",\"item\":\"https:\/\/quint.cc\/famcp\/\"},{\"@type\":\"ListItem\",\"position\":2,\"name\":\"Enlaces\"}]},{\"@type\":\"WebSite\",\"@id\":\"https:\/\/quint.cc\/famcp\/#website\",\"url\":\"https:\/\/quint.cc\/famcp\/\",\"name\":\"FAMCP\",\"description\":\"Federaci\u00f3n Aragonesa de Municipios, Comarcas y Provincias\",\"potentialAction\":[{\"@type\":\"SearchAction\",\"target\":{\"@type\":\"EntryPoint\",\"urlTemplate\":\"https:\/\/quint.cc\/famcp\/?s={search_term_string}\"},\"query-input\":{\"@type\":\"PropertyValueSpecification\",\"valueRequired\":true,\"valueName\":\"search_term_string\"}}],\"inLanguage\":\"es\"}]}<\/script>\n<!-- \/ Yoast SEO plugin. -->","yoast_head_json":{"title":"Enlaces - FAMCP","robots":{"index":"index","follow":"follow","max-snippet":"max-snippet:-1","max-image-preview":"max-image-preview:large","max-video-preview":"max-video-preview:-1"},"canonical":"https:\/\/quint.cc\/famcp\/enlaces\/","og_locale":"es_ES","og_type":"article","og_title":"Enlaces - FAMCP","og_description":"[vc_row css=\u00bb.vc_custom_1618220601810{margin-bottom: 35px !important;padding-top: 30px !important;padding-right: 30px !important;padding-bottom: 30px !important;padding-left: 30px !important;background-color: #f4f4f4 !important;border-radius: 15px !important;}\u00bb][vc_column width=\u00bb1\/2&#8243;][vc_column_text] Gobierno de Arag\u00f3n Gobierno de Arag\u00f3n Direcci\u00f3n General de Administraci\u00f3n Local Direcci\u00f3n General de Interior y Protecci\u00f3n Civil Direcci\u00f3n General de Justicia\u00a0 Direcci\u00f3n General de Relaciones Institucionales Direcci\u00f3n General de Contrataci\u00f3n Direcci\u00f3n General de la Funci\u00f3n P\u00fablica y&hellip;","og_url":"https:\/\/quint.cc\/famcp\/enlaces\/","og_site_name":"FAMCP","article_modified_time":"2022-12-01T09:39:14+00:00","og_image":[{"width":300,"height":109,"url":"https:\/\/quint.cc\/famcp\/wp-content\/uploads\/FAMCP_horizontal__1_-removebg-preview-e1740077331491.png","type":"image\/png"}],"twitter_card":"summary_large_image","twitter_misc":{"Tiempo de lectura":"3 minutos"},"schema":{"@context":"https:\/\/schema.org","@graph":[{"@type":"WebPage","@id":"https:\/\/quint.cc\/famcp\/enlaces\/","url":"https:\/\/quint.cc\/famcp\/enlaces\/","name":"Enlaces - FAMCP","isPartOf":{"@id":"https:\/\/quint.cc\/famcp\/#website"},"datePublished":"2016-10-05T11:49:36+00:00","dateModified":"2022-12-01T09:39:14+00:00","breadcrumb":{"@id":"https:\/\/quint.cc\/famcp\/enlaces\/#breadcrumb"},"inLanguage":"es","potentialAction":[{"@type":"ReadAction","target":["https:\/\/quint.cc\/famcp\/enlaces\/"]}]},{"@type":"BreadcrumbList","@id":"https:\/\/quint.cc\/famcp\/enlaces\/#breadcrumb","itemListElement":[{"@type":"ListItem","position":1,"name":"Portada","item":"https:\/\/quint.cc\/famcp\/"},{"@type":"ListItem","position":2,"name":"Enlaces"}]},{"@type":"WebSite","@id":"https:\/\/quint.cc\/famcp\/#website","url":"https:\/\/quint.cc\/famcp\/","name":"FAMCP","description":"Federaci\u00f3n Aragonesa de Municipios, Comarcas y Provincias","potentialAction":[{"@type":"SearchAction","target":{"@type":"EntryPoint","urlTemplate":"https:\/\/quint.cc\/famcp\/?s={search_term_string}"},"query-input":{"@type":"PropertyValueSpecification","valueRequired":true,"valueName":"search_term_string"}}],"inLanguage":"es"}]}},"_links":{"self":[{"href":"https:\/\/quint.cc\/famcp\/wp-json\/wp\/v2\/pages\/1337","targetHints":{"allow":["GET"]}}],"collection":[{"href":"https:\/\/quint.cc\/famcp\/wp-json\/wp\/v2\/pages"}],"about":[{"href":"https:\/\/quint.cc\/famcp\/wp-json\/wp\/v2\/types\/page"}],"author":[{"embeddable":true,"href":"https:\/\/quint.cc\/famcp\/wp-json\/wp\/v2\/users\/6"}],"replies":[{"embeddable":true,"href":"https:\/\/quint.cc\/famcp\/wp-json\/wp\/v2\/comments?post=1337"}],"version-history":[{"count":65,"href":"https:\/\/quint.cc\/famcp\/wp-json\/wp\/v2\/pages\/1337\/revisions"}],"predecessor-version":[{"id":13217,"href":"https:\/\/quint.cc\/famcp\/wp-json\/wp\/v2\/pages\/1337\/revisions\/13217"}],"wp:attachment":[{"href":"https:\/\/quint.cc\/famcp\/wp-json\/wp\/v2\/media?parent=1337"}],"curies":[{"name":"wp","href":"https:\/\/api.w.org\/{rel}","templated":true}]}}