{"id":13137,"date":"2022-11-29T08:29:35","date_gmt":"2022-11-29T07:29:35","guid":{"rendered":"https:\/\/quint.cc\/famcp\/?page_id=13137"},"modified":"2024-02-27T15:17:20","modified_gmt":"2024-02-27T14:17:20","slug":"plan-corresponsables","status":"publish","type":"page","link":"https:\/\/quint.cc\/famcp\/plan-corresponsables\/","title":{"rendered":"Plan Corresponsables"},"content":{"rendered":"<div class=\"wpb-content-wrapper\"><p>[vc_row][vc_column width=\u00bb2\/3&#8243;][vc_column_text]<\/p>\n<p style=\"text-align: justify;\">El <strong>Plan Corresponsables<\/strong> tiene como objetivo afrontar el desaf\u00edo de dise\u00f1ar el un sistema de cuidado corresponsable para favorecer la conciliaci\u00f3n familiar y laboral al tiempo que fomenta la creaci\u00f3n de empleo.<\/p>\n<p style=\"text-align: justify;\">As\u00ed, el <strong>Plan Corresponsables<\/strong> es una pol\u00edtica que articula mecanismos para:<\/p>\n<ul>\n<li style=\"text-align: justify;\">Favorecer la conciliaci\u00f3n de las familias con ni\u00f1as, ni\u00f1os y j\u00f3venes menores de hasta 16 a\u00f1os.<\/li>\n<li style=\"text-align: justify;\">La creaci\u00f3n de empleo, la dignificaci\u00f3n y reconocimiento de la experiencia profesional de los cuidados.<\/li>\n<li style=\"text-align: justify;\">La sensibilizaci\u00f3n en materia de corresponsabilidad.<\/li>\n<li style=\"text-align: justify;\">La articulaci\u00f3n de bases informativas de recursos disponibles en este campo<\/li>\n<\/ul>\n<p>[\/vc_column_text][\/vc_column][vc_column width=\u00bb1\/3&#8243;][vc_video link=\u00bbhttps:\/\/www.youtube.com\/watch?v=xATCNkTDJSI\u00bb][\/vc_column][\/vc_row][vc_row][vc_column][vc_column_text]<\/p>\n<p style=\"text-align: justify;\">La labor de la <strong>FAMCP<\/strong> dentro del <strong>Plan es coordinaci\u00f3n<\/strong> en la puesta en marcha del sistema<strong> Corresponsables en Arag\u00f3n<\/strong>:<\/p>\n<ul style=\"text-align: justify; list-style: none;\">\n<li>1. Impulsar un proceso de sensibilizaci\u00f3n y reconocimiento del cuidado, no s\u00f3lo como una responsabilidad compartida, sino como un valor en s\u00ed que sit\u00faa a las personas en el centro del sistema<\/li>\n<li>2. Apoyo a las Comarcas en el dise\u00f1o y ejecuci\u00f3n.<\/li>\n<\/ul>\n<p>[\/vc_column_text][vc_column_text css=\u00bb.vc_custom_1695280342260{padding-left: 40px !important;}\u00bb]a) <a href=\"https:\/\/quint.cc\/famcp\/wp-content\/uploads\/PLAN-CORRESPONSABLES.pdf\" target=\"_blank\" rel=\"noopener\">Preguntas Frecuentes.<\/a><\/p>\n<p>b) <a href=\"https:\/\/quint.cc\/famcp\/wp-content\/uploads\/documentacion.zip\">Documentaci\u00f3n<\/a> para la ejecuci\u00f3n.<\/p>\n<p>c) <a href=\"https:\/\/quint.cc\/famcp\/wp-content\/uploads\/GUIA-PARA-PROFESIONALES-Educar-en-corresponsabilidad.pdf\" target=\"_blank\" rel=\"noopener\">Gu\u00eda de cuidados<\/a>.[\/vc_column_text][vc_column_text]<\/p>\n<ul style=\"text-align: justify; list-style: none;\">\n<li>3. Evaluar el impacto de la actividad<\/li>\n<li>4. Analizar y sugerir \u00e1reas de mejora de la implementaci\u00f3n de las pol\u00edticas p\u00fablicas.<\/li>\n<li>5. Elaboraci\u00f3n del <strong><a href=\"#mapa-de-recursos\">mapa de recursos<\/a><\/strong> relacionados con los cuidados y a la corresponsabilidad.<\/li>\n<\/ul>\n<p style=\"text-align: justify;\">Esta herramienta cuenta con todos aquellos espacios que han ido utilizando las Comarcas, dentro del Plan, para la ejecuci\u00f3n de sus actividades. A medida que se vayan usando m\u00e1s espacios, se incluir\u00e1n en el mapa.<\/p>\n<p>[\/vc_column_text][\/vc_column][\/vc_row][vc_row][vc_column width=\u00bb1\/2&#8243;]<style type=\"text\/css\" data-type=\"the7_shortcodes-inline-css\">#default-btn-d6580dd3ef247e71573ebd36e16cfa84.ico-right-side > i {\n  margin-right: 0px;\n  margin-left: 8px;\n}\n#default-btn-d6580dd3ef247e71573ebd36e16cfa84 > i {\n  margin-right: 8px;\n}<\/style><div class=\"btn-align-center\"><a href=\"https:\/\/quint.cc\/famcp\/wp-content\/uploads\/PLAN-CORRESPONSABLES.pdf\" class=\"default-btn-shortcode dt-btn dt-btn-m link-hover-off ico-right-side anchor-link botonpreguntas full-width-btn \" target=\"_blank\" id=\"default-btn-d6580dd3ef247e71573ebd36e16cfa84\" rel=\"noopener\"><span>PREGUNTAS FRECUENTES<\/span><i class=\"dt-icon-the7-download\"><\/i><\/a><\/div>[\/vc_column][vc_column width=\u00bb1\/2&#8243;][vc_tta_accordion shape=\u00bbsquare\u00bb color=\u00bbviolet\u00bb c_align=\u00bbcenter\u00bb active_section=\u00bb100&#8243; collapsible_all=\u00bbtrue\u00bb][vc_tta_section title=\u00bbENLACES COMARCAS\u00bb tab_id=\u00bbenlaces-comarcas\u00bb][vc_column_text]<strong>ALTO G\u00c1LLEGO<\/strong><br \/>\n<a href=\"https:\/\/www.comarcaaltogallego.es\/plan-corresponsables\" target=\"_blank\" rel=\"noopener\">https:\/\/www.comarcaaltogallego.es\/plan-corresponsables<\/a><\/p>\n<p><strong>ARANDA<\/strong><br \/>\n<a href=\"http:\/\/www.comarcadelaranda.com\/administracion\/detalle.php?id=359\" target=\"_blank\" rel=\"noopener\">http:\/\/www.comarcadelaranda.com\/administracion\/detalle.php?id=359<\/a><\/p>\n<p><strong>BAJO CINCA<\/strong><br \/>\n<a href=\"https:\/\/app.ebando.es\/bando\/7540b616-9cd0-42e0-b21b-ec22dadf8955-1647606004\" target=\"_blank\" rel=\"noopener\">https:\/\/app.ebando.es\/bando\/7540b616-9cd0-42e0-b21b-ec22dadf8955-1647606004<\/a><\/p>\n<p><strong>CAMPO DE BELCHITE<\/strong><br \/>\n<a href=\"http:\/\/campodebelchite.com\/plancorresponsables\/\" target=\"_blank\" rel=\"noopener\">http:\/\/campodebelchite.com\/plancorresponsables\/<\/a><\/p>\n<p><strong>CAMPOR DE BORJA<\/strong><br \/>\n<a href=\"https:\/\/campodeborja.es\/actividad-ludica-de-conciliacion\/\" target=\"_blank\" rel=\"noopener\">https:\/\/campodeborja.es\/actividad-ludica-de-conciliacion\/<\/a><\/p>\n<p><strong>CINCA MEDIO<\/strong><br \/>\n<a href=\"https:\/\/www.cincamedio.es\/institucionalcinca\/\" target=\"_blank\" rel=\"noopener\">https:\/\/www.cincamedio.es\/institucionalcinca\/<\/a><\/p>\n<p><strong>CINCO VILLAS<\/strong><br \/>\n<a href=\"https:\/\/www.comarcacincovillas.es\/wp-content\/uploads\/2022\/07\/np-plan-corresponsables-comarca-cinco-villas.pdf\" target=\"_blank\" rel=\"noopener\">https:\/\/www.comarcacincovillas.es\/wp-content\/uploads\/2022\/07\/np-plan-corresponsables-comarca-cinco-villas.pdf<\/a><\/p>\n<p><strong>COMUNIDAD DE TERUEL<\/strong><br \/>\n<a href=\"https:\/\/comarcateruel.es\/corresponsables\/\" target=\"_blank\" rel=\"noopener\">https:\/\/comarcateruel.es\/corresponsables\/<\/a><\/p>\n<p><strong>CENTRAL<\/strong><br \/>\n<a href=\"https:\/\/comarcacentral.es\/convocatoria\/\" target=\"_blank\" rel=\"noopener\">https:\/\/comarcacentral.es\/convocatoria\/<\/a><\/p>\n<p><strong>JILOCA<\/strong><br \/>\n<a href=\"https:\/\/www.jiloca.es\/noticiaaccion_social\/plan-corresponsables\/\" target=\"_blank\" rel=\"noopener\">https:\/\/www.jiloca.es\/noticiaaccion_social\/plan-corresponsables\/<\/a><\/p>\n<p><strong>LA JACETANIA<\/strong><br \/>\n<a href=\"https:\/\/www.jacetania.es\/evento-plan-corresponsables-inscripcian-familias-306.php\" target=\"_blank\" rel=\"noopener\">https:\/\/www.jacetania.es\/evento-plan-corresponsables-inscripcian-familias-306.php<\/a><\/p>\n<p><strong>LA LITERA<\/strong><br \/>\n<a href=\"http:\/\/www.lalitera.org\/es\/noticias\/la-comarca-de-la-litera-pone-en-marcha-el-plan-corresponsables-en-colaboracion-con-los-ayuntamientos\" target=\"_blank\" rel=\"noopener\">http:\/\/www.lalitera.org\/es\/noticias\/la-comarca-de-la-litera-pone-en-marcha-el-plan-corresponsables-en-colaboracion-con-los-ayuntamientos<\/a><\/p>\n<p><strong>LA RIBAGORZA<\/strong><br \/>\n<a href=\"https:\/\/www.cribagorza.org\/index.php\/mod.noticias\/mem.detalle\/idnoticia.634\/relcategoria.1239\/chk.39a995223170b7505c0347a61d005143.html\" target=\"_blank\" rel=\"noopener\">https:\/\/www.cribagorza.org\/index.php\/mod.noticias\/mem.detalle\/idnoticia.634\/relcategoria.1239\/chk.39a995223170b7505c0347a61d005143.html<\/a><\/p>\n<p><strong>LOS MONEGROS<\/strong><br \/>\n<a href=\"https:\/\/www.losmonegros.com\/asp\/noticias_detalle.asp?Cod=3257\" target=\"_blank\" rel=\"noopener\">https:\/\/www.losmonegros.com\/asp\/noticias_detalle.asp?Cod=3257<\/a><\/p>\n<p><strong>EL MAESTRAZGO<\/strong><br \/>\n<a href=\"https:\/\/www.comarcamaestrazgo.es\/n-256-noticias\" target=\"_blank\" rel=\"noopener\">https:\/\/www.comarcamaestrazgo.es\/n-256-noticias<\/a><\/p>\n<p><strong>MATARRA\u00d1A<\/strong><br \/>\n<a href=\"http:\/\/www.comarcamatarranya.es\/index.php\/personas\/accion-social\/\" target=\"_blank\" rel=\"noopener\">http:\/\/www.comarcamatarranya.es\/index.php\/personas\/accion-social\/<\/a><\/p>\n<p><strong>RIBERA ALTA DEL EBRO<\/strong><br \/>\n<a href=\"https:\/\/rialebro.net\/servicios-plan-corresponsables-para-familias\/\" target=\"_blank\" rel=\"noopener\">https:\/\/rialebro.net\/servicios-plan-corresponsables-para-familias\/<\/a><\/p>\n<p><strong>RIBERA BAJA DEL EBRO<\/strong><br \/>\n<a href=\"https:\/\/riberabaja.es\/areas-comarcales\/accion-social\/servicios-y-programas\/apoyo-a-las-familias\" target=\"_blank\" rel=\"noopener\">https:\/\/riberabaja.es\/areas-comarcales\/accion-social\/servicios-y-programas\/apoyo-a-las-familias<\/a><\/p>\n<p><strong>SOBRARBE<\/strong><br \/>\n<a href=\"https:\/\/www.sobrarbe.com\/servicios.php?niv=2&amp;cla=_1D000O6JS&amp;cla2=_4D60SQQTT&amp;cla3=_6AD0WBWG9&amp;tip=3\" target=\"_blank\" rel=\"noopener\">https:\/\/www.sobrarbe.com\/servicios.php?niv=2&amp;cla=_1D000O6JS&amp;cla2=_4D60SQQTT&amp;cla3=_6AD0WBWG9&amp;tip=3<\/a><\/p>\n<p><strong>SOMONTANO DE BARBASTRO<\/strong><br \/>\n<a href=\"https:\/\/www.somontano.org\/corresponsables\" target=\"_blank\" rel=\"noopener\">https:\/\/www.somontano.org\/corresponsables<\/a><\/p>\n<p><strong>VALDEJALON<\/strong><br \/>\n<a href=\"https:\/\/www.valdejalon.es\/anuncio-consulta-publica-reglamento-desarrollo-servicios-derivados-del-plan-corresponsables\" target=\"_blank\" rel=\"noopener\">https:\/\/www.valdejalon.es\/anuncio-consulta-publica-reglamento-desarrollo-servicios-derivados-del-plan-corresponsables<\/a>[\/vc_column_text][\/vc_tta_section][\/vc_tta_accordion][\/vc_column][\/vc_row][vc_row css=\u00bb.vc_custom_1669800489397{margin-top: 60px !important;}\u00bb el_id=\u00bbmapa-de-recursos\u00bb][vc_column][vc_column_text]<\/p>\n<h2 style=\"text-align: center;\">Mapa de Recursos<\/h2>\n<p>[\/vc_column_text][\/vc_column][\/vc_row][vc_row full_width=\u00bbstretch_row_content_no_spaces\u00bb][vc_column][vc_column_text]<style>\n       .errordiv { padding:10px; margin:10px; border: 1px solid #555555;color: #000000;background-color: #f8f8f8; width:500px; }#advanced_iframe {visibility:visible;opacity:1;vertical-align:top;}.ai-info-bottom-iframe { position: fixed; z-index: 10000; bottom:0; left: 0; margin: 0px; text-align: center; width: 100%; background-color: #ff9999; padding-left: 5px;padding-bottom: 5px; border-top: 1px solid #aaa } a.ai-bold {font-weight: bold;}#ai-layer-div-advanced_iframe p {height:100%;margin:0;padding:0}<\/style><script type=\"text\/javascript\">var ai_iframe_width_advanced_iframe = 0;var ai_iframe_height_advanced_iframe = 0;var aiOnloadScrollTop=\"true\";var aiShowDebug=false;\n\t\tif (typeof aiReadyCallbacks === 'undefined') {\n\t\t\tvar aiReadyCallbacks = [];\n\t\t} else if (!(aiReadyCallbacks instanceof Array)) {\n\t\t\tvar aiReadyCallbacks = [];\n\t\t}    function aiShowIframeId(id_iframe) { jQuery(\"#\"+id_iframe).css(\"visibility\", \"visible\");    }    function aiResizeIframeHeight(height) { aiResizeIframeHeight(height,advanced_iframe); }    function aiResizeIframeHeightId(height,width,id) {aiResizeIframeHeightById(id,height);}<\/script><iframe id=\"advanced_iframe\"  name=\"advanced_iframe\"  src=\"https:\/\/backoffice.famcp.es\/vermapa.php\"  width=\"100%\"  height=\"1445\"  scrolling=\"no\"  frameborder=\"0\"  border=\"0\"  allowtransparency=\"true\"  loading=\"lazy\"  style=\";border-width: 0px;;border: none;;width:100%;height:1445px;\" ><\/iframe><script type=\"text\/javascript\">var ifrm_advanced_iframe = document.getElementById(\"advanced_iframe\");var hiddenTabsDoneadvanced_iframe = false;\nfunction resizeCallbackadvanced_iframe() {}<\/script><script type=\"text\/javascript\"><\/script><p style=\"display:block !important; visibility:visible !important;margin: -18px 14px 0 0;padding-left: 3px;padding-top:3px;background: white; overflow: hidden; position: relative; line-height:15px;width: fit-content;\"><small style=\"display:block !important;visibility:visible !important\">powered by Advanced iFrame<\/small><\/p>[\/vc_column_text][\/vc_column][\/vc_row]<\/p>\n<\/div>","protected":false},"excerpt":{"rendered":"<p>[vc_row][vc_column width=\u00bb2\/3&#8243;][vc_column_text] El Plan Corresponsables tiene como objetivo afrontar el desaf\u00edo de dise\u00f1ar el un sistema de cuidado corresponsable para favorecer la conciliaci\u00f3n familiar y laboral al tiempo que fomenta la creaci\u00f3n de empleo. As\u00ed, el Plan Corresponsables es una pol\u00edtica que articula mecanismos para: Favorecer la conciliaci\u00f3n de las familias con ni\u00f1as, ni\u00f1os y&hellip;<\/p>\n","protected":false},"author":6,"featured_media":0,"parent":0,"menu_order":0,"comment_status":"closed","ping_status":"closed","template":"","meta":{"footnotes":""},"class_list":["post-13137","page","type-page","status-publish","hentry","description-off"],"yoast_head":"<!-- This site is optimized with the Yoast SEO plugin v25.6 - https:\/\/yoast.com\/wordpress\/plugins\/seo\/ -->\n<title>Plan Corresponsables - FAMCP<\/title>\n<meta name=\"robots\" content=\"index, follow, max-snippet:-1, max-image-preview:large, max-video-preview:-1\" \/>\n<link rel=\"canonical\" href=\"https:\/\/quint.cc\/famcp\/plan-corresponsables\/\" \/>\n<meta property=\"og:locale\" content=\"es_ES\" \/>\n<meta property=\"og:type\" content=\"article\" \/>\n<meta property=\"og:title\" content=\"Plan Corresponsables - FAMCP\" \/>\n<meta property=\"og:description\" content=\"[vc_row][vc_column width=\u00bb2\/3&#8243;][vc_column_text] El Plan Corresponsables tiene como objetivo afrontar el desaf\u00edo de dise\u00f1ar el un sistema de cuidado corresponsable para favorecer la conciliaci\u00f3n familiar y laboral al tiempo que fomenta la creaci\u00f3n de empleo. As\u00ed, el Plan Corresponsables es una pol\u00edtica que articula mecanismos para: Favorecer la conciliaci\u00f3n de las familias con ni\u00f1as, ni\u00f1os y&hellip;\" \/>\n<meta property=\"og:url\" content=\"https:\/\/quint.cc\/famcp\/plan-corresponsables\/\" \/>\n<meta property=\"og:site_name\" content=\"FAMCP\" \/>\n<meta property=\"article:modified_time\" content=\"2024-02-27T14:17:20+00:00\" \/>\n<meta property=\"og:image\" content=\"https:\/\/quint.cc\/famcp\/wp-content\/uploads\/FAMCP_horizontal__1_-removebg-preview-e1740077331491.png\" \/>\n\t<meta property=\"og:image:width\" content=\"300\" \/>\n\t<meta property=\"og:image:height\" content=\"109\" \/>\n\t<meta property=\"og:image:type\" content=\"image\/png\" \/>\n<meta name=\"twitter:card\" content=\"summary_large_image\" \/>\n<meta name=\"twitter:label1\" content=\"Tiempo de lectura\" \/>\n\t<meta name=\"twitter:data1\" content=\"2 minutos\" \/>\n<script type=\"application\/ld+json\" class=\"yoast-schema-graph\">{\"@context\":\"https:\/\/schema.org\",\"@graph\":[{\"@type\":\"WebPage\",\"@id\":\"https:\/\/quint.cc\/famcp\/plan-corresponsables\/\",\"url\":\"https:\/\/quint.cc\/famcp\/plan-corresponsables\/\",\"name\":\"Plan Corresponsables - FAMCP\",\"isPartOf\":{\"@id\":\"https:\/\/quint.cc\/famcp\/#website\"},\"datePublished\":\"2022-11-29T07:29:35+00:00\",\"dateModified\":\"2024-02-27T14:17:20+00:00\",\"breadcrumb\":{\"@id\":\"https:\/\/quint.cc\/famcp\/plan-corresponsables\/#breadcrumb\"},\"inLanguage\":\"es\",\"potentialAction\":[{\"@type\":\"ReadAction\",\"target\":[\"https:\/\/quint.cc\/famcp\/plan-corresponsables\/\"]}]},{\"@type\":\"BreadcrumbList\",\"@id\":\"https:\/\/quint.cc\/famcp\/plan-corresponsables\/#breadcrumb\",\"itemListElement\":[{\"@type\":\"ListItem\",\"position\":1,\"name\":\"Portada\",\"item\":\"https:\/\/quint.cc\/famcp\/\"},{\"@type\":\"ListItem\",\"position\":2,\"name\":\"Plan Corresponsables\"}]},{\"@type\":\"WebSite\",\"@id\":\"https:\/\/quint.cc\/famcp\/#website\",\"url\":\"https:\/\/quint.cc\/famcp\/\",\"name\":\"FAMCP\",\"description\":\"Federaci\u00f3n Aragonesa de Municipios, Comarcas y Provincias\",\"potentialAction\":[{\"@type\":\"SearchAction\",\"target\":{\"@type\":\"EntryPoint\",\"urlTemplate\":\"https:\/\/quint.cc\/famcp\/?s={search_term_string}\"},\"query-input\":{\"@type\":\"PropertyValueSpecification\",\"valueRequired\":true,\"valueName\":\"search_term_string\"}}],\"inLanguage\":\"es\"}]}<\/script>\n<!-- \/ Yoast SEO plugin. -->","yoast_head_json":{"title":"Plan Corresponsables - FAMCP","robots":{"index":"index","follow":"follow","max-snippet":"max-snippet:-1","max-image-preview":"max-image-preview:large","max-video-preview":"max-video-preview:-1"},"canonical":"https:\/\/quint.cc\/famcp\/plan-corresponsables\/","og_locale":"es_ES","og_type":"article","og_title":"Plan Corresponsables - FAMCP","og_description":"[vc_row][vc_column width=\u00bb2\/3&#8243;][vc_column_text] El Plan Corresponsables tiene como objetivo afrontar el desaf\u00edo de dise\u00f1ar el un sistema de cuidado corresponsable para favorecer la conciliaci\u00f3n familiar y laboral al tiempo que fomenta la creaci\u00f3n de empleo. As\u00ed, el Plan Corresponsables es una pol\u00edtica que articula mecanismos para: Favorecer la conciliaci\u00f3n de las familias con ni\u00f1as, ni\u00f1os y&hellip;","og_url":"https:\/\/quint.cc\/famcp\/plan-corresponsables\/","og_site_name":"FAMCP","article_modified_time":"2024-02-27T14:17:20+00:00","og_image":[{"width":300,"height":109,"url":"https:\/\/quint.cc\/famcp\/wp-content\/uploads\/FAMCP_horizontal__1_-removebg-preview-e1740077331491.png","type":"image\/png"}],"twitter_card":"summary_large_image","twitter_misc":{"Tiempo de lectura":"2 minutos"},"schema":{"@context":"https:\/\/schema.org","@graph":[{"@type":"WebPage","@id":"https:\/\/quint.cc\/famcp\/plan-corresponsables\/","url":"https:\/\/quint.cc\/famcp\/plan-corresponsables\/","name":"Plan Corresponsables - FAMCP","isPartOf":{"@id":"https:\/\/quint.cc\/famcp\/#website"},"datePublished":"2022-11-29T07:29:35+00:00","dateModified":"2024-02-27T14:17:20+00:00","breadcrumb":{"@id":"https:\/\/quint.cc\/famcp\/plan-corresponsables\/#breadcrumb"},"inLanguage":"es","potentialAction":[{"@type":"ReadAction","target":["https:\/\/quint.cc\/famcp\/plan-corresponsables\/"]}]},{"@type":"BreadcrumbList","@id":"https:\/\/quint.cc\/famcp\/plan-corresponsables\/#breadcrumb","itemListElement":[{"@type":"ListItem","position":1,"name":"Portada","item":"https:\/\/quint.cc\/famcp\/"},{"@type":"ListItem","position":2,"name":"Plan Corresponsables"}]},{"@type":"WebSite","@id":"https:\/\/quint.cc\/famcp\/#website","url":"https:\/\/quint.cc\/famcp\/","name":"FAMCP","description":"Federaci\u00f3n Aragonesa de Municipios, Comarcas y Provincias","potentialAction":[{"@type":"SearchAction","target":{"@type":"EntryPoint","urlTemplate":"https:\/\/quint.cc\/famcp\/?s={search_term_string}"},"query-input":{"@type":"PropertyValueSpecification","valueRequired":true,"valueName":"search_term_string"}}],"inLanguage":"es"}]}},"_links":{"self":[{"href":"https:\/\/quint.cc\/famcp\/wp-json\/wp\/v2\/pages\/13137","targetHints":{"allow":["GET"]}}],"collection":[{"href":"https:\/\/quint.cc\/famcp\/wp-json\/wp\/v2\/pages"}],"about":[{"href":"https:\/\/quint.cc\/famcp\/wp-json\/wp\/v2\/types\/page"}],"author":[{"embeddable":true,"href":"https:\/\/quint.cc\/famcp\/wp-json\/wp\/v2\/users\/6"}],"replies":[{"embeddable":true,"href":"https:\/\/quint.cc\/famcp\/wp-json\/wp\/v2\/comments?post=13137"}],"version-history":[{"count":43,"href":"https:\/\/quint.cc\/famcp\/wp-json\/wp\/v2\/pages\/13137\/revisions"}],"predecessor-version":[{"id":16041,"href":"https:\/\/quint.cc\/famcp\/wp-json\/wp\/v2\/pages\/13137\/revisions\/16041"}],"wp:attachment":[{"href":"https:\/\/quint.cc\/famcp\/wp-json\/wp\/v2\/media?parent=13137"}],"curies":[{"name":"wp","href":"https:\/\/api.w.org\/{rel}","templated":true}]}}