{"id":12573,"date":"2022-08-30T11:32:18","date_gmt":"2022-08-30T09:32:18","guid":{"rendered":"https:\/\/quint.cc\/famcp\/?page_id=12573"},"modified":"2022-08-30T11:41:25","modified_gmt":"2022-08-30T09:41:25","slug":"red-de-ciudades-de-la-ciencia-y-la-innovacion","status":"publish","type":"page","link":"https:\/\/quint.cc\/famcp\/red-de-ciudades-de-la-ciencia-y-la-innovacion\/","title":{"rendered":"Red de ciudades de la Ciencia y la Innovaci\u00f3n"},"content":{"rendered":"<div class=\"wpb-content-wrapper\"><p>[vc_row][vc_column][vc_single_image image=\u00bb12578&#8243; img_size=\u00bbfull\u00bb alignment=\u00bbcenter\u00bb style=\u00bbvc_box_rounded\u00bb][\/vc_column][\/vc_row][vc_row][vc_column][vc_column_text]<\/p>\n<h3><strong>RED INNPULSO<\/strong><\/h3>\n<p style=\"text-align: justify;\">Proyecto impulsado y cofinanciado por el <strong>Ministerio de Ciencia e Innovaci\u00f3n<\/strong>, es el foro de encuentro de todos aquellos ayuntamientos con la distinci\u00f3n <strong>\u00abCiudad de la Ciencia y la Innovaci\u00f3n\u00bb<\/strong> que pretenden avanzar en la definici\u00f3n y aplicaci\u00f3n de pol\u00edticas locales innovadoras.<\/p>\n<h4 style=\"text-align: justify;\">OBJETIVOS:<\/h4>\n<p style=\"text-align: justify;\">Reconocer e impulsar las actuaciones que en materia de <strong>Ciencia e Innovaci\u00f3n<\/strong> realizan las administraciones locales, propiciar la colaboraci\u00f3n entre los <strong>ayuntamientos pertenecientes a la Red<\/strong>, mejorar su potencial innovador y servir de modelo a otros Ayuntamientos para contribuir al cambio del modelo productivo hacia un <strong>modelo econ\u00f3mico y social sostenible, basado en el conocimiento y la innovaci\u00f3n.<\/strong><\/p>\n<p>&nbsp;<\/p>\n<p style=\"text-align: center;\"><strong><em>La FAMCP participa como entidad colaboradora desde este 4 de julio de 2022<\/em><\/strong><\/p>\n<p>[\/vc_column_text][\/vc_column][\/vc_row][vc_row][vc_column width=\u00bb1\/3&#8243;][\/vc_column][vc_column width=\u00bb1\/3&#8243;][vc_single_image image=\u00bb12580&#8243; img_size=\u00bbfull\u00bb alignment=\u00bbcenter\u00bb onclick=\u00bbcustom_link\u00bb img_link_target=\u00bb_blank\u00bb css_animation=\u00bbfadeInUp\u00bb link=\u00bbhttps:\/\/redinnpulso.es\/\u00bb css=\u00bb.vc_custom_1661852316336{padding-right: 20px !important;padding-left: 20px !important;border-radius: 20px !important;}\u00bb][\/vc_column][vc_column width=\u00bb1\/3&#8243;][\/vc_column][\/vc_row]<\/p>\n<\/div>","protected":false},"excerpt":{"rendered":"<p>[vc_row][vc_column][vc_single_image image=\u00bb12578&#8243; img_size=\u00bbfull\u00bb alignment=\u00bbcenter\u00bb style=\u00bbvc_box_rounded\u00bb][\/vc_column][\/vc_row][vc_row][vc_column][vc_column_text] RED INNPULSO Proyecto impulsado y cofinanciado por el Ministerio de Ciencia e Innovaci\u00f3n, es el foro de encuentro de todos aquellos ayuntamientos con la distinci\u00f3n \u00abCiudad de la Ciencia y la Innovaci\u00f3n\u00bb que pretenden avanzar en la definici\u00f3n y aplicaci\u00f3n de pol\u00edticas locales innovadoras. OBJETIVOS: Reconocer e impulsar las actuaciones&hellip;<\/p>\n","protected":false},"author":6,"featured_media":0,"parent":0,"menu_order":0,"comment_status":"closed","ping_status":"closed","template":"","meta":{"footnotes":""},"class_list":["post-12573","page","type-page","status-publish","hentry","description-off"],"yoast_head":"<!-- This site is optimized with the Yoast SEO plugin v25.6 - https:\/\/yoast.com\/wordpress\/plugins\/seo\/ -->\n<title>Red de ciudades de la Ciencia y la Innovaci\u00f3n - FAMCP<\/title>\n<meta name=\"robots\" content=\"index, follow, max-snippet:-1, max-image-preview:large, max-video-preview:-1\" \/>\n<link rel=\"canonical\" href=\"https:\/\/quint.cc\/famcp\/red-de-ciudades-de-la-ciencia-y-la-innovacion\/\" \/>\n<meta property=\"og:locale\" content=\"es_ES\" \/>\n<meta property=\"og:type\" content=\"article\" \/>\n<meta property=\"og:title\" content=\"Red de ciudades de la Ciencia y la Innovaci\u00f3n - FAMCP\" \/>\n<meta property=\"og:description\" content=\"[vc_row][vc_column][vc_single_image image=\u00bb12578&#8243; img_size=\u00bbfull\u00bb alignment=\u00bbcenter\u00bb style=\u00bbvc_box_rounded\u00bb][\/vc_column][\/vc_row][vc_row][vc_column][vc_column_text] RED INNPULSO Proyecto impulsado y cofinanciado por el Ministerio de Ciencia e Innovaci\u00f3n, es el foro de encuentro de todos aquellos ayuntamientos con la distinci\u00f3n \u00abCiudad de la Ciencia y la Innovaci\u00f3n\u00bb que pretenden avanzar en la definici\u00f3n y aplicaci\u00f3n de pol\u00edticas locales innovadoras. OBJETIVOS: Reconocer e impulsar las actuaciones&hellip;\" \/>\n<meta property=\"og:url\" content=\"https:\/\/quint.cc\/famcp\/red-de-ciudades-de-la-ciencia-y-la-innovacion\/\" \/>\n<meta property=\"og:site_name\" content=\"FAMCP\" \/>\n<meta property=\"article:modified_time\" content=\"2022-08-30T09:41:25+00:00\" \/>\n<meta property=\"og:image\" content=\"https:\/\/quint.cc\/famcp\/wp-content\/uploads\/FAMCP_horizontal__1_-removebg-preview-e1740077331491.png\" \/>\n\t<meta property=\"og:image:width\" content=\"300\" \/>\n\t<meta property=\"og:image:height\" content=\"109\" \/>\n\t<meta property=\"og:image:type\" content=\"image\/png\" \/>\n<meta name=\"twitter:card\" content=\"summary_large_image\" \/>\n<meta name=\"twitter:label1\" content=\"Tiempo de lectura\" \/>\n\t<meta name=\"twitter:data1\" content=\"1 minuto\" \/>\n<script type=\"application\/ld+json\" class=\"yoast-schema-graph\">{\"@context\":\"https:\/\/schema.org\",\"@graph\":[{\"@type\":\"WebPage\",\"@id\":\"https:\/\/quint.cc\/famcp\/red-de-ciudades-de-la-ciencia-y-la-innovacion\/\",\"url\":\"https:\/\/quint.cc\/famcp\/red-de-ciudades-de-la-ciencia-y-la-innovacion\/\",\"name\":\"Red de ciudades de la Ciencia y la Innovaci\u00f3n - FAMCP\",\"isPartOf\":{\"@id\":\"https:\/\/quint.cc\/famcp\/#website\"},\"datePublished\":\"2022-08-30T09:32:18+00:00\",\"dateModified\":\"2022-08-30T09:41:25+00:00\",\"breadcrumb\":{\"@id\":\"https:\/\/quint.cc\/famcp\/red-de-ciudades-de-la-ciencia-y-la-innovacion\/#breadcrumb\"},\"inLanguage\":\"es\",\"potentialAction\":[{\"@type\":\"ReadAction\",\"target\":[\"https:\/\/quint.cc\/famcp\/red-de-ciudades-de-la-ciencia-y-la-innovacion\/\"]}]},{\"@type\":\"BreadcrumbList\",\"@id\":\"https:\/\/quint.cc\/famcp\/red-de-ciudades-de-la-ciencia-y-la-innovacion\/#breadcrumb\",\"itemListElement\":[{\"@type\":\"ListItem\",\"position\":1,\"name\":\"Portada\",\"item\":\"https:\/\/quint.cc\/famcp\/\"},{\"@type\":\"ListItem\",\"position\":2,\"name\":\"Red de ciudades de la Ciencia y la Innovaci\u00f3n\"}]},{\"@type\":\"WebSite\",\"@id\":\"https:\/\/quint.cc\/famcp\/#website\",\"url\":\"https:\/\/quint.cc\/famcp\/\",\"name\":\"FAMCP\",\"description\":\"Federaci\u00f3n Aragonesa de Municipios, Comarcas y Provincias\",\"potentialAction\":[{\"@type\":\"SearchAction\",\"target\":{\"@type\":\"EntryPoint\",\"urlTemplate\":\"https:\/\/quint.cc\/famcp\/?s={search_term_string}\"},\"query-input\":{\"@type\":\"PropertyValueSpecification\",\"valueRequired\":true,\"valueName\":\"search_term_string\"}}],\"inLanguage\":\"es\"}]}<\/script>\n<!-- \/ Yoast SEO plugin. -->","yoast_head_json":{"title":"Red de ciudades de la Ciencia y la Innovaci\u00f3n - FAMCP","robots":{"index":"index","follow":"follow","max-snippet":"max-snippet:-1","max-image-preview":"max-image-preview:large","max-video-preview":"max-video-preview:-1"},"canonical":"https:\/\/quint.cc\/famcp\/red-de-ciudades-de-la-ciencia-y-la-innovacion\/","og_locale":"es_ES","og_type":"article","og_title":"Red de ciudades de la Ciencia y la Innovaci\u00f3n - FAMCP","og_description":"[vc_row][vc_column][vc_single_image image=\u00bb12578&#8243; img_size=\u00bbfull\u00bb alignment=\u00bbcenter\u00bb style=\u00bbvc_box_rounded\u00bb][\/vc_column][\/vc_row][vc_row][vc_column][vc_column_text] RED INNPULSO Proyecto impulsado y cofinanciado por el Ministerio de Ciencia e Innovaci\u00f3n, es el foro de encuentro de todos aquellos ayuntamientos con la distinci\u00f3n \u00abCiudad de la Ciencia y la Innovaci\u00f3n\u00bb que pretenden avanzar en la definici\u00f3n y aplicaci\u00f3n de pol\u00edticas locales innovadoras. OBJETIVOS: Reconocer e impulsar las actuaciones&hellip;","og_url":"https:\/\/quint.cc\/famcp\/red-de-ciudades-de-la-ciencia-y-la-innovacion\/","og_site_name":"FAMCP","article_modified_time":"2022-08-30T09:41:25+00:00","og_image":[{"width":300,"height":109,"url":"https:\/\/quint.cc\/famcp\/wp-content\/uploads\/FAMCP_horizontal__1_-removebg-preview-e1740077331491.png","type":"image\/png"}],"twitter_card":"summary_large_image","twitter_misc":{"Tiempo de lectura":"1 minuto"},"schema":{"@context":"https:\/\/schema.org","@graph":[{"@type":"WebPage","@id":"https:\/\/quint.cc\/famcp\/red-de-ciudades-de-la-ciencia-y-la-innovacion\/","url":"https:\/\/quint.cc\/famcp\/red-de-ciudades-de-la-ciencia-y-la-innovacion\/","name":"Red de ciudades de la Ciencia y la Innovaci\u00f3n - FAMCP","isPartOf":{"@id":"https:\/\/quint.cc\/famcp\/#website"},"datePublished":"2022-08-30T09:32:18+00:00","dateModified":"2022-08-30T09:41:25+00:00","breadcrumb":{"@id":"https:\/\/quint.cc\/famcp\/red-de-ciudades-de-la-ciencia-y-la-innovacion\/#breadcrumb"},"inLanguage":"es","potentialAction":[{"@type":"ReadAction","target":["https:\/\/quint.cc\/famcp\/red-de-ciudades-de-la-ciencia-y-la-innovacion\/"]}]},{"@type":"BreadcrumbList","@id":"https:\/\/quint.cc\/famcp\/red-de-ciudades-de-la-ciencia-y-la-innovacion\/#breadcrumb","itemListElement":[{"@type":"ListItem","position":1,"name":"Portada","item":"https:\/\/quint.cc\/famcp\/"},{"@type":"ListItem","position":2,"name":"Red de ciudades de la Ciencia y la Innovaci\u00f3n"}]},{"@type":"WebSite","@id":"https:\/\/quint.cc\/famcp\/#website","url":"https:\/\/quint.cc\/famcp\/","name":"FAMCP","description":"Federaci\u00f3n Aragonesa de Municipios, Comarcas y Provincias","potentialAction":[{"@type":"SearchAction","target":{"@type":"EntryPoint","urlTemplate":"https:\/\/quint.cc\/famcp\/?s={search_term_string}"},"query-input":{"@type":"PropertyValueSpecification","valueRequired":true,"valueName":"search_term_string"}}],"inLanguage":"es"}]}},"_links":{"self":[{"href":"https:\/\/quint.cc\/famcp\/wp-json\/wp\/v2\/pages\/12573","targetHints":{"allow":["GET"]}}],"collection":[{"href":"https:\/\/quint.cc\/famcp\/wp-json\/wp\/v2\/pages"}],"about":[{"href":"https:\/\/quint.cc\/famcp\/wp-json\/wp\/v2\/types\/page"}],"author":[{"embeddable":true,"href":"https:\/\/quint.cc\/famcp\/wp-json\/wp\/v2\/users\/6"}],"replies":[{"embeddable":true,"href":"https:\/\/quint.cc\/famcp\/wp-json\/wp\/v2\/comments?post=12573"}],"version-history":[{"count":11,"href":"https:\/\/quint.cc\/famcp\/wp-json\/wp\/v2\/pages\/12573\/revisions"}],"predecessor-version":[{"id":12587,"href":"https:\/\/quint.cc\/famcp\/wp-json\/wp\/v2\/pages\/12573\/revisions\/12587"}],"wp:attachment":[{"href":"https:\/\/quint.cc\/famcp\/wp-json\/wp\/v2\/media?parent=12573"}],"curies":[{"name":"wp","href":"https:\/\/api.w.org\/{rel}","templated":true}]}}